{"id":4860,"date":"2025-07-03T12:33:26","date_gmt":"2025-07-03T09:33:26","guid":{"rendered":"https:\/\/jnats.eu\/?post_type=product&#038;p=4860"},"modified":"2025-11-25T13:16:33","modified_gmt":"2025-11-25T11:16:33","slug":"natsuya-japoniskas-naturalus-galandinimo-akmuo-vidutinio-grudetumo","status":"publish","type":"product","link":"https:\/\/jnats.eu\/pl\/produkt-2\/natsuya-japoniskas-naturalus-galandinimo-akmuo-vidutinio-grudetumo\/","title":{"rendered":"Natsuya Japo\u0144ski naturalny kamie\u0144 do ostrzenia (\u015brednioziarnisty)"},"content":{"rendered":"<p>Natsuya to japo\u0144ski naturalny kamie\u0144 do ostrzenia pochodz\u0105cy z regionu Kioto, s\u0142yn\u0105cego ze staro\u017cytnych kopalni kamienia. Ten \u015brednioziarnisty kamie\u0144 (ok. 1000-2000 ekwiwalentu gradacji) doskonale nadaje si\u0119 do po\u015bredniego ostrzenia no\u017cy, brzytew lub narz\u0119dzi stolarskich, zapewniaj\u0105c niezwykle czyste i kontrolowane ostrzenie przed przej\u015bciem do drobniejszych kamieni.<\/p>\n\n\n\n<figure class=\"wp-block-embed is-type-video is-provider-youtube wp-block-embed-youtube wp-embed-aspect-16-9 wp-has-aspect-ratio\"><div class=\"wp-block-embed__wrapper\">\n<div class=\"video-container\"><iframe title=\"Natsuya Natural Japanese Whetstone | Test ostrzenia o \u015bredniej ziarnisto\u015bci\" width=\"1170\" height=\"658\" src=\"https:\/\/www.youtube.com\/embed\/AG_eMsnn1Wo?feature=oembed\" frameborder=\"0\" allow=\"accelerometer; autoplay; clipboard-write; encrypted-media; gyroscope; picture-in-picture; web-share\" referrerpolicy=\"strict-origin-when-cross-origin\" allowfullscreen><\/iframe><\/div>\n<\/div><\/figure>\n\n\n\n<p><strong>Cechy:<\/strong><\/p>\n\n\n\n<ul class=\"wp-block-list\">\n<li>Kamie\u0144 naturalny z regionu Kioto<\/li>\n\n\n\n<li>\u015arednia ziarnisto\u015b\u0107 (~1000\u20132000 ziarnisto\u015b\u0107)<\/li>\n\n\n\n<li>Nadaje si\u0119 do no\u017cy japo\u0144skich i zachodnich<\/li>\n\n\n\n<li>Szybko tworzy g\u0142adk\u0105 zawiesin\u0119, kt\u00f3ra u\u0142atwia ostrzenie<\/li>\n\n\n\n<li>Zr\u00f3wnowa\u017cona \u015bcieralno\u015b\u0107 \u2014 skutecznie usuwa zarysowania z szorstkiego kamienia i zaczyna tworzy\u0107 ostry i czysty profil kraw\u0119dzi<\/li>\n\n\n\n<li>Mi\u0119kka w dotyku podczas ostrzenia, zapewniaj\u0105ca doskona\u0142\u0105 kontrol\u0119<\/li>\n<\/ul>\n\n\n\n<p><strong>Zastosowanie:<\/strong><br>Zaleca si\u0119 kr\u00f3tkie namoczenie kamienia w wodzie przed u\u017cyciem lub u\u017cywanie go jako \u201emokrego\u201d kamienia ze sta\u0142ym dop\u0142ywem wody. Idealne po wst\u0119pnym ukszta\u0142towaniu ostrza i przed ostatecznym polerowaniem drobnoziarnistym kamieniem.<\/p>","protected":false},"excerpt":{"rendered":"<ul class=\"wp-block-list\">\n<li>Nadaje si\u0119 do \u015bredniego i ostatecznego ostrzenia no\u017cy, no\u017cyczek, narz\u0119dzi stolarskich i innych.<\/li>\n<li>Mo\u017cna r\u00f3wnie\u017c uzyska\u0107 przyzwoity efekt wyko\u0144czenia kaszmirowego.<\/li>\n<li>Ziarnisto\u015b\u0107 oko\u0142o 1500<\/li>\n<li>Twardo\u015b\u0107: Poziom 4<\/li>\n<li>Wydobywany w po\u0142owie ubieg\u0142ego wieku kamie\u0144 vintage charakteryzuje si\u0119 dobr\u0105 szybko\u015bci\u0105 i g\u0142adko\u015bci\u0105.<\/li>\n<li>Marka Sun Tiger The Matsuga CO. LTD<\/li>\n<li>Jedna strona jest wyg\u0142adzona i gotowa do pracy.<\/li>\n<li><strong>Prac\u0119 mo\u017cna obejrze\u0107 na poni\u017cszym filmie.<\/strong><\/li>\n<\/ul>\n<ol>\n<li>Wymiary: 217x63x781 mm Waga: 2400 g<\/li>\n<li>Wymiary: 203x68x77 mm Waga: 2600 g<\/li>\n<li>Wymiary: 211x69x78 mm Waga: 2700 g<\/li>\n<\/ol>","protected":false},"featured_media":4870,"comment_status":"open","ping_status":"closed","template":"","meta":[],"product_brand":[],"product_cat":[22],"product_tag":[300,364],"class_list":{"0":"post-4860","1":"product","2":"type-product","3":"status-publish","4":"has-post-thumbnail","6":"product_cat-jnats","7":"product_tag-medium","8":"product_tag-natsuya","9":"product_shipping_class-iprastas","11":"first","12":"instock","13":"shipping-taxable","14":"purchasable","15":"product-type-variable"},"_links":{"self":[{"href":"https:\/\/jnats.eu\/pl\/wp-json\/wp\/v2\/product\/4860","targetHints":{"allow":["GET"]}}],"collection":[{"href":"https:\/\/jnats.eu\/pl\/wp-json\/wp\/v2\/product"}],"about":[{"href":"https:\/\/jnats.eu\/pl\/wp-json\/wp\/v2\/types\/product"}],"replies":[{"embeddable":true,"href":"https:\/\/jnats.eu\/pl\/wp-json\/wp\/v2\/comments?post=4860"}],"wp:featuredmedia":[{"embeddable":true,"href":"https:\/\/jnats.eu\/pl\/wp-json\/wp\/v2\/media\/4870"}],"wp:attachment":[{"href":"https:\/\/jnats.eu\/pl\/wp-json\/wp\/v2\/media?parent=4860"}],"wp:term":[{"taxonomy":"product_brand","embeddable":true,"href":"https:\/\/jnats.eu\/pl\/wp-json\/wp\/v2\/product_brand?post=4860"},{"taxonomy":"product_cat","embeddable":true,"href":"https:\/\/jnats.eu\/pl\/wp-json\/wp\/v2\/product_cat?post=4860"},{"taxonomy":"product_tag","embeddable":true,"href":"https:\/\/jnats.eu\/pl\/wp-json\/wp\/v2\/product_tag?post=4860"}],"curies":[{"name":"wp","href":"https:\/\/api.w.org\/{rel}","templated":true}]}}