{"id":492,"date":"2024-03-07T10:55:29","date_gmt":"2024-03-07T08:55:29","guid":{"rendered":"http:\/\/jnats.eu\/?post_type=product&#038;p=492"},"modified":"2024-08-01T13:36:33","modified_gmt":"2024-08-01T10:36:33","slug":"heljestrand-eskiltuna-szwecja-zestaw-maszynki-do-golenia-na-7-dni","status":"publish","type":"product","link":"https:\/\/jnats.eu\/pl\/produkt-2\/heljestrand-eskiltuna-szwecja-zestaw-maszynki-do-golenia-na-7-dni\/","title":{"rendered":"Heljestrand Eskiltuna Szwecja Vintage Razors 7-dniowy zestaw"},"content":{"rendered":"<p>Zestaw maszynki do golenia Heljestrand Eskiltuna Szwecja na 7 dni uciele\u015bnia kunszt i wyrafinowanie, oferuj\u0105c luksusowe golenie zakorzenione w dziedzictwie i jako\u015bci. <\/p>\n\n\n\n<p>Zestaw maszynek do golenia Heljestrand Eskiltuna Szwecja na 7 dni<\/p>\n\n\n\n<p>Uwolnij uosobienie ponadczasowej elegancji i precyzji dzi\u0119ki 7-dniowemu zestawowi do golenia Heljestrand Eskiltuna Szwecja. Ka\u017cdy element tego zestawu, wykonany w renomowanych ku\u017aniach w Eskilstunie w Szwecji, s\u0142yn\u0105cej z wielowiekowej tradycji doskona\u0142ej obr\u00f3bki metali, odzwierciedla niezr\u00f3wnany kunszt i dba\u0142o\u015b\u0107 o szczeg\u00f3\u0142y.<\/p>\n\n\n\n<p>Wyj\u0105tkowy kunszt:<br>Ka\u017cda maszynka do golenia w tym zestawie zosta\u0142a starannie wykonana z najwy\u017cszej jako\u015bci stali nierdzewnej, aby zapewni\u0107 d\u0142ugotrwa\u0142\u0105 ostro\u015b\u0107 i doskona\u0142\u0105 wydajno\u015b\u0107. Ostrza s\u0105 idealnie szlifowane, co zapewnia g\u0142adkie i wygodne golenie przy ka\u017cdym poci\u0105gni\u0119ciu.<\/p>\n\n\n\n<p>Vintage elegancja:<br>Ozdobione klasycznymi wzorami i misternymi detalami, te maszynki do golenia emanuj\u0105 urokiem i wyrafinowaniem w stylu vintage. Od wygodnych uchwyt\u00f3w po precyzyjnie zaprojektowane ostrza, ka\u017cdy element \u015bwiadczy o bogatym dziedzictwie i wykwintnym kunszcie, kt\u00f3ry jest synonimem Heljestrand.<\/p>\n\n\n\n<p>Wygoda 7 dni:<br>Zaprojektowany dla wsp\u00f3\u0142czesnego d\u017centelmena, kt\u00f3ry ceni styl i funkcjonalno\u015b\u0107, ten zestaw zawiera siedem maszynek do golenia, ka\u017cda przeznaczona do konkretnego dnia tygodnia. Podejmij rytua\u0142 piel\u0119gnacji z przyjemno\u015bci\u0105, wiedz\u0105c, \u017ce masz idealne narz\u0119dzie na ka\u017cd\u0105 okazj\u0119.<\/p>\n\n\n\n<p>Dostawa luksusowa:<br>Zapakowany w eleganckie i wyrafinowane pude\u0142ko, 7-dniowy zestaw do golenia Heljestrand Eskiltuna Szwecja jest idealnym dodatkiem do ka\u017cdej kusz\u0105cej kolekcji. Niezale\u017cnie od tego, czy jest to osobisty prezent, czy przemy\u015blany prezent dla wymagaj\u0105cego d\u017centelmena, ten zestaw uciele\u015bnia luksus i wyrafinowanie.<\/p>\n\n\n\n<p>Popraw jako\u015b\u0107 golenia:<br>Ciesz si\u0119 sztuk\u0105 golenia dzi\u0119ki 7-dniowemu zestawowi do golenia Heljestrand Eskiltuna Szwecja i poznaj ponadczasowy urok szwedzkiego rzemios\u0142a. Przenie\u015b swoj\u0105 piel\u0119gnacj\u0119 na nowy poziom wyrafinowania i stylu dzi\u0119ki tej ekskluzywnej kolekcji maszynek do golenia.<\/p>\n\n\n\n<p>Zestaw do 7-dniowego golenia Heljestrand Eskiltuna Sweden to co\u015b wi\u0119cej ni\u017c tylko akcesorium do piel\u0119gnacji cia\u0142a i twarzy - to symbol wyrafinowanego smaku i bezkompromisowej jako\u015bci, kt\u00f3ry b\u0119dzie piel\u0119gnowany przez kolejne pokolenia.<\/p>\n\n\n\n<figure class=\"wp-block-embed is-type-video is-provider-youtube wp-block-embed-youtube wp-embed-aspect-16-9 wp-has-aspect-ratio\"><div class=\"wp-block-embed__wrapper\">\n<div class=\"video-container\"><iframe title=\"Heljestrand Eskiltuna Szwecja Vintage Razors 7-dniowy zestaw\" width=\"1170\" height=\"658\" src=\"https:\/\/www.youtube.com\/embed\/oYVb2hrp-h0?feature=oembed\" frameborder=\"0\" allow=\"accelerometer; autoplay; clipboard-write; encrypted-media; gyroscope; picture-in-picture; web-share\" allowfullscreen><\/iframe><\/div>\n<\/div><\/figure>","protected":false},"excerpt":{"rendered":"<ul>\n<li>Heljestrand Eskiltuna Szwecja Vintage Razors 7-dniowy zestaw<\/li>\n<li><strong>Szwedzka jest prawdopodobnie najostrzejsz\u0105 ze stali nierdzewnej, jak\u0105 mo\u017cna znale\u017a\u0107 w maszynkach do golenia<\/strong><\/li>\n<li>Uchwyty s\u0105 polimerowe<\/li>\n<li>Nieu\u017cywane (NOS - nowe, stare zapasy)<\/li>\n<li>Dobry stan<\/li>\n<li>S\u0105 oznaki korozji<\/li>\n<li>\u017badnych podzia\u0142\u00f3w i przerw<\/li>\n<li>Wymiary ostrza: 70 x 17 mm<\/li>\n<\/ul>","protected":false},"featured_media":1071,"comment_status":"open","ping_status":"closed","template":"","meta":[],"product_brand":[],"product_cat":[23],"product_tag":[114,113,115],"class_list":{"0":"post-492","1":"product","2":"type-product","3":"status-publish","4":"has-post-thumbnail","6":"product_cat-razors","7":"product_tag-eskiltuna","8":"product_tag-heljestrand","9":"product_tag-sweden","10":"product_shipping_class-light","12":"first","13":"outofstock","14":"sale","15":"shipping-taxable","16":"purchasable","17":"product-type-simple"},"_links":{"self":[{"href":"https:\/\/jnats.eu\/pl\/wp-json\/wp\/v2\/product\/492","targetHints":{"allow":["GET"]}}],"collection":[{"href":"https:\/\/jnats.eu\/pl\/wp-json\/wp\/v2\/product"}],"about":[{"href":"https:\/\/jnats.eu\/pl\/wp-json\/wp\/v2\/types\/product"}],"replies":[{"embeddable":true,"href":"https:\/\/jnats.eu\/pl\/wp-json\/wp\/v2\/comments?post=492"}],"wp:featuredmedia":[{"embeddable":true,"href":"https:\/\/jnats.eu\/pl\/wp-json\/wp\/v2\/media\/1071"}],"wp:attachment":[{"href":"https:\/\/jnats.eu\/pl\/wp-json\/wp\/v2\/media?parent=492"}],"wp:term":[{"taxonomy":"product_brand","embeddable":true,"href":"https:\/\/jnats.eu\/pl\/wp-json\/wp\/v2\/product_brand?post=492"},{"taxonomy":"product_cat","embeddable":true,"href":"https:\/\/jnats.eu\/pl\/wp-json\/wp\/v2\/product_cat?post=492"},{"taxonomy":"product_tag","embeddable":true,"href":"https:\/\/jnats.eu\/pl\/wp-json\/wp\/v2\/product_tag?post=492"}],"curies":[{"name":"wp","href":"https:\/\/api.w.org\/{rel}","templated":true}]}}