{"id":4924,"date":"2025-07-10T13:51:53","date_gmt":"2025-07-10T10:51:53","guid":{"rendered":"https:\/\/jnats.eu\/?post_type=product&#038;p=4924"},"modified":"2026-02-12T13:15:19","modified_gmt":"2026-02-12T11:15:19","slug":"hideki-ir-chobomasa-kamisori-vintaziniai-japoniski-skustuvai-naudoti","status":"publish","type":"product","link":"https:\/\/jnats.eu\/pl\/produkt-2\/hideki-ir-chobomasa-kamisori-vintaziniai-japoniski-skustuvai-naudoti\/","title":{"rendered":"Hideki i Chobomasa kamisori zabytkowe japo\u0144skie maszynki do golenia (u\u017cywane)"},"content":{"rendered":"<p>Odkryj prawdziwe mistrzostwo japo\u0144skiego golenia dzi\u0119ki&nbsp;<strong>NOS Chobomasa Kamisori<\/strong>&nbsp;\u2013 autentyczne, r\u0119cznie robione, zabytkowe japo\u0144skie brzytwy. Brzytwy te s\u0105 u\u017cywane, utrzymane w doskona\u0142ym stanie, prosto z Japonii z po\u0142owy XX wieku.<\/p>\n\n\n\n<figure class=\"wp-block-embed is-type-video is-provider-youtube wp-block-embed-youtube wp-embed-aspect-16-9 wp-has-aspect-ratio\"><div class=\"wp-block-embed__wrapper\">\n<div class=\"video-container\"><iframe title=\"Hideki i Chobomasa kamisori zabytkowe japo\u0144skie maszynki do golenia (u\u017cywane)\" width=\"1170\" height=\"658\" src=\"https:\/\/www.youtube.com\/embed\/_KzEqBvL-7M?feature=oembed\" frameborder=\"0\" allow=\"accelerometer; autoplay; clipboard-write; encrypted-media; gyroscope; picture-in-picture; web-share\" referrerpolicy=\"strict-origin-when-cross-origin\" allowfullscreen><\/iframe><\/div>\n<\/div><\/figure>\n\n\n\n<p>Gotowane w tradycyjny spos\u00f3b\u00a0<strong>kamisori<\/strong>\u00a0w kszta\u0142cie ostrzy do golenia, te maszynki do golenia wyr\u00f3\u017cniaj\u0105 si\u0119\u00a0<strong>asymetryczne ostrze<\/strong>\u00a0oraz\u00a0<strong>wysokiej jako\u015bci stal w\u0119glowa<\/strong>, gwarantuj\u0105c wyj\u0105tkow\u0105 ostro\u015b\u0107 i d\u0142ugotrwa\u0142e u\u017cytkowanie. Ka\u017cda maszynka subtelnie oddaje ducha staro\u017cytnego japo\u0144skiego rzemios\u0142a i wyj\u0105tkow\u0105 funkcjonalno\u015b\u0107.<\/p>\n\n\n\n<p><strong>Cechy:<\/strong><\/p>\n\n\n\n<ul class=\"wp-block-list\">\n<li>Autentyczny japo\u0144ski&nbsp;<strong>kamisori<\/strong>&nbsp;projekt<\/li>\n\n\n\n<li>U\u017cywany, zabytkowy<\/li>\n\n\n\n<li>Wysoka jako\u015b\u0107&nbsp;<strong>Ostrze ze stali w\u0119glowej<\/strong><\/li>\n\n\n\n<li>R\u0119czna, tradycyjna produkcja w Japonii<\/li>\n\n\n\n<li>Dla kolekcjoner\u00f3w i entuzjast\u00f3w golenia<\/li>\n<\/ul>\n\n\n\n<p><strong>1 i 2 od lewej:<\/strong><\/p>\n\n\n\n<ul class=\"wp-block-list\">\n<li>\u4e0a\u6e6f (Kamiyu)<\/li>\n\n\n\n<li>\u79c0\u8f1d (Hideki lub Sh\u016bk\u014d \u2014 w zale\u017cno\u015bci od interpretacji)<\/li>\n<\/ul>\n\n\n\n<p><strong>T\u0142umaczenie:<\/strong><\/p>\n\n\n\n<ul class=\"wp-block-list\">\n<li><strong>\u4e0a\u6e6f (Kamiyu)<\/strong> \u2013 najprawdopodobniej s\u0105 to marki lub podr\u00f3bki lokalizacji\/nazw.<\/li>\n\n\n\n<li><strong>\u79c0\u8f1d<\/strong> \u2014 imi\u0119 i nazwisko lub znak kapitana.<\/li>\n<\/ul>\n\n\n\n<p><strong>Wnioski:<\/strong> oba pierwsze kamisori zosta\u0142y wykonane przez tego samego kowala Hidekiego <strong>\u79c0\u8f1d<\/strong>, marka <strong>Kamiya<\/strong>.<\/p>\n\n\n\n<p>Wszyscy inni <strong>Chobomasa Kamisori<\/strong><\/p>","protected":false},"excerpt":{"rendered":"<ul>\n<li>Podobnie jak tradycyjny miecz samurajski, katana, te Kamisori zosta\u0142y r\u0119cznie wykute z dw\u00f3ch cz\u0119\u015bci. Cz\u0119\u015b\u0107 tn\u0105ca wykonana jest ze stali wysokow\u0119glowej, podczas gdy warstwa no\u015bna wykonana jest z prostszej stali. Warstwa stali jest twarda, podczas gdy bardziej mi\u0119kka rama zapewnia niezb\u0119dn\u0105 odporno\u015b\u0107 na z\u0142amanie.<\/li>\n<li>Wszystkie koszulki s\u0105 nieco inne, poniewa\u017c s\u0105 wykonywane r\u0119cznie.<\/li>\n<li>Waga (w przybli\u017ceniu): 35 g., <strong>1 i 2: 45 g.\u00a0<\/strong><\/li>\n<li>D\u0142ugo\u015b\u0107 ca\u0142kowita (w przybli\u017ceniu): 145 mm, <strong>1 i 2: 150 mm.\u00a0<\/strong><\/li>\n<li>Wysoko\u015b\u0107 (w przybli\u017ceniu): 18 mm, <strong>1 i 2: 21 mm.\u00a0<\/strong><\/li>\n<li>Grubo\u015b\u0107 ta\u015bmy (w przybli\u017ceniu): 6 mm<\/li>\n<li>D\u0142ugo\u015b\u0107 ostrza (w przybli\u017ceniu): 44 mm, <strong>1 i 2: 47 mm.\u00a0<\/strong><\/li>\n<li>Uchwyt wykonany jest z tektury owini\u0119tej sznurkiem.<\/li>\n<li><strong>Je\u015bli pozycja nie jest widoczna na li\u015bcie rozwijanej, oznacza to, \u017ce jest ona w wyprzeda\u017cy.<\/strong><\/li>\n<\/ul>","protected":false},"featured_media":4925,"comment_status":"open","ping_status":"closed","template":"","meta":[],"product_brand":[],"product_cat":[23],"product_tag":[322,25],"class_list":{"0":"post-4924","1":"product","2":"type-product","3":"status-publish","4":"has-post-thumbnail","6":"product_cat-razors","7":"product_tag-chobomasa","8":"product_tag-kamisori","9":"product_shipping_class-light","11":"first","12":"outofstock","13":"shipping-taxable","14":"product-type-variable"},"_links":{"self":[{"href":"https:\/\/jnats.eu\/pl\/wp-json\/wp\/v2\/product\/4924","targetHints":{"allow":["GET"]}}],"collection":[{"href":"https:\/\/jnats.eu\/pl\/wp-json\/wp\/v2\/product"}],"about":[{"href":"https:\/\/jnats.eu\/pl\/wp-json\/wp\/v2\/types\/product"}],"replies":[{"embeddable":true,"href":"https:\/\/jnats.eu\/pl\/wp-json\/wp\/v2\/comments?post=4924"}],"wp:featuredmedia":[{"embeddable":true,"href":"https:\/\/jnats.eu\/pl\/wp-json\/wp\/v2\/media\/4925"}],"wp:attachment":[{"href":"https:\/\/jnats.eu\/pl\/wp-json\/wp\/v2\/media?parent=4924"}],"wp:term":[{"taxonomy":"product_brand","embeddable":true,"href":"https:\/\/jnats.eu\/pl\/wp-json\/wp\/v2\/product_brand?post=4924"},{"taxonomy":"product_cat","embeddable":true,"href":"https:\/\/jnats.eu\/pl\/wp-json\/wp\/v2\/product_cat?post=4924"},{"taxonomy":"product_tag","embeddable":true,"href":"https:\/\/jnats.eu\/pl\/wp-json\/wp\/v2\/product_tag?post=4924"}],"curies":[{"name":"wp","href":"https:\/\/api.w.org\/{rel}","templated":true}]}}