{"id":4955,"date":"2025-07-14T08:35:58","date_gmt":"2025-07-14T05:35:58","guid":{"rendered":"https:\/\/jnats.eu\/?post_type=product&#038;p=4955"},"modified":"2025-08-02T03:24:28","modified_gmt":"2025-08-02T00:24:28","slug":"mikawa-nagura","status":"publish","type":"product","link":"https:\/\/jnats.eu\/pl\/produkt-2\/mikawa-nagura\/","title":{"rendered":"Mikawa Nagura"},"content":{"rendered":"<p>Podobnie jak inne naguro, Mikawa jest tradycyjnie u\u017cywana do tworzenia zawiesiny \u015bciernej na naturalnym kamieniu do ostrzenia. Ten rodzaj kamienia wydobywany jest w kopalni Junmikawa Shiro w dystrykcie Kitashitara w prefekturze Aichi. Znajduj\u0105ca si\u0119 tam ska\u0142a sk\u0142ada si\u0119 z 10 do 12 warstw, w zale\u017cno\u015bci od wydobywanego obszaru. Spo\u015br\u00f3d tych warstw istnieje 8 warstw u\u017cytkowych, a 4 z nich s\u0105 najbardziej popularne. W obszarach, w kt\u00f3rych znajduje si\u0119 12 warstw nadaj\u0105cych si\u0119 do eksploatacji, wyst\u0119puj\u0105 dwie r\u00f3\u017cne warstwy Tenjyo, a tak\u017ce Yae Botan i Botan, kt\u00f3re s\u0105 bardzo podobne. Podobnie jak w przypadku wszystkich japo\u0144skich kamieni naturalnych, ka\u017cdy kamie\u0144 mo\u017ce si\u0119 r\u00f3\u017cni\u0107.<\/p>\n\n\n\n<figure class=\"wp-block-embed is-type-video is-provider-youtube wp-block-embed-youtube wp-embed-aspect-16-9 wp-has-aspect-ratio\"><div class=\"wp-block-embed__wrapper\">\n<div class=\"video-container\"><iframe title=\"Japo\u0144ski naturalny kamie\u0144 Mikawa Nagura WhetStone\" width=\"1170\" height=\"658\" src=\"https:\/\/www.youtube.com\/embed\/tzTRcZVNbN0?feature=oembed\" frameborder=\"0\" allow=\"accelerometer; autoplay; clipboard-write; encrypted-media; gyroscope; picture-in-picture; web-share\" referrerpolicy=\"strict-origin-when-cross-origin\" allowfullscreen><\/iframe><\/div>\n<\/div><\/figure>","protected":false},"excerpt":{"rendered":"<ul>\n<li>Nadaje si\u0119 do tworzenia zawiesiny na twardym kamieniu i na \u015brodkowym etapie polerowania<\/li>\n<li>Twardo\u015b\u0107: Poziom 4<\/li>\n<li>Wymiary oko\u0142o: 195x47x39 mm<\/li>\n<li>Waga: 656 g.<\/li>\n<\/ul>","protected":false},"featured_media":4961,"comment_status":"open","ping_status":"closed","template":"","meta":[],"product_brand":[],"product_cat":[22],"product_tag":[153],"class_list":{"0":"post-4955","1":"product","2":"type-product","3":"status-publish","4":"has-post-thumbnail","6":"product_cat-jnats","7":"product_tag-nagura","8":"product_shipping_class-iprastas","10":"first","11":"instock","12":"shipping-taxable","13":"purchasable","14":"product-type-simple"},"_links":{"self":[{"href":"https:\/\/jnats.eu\/pl\/wp-json\/wp\/v2\/product\/4955","targetHints":{"allow":["GET"]}}],"collection":[{"href":"https:\/\/jnats.eu\/pl\/wp-json\/wp\/v2\/product"}],"about":[{"href":"https:\/\/jnats.eu\/pl\/wp-json\/wp\/v2\/types\/product"}],"replies":[{"embeddable":true,"href":"https:\/\/jnats.eu\/pl\/wp-json\/wp\/v2\/comments?post=4955"}],"wp:featuredmedia":[{"embeddable":true,"href":"https:\/\/jnats.eu\/pl\/wp-json\/wp\/v2\/media\/4961"}],"wp:attachment":[{"href":"https:\/\/jnats.eu\/pl\/wp-json\/wp\/v2\/media?parent=4955"}],"wp:term":[{"taxonomy":"product_brand","embeddable":true,"href":"https:\/\/jnats.eu\/pl\/wp-json\/wp\/v2\/product_brand?post=4955"},{"taxonomy":"product_cat","embeddable":true,"href":"https:\/\/jnats.eu\/pl\/wp-json\/wp\/v2\/product_cat?post=4955"},{"taxonomy":"product_tag","embeddable":true,"href":"https:\/\/jnats.eu\/pl\/wp-json\/wp\/v2\/product_tag?post=4955"}],"curies":[{"name":"wp","href":"https:\/\/api.w.org\/{rel}","templated":true}]}}