{"id":4962,"date":"2025-07-14T10:53:33","date_gmt":"2025-07-14T07:53:33","guid":{"rendered":"https:\/\/jnats.eu\/?post_type=product&#038;p=4962"},"modified":"2025-07-25T01:47:01","modified_gmt":"2025-07-24T22:47:01","slug":"ohira-shiro-suita","status":"publish","type":"product","link":"https:\/\/jnats.eu\/pl\/produkt-2\/ohira-shiro-suita\/","title":{"rendered":"Apartament Ohira Shiro"},"content":{"rendered":"<p><strong>Apartament Ohira Shiro<\/strong> - Jeden z najbardziej po\u017c\u0105danych naturalnych kamieni do ostrzenia w Japonii, wydobywany w legendarnej <strong>Kopalnia Ohira<\/strong> Prefektura Kioto, Japonia. Kamie\u0144 ten charakteryzuje si\u0119 bardzo drobn\u0105, jednorodn\u0105 struktur\u0105 \u015bciern\u0105, mi\u0119kko\u015bci\u0105 i kremow\u0105 konsystencj\u0105 oraz zdolno\u015bci\u0105 do tworzenia bardzo ostrych i czystych ci\u0119\u0107.<\/p>\n\n\n\n<figure class=\"wp-block-embed is-type-video is-provider-youtube wp-block-embed-youtube wp-embed-aspect-16-9 wp-has-aspect-ratio\"><div class=\"wp-block-embed__wrapper\">\n<div class=\"video-container\"><iframe title=\"Ohira Shiro Suita Test no\u017ca Yakut - stal w\u0119glowa SH15\" width=\"1170\" height=\"658\" src=\"https:\/\/www.youtube.com\/embed\/mrDqF5Y2Qvo?feature=oembed\" frameborder=\"0\" allow=\"accelerometer; autoplay; clipboard-write; encrypted-media; gyroscope; picture-in-picture; web-share\" referrerpolicy=\"strict-origin-when-cross-origin\" allowfullscreen><\/iframe><\/div>\n<\/div><\/figure>\n\n\n\n<p>S\u0142owo w tytule <strong>\"Shiro\" (\u767d)<\/strong> oznacza <em>bia\u0142y<\/em>wskazuj\u0105c ja\u015bniejszy odcie\u0144 g\u0142\u00f3wnego kamienia, oraz <strong>\"Suite\"<\/strong> opisuje rodzaj warstwowej struktury kamienia naturalnego z drobnymi liniami (<em>suji<\/em>), kt\u00f3re nie przeszkadzaj\u0105 w pracy i s\u0105 og\u00f3lnie uwa\u017cane za bezpieczne.<\/p>\n\n\n\n<hr class=\"wp-block-separator has-alpha-channel-opacity\"\/>\n\n\n\n<h3 class=\"wp-block-heading\">\ud83d\udccc <strong>Najwa\u017cniejsze cechy:<\/strong><\/h3>\n\n\n\n<ul class=\"wp-block-list\">\n<li>\u2705 <strong>Pochodzenie:<\/strong> Kopalnia Ohira, Kioto, Japonia<\/li>\n\n\n\n<li>\u2705 <strong>Rodzaj kamienia:<\/strong> Ostateczny naturalny kamie\u0144 ostrz\u0105cy (<em>Przesy\u0142ka do<\/em>)<\/li>\n\n\n\n<li>\u2705 <strong>Ziarnisto\u015b\u0107:<\/strong> Oko\u0142o 8 000-12 000 (mo\u017ce si\u0119 nieznacznie r\u00f3\u017cni\u0107 w zale\u017cno\u015bci od kamienia)<\/li>\n\n\n\n<li>\u2705 <strong>Poczucie sensu pracy:<\/strong> Mi\u0119kkie, delikatne, kremowe, doskona\u0142e opinie<\/li>\n\n\n\n<li>\u2705 <strong>Wynik ostrzenia:<\/strong> P\u00f3\u0142-lustrzana powierzchnia z subtelnym efektem \"z\u0105bkowania\" - idealna do no\u017cy kuchennych, no\u017cy do golenia, d\u0142ut, narz\u0119dzi do rze\u017abienia w drewnie<\/li>\n\n\n\n<li>\u2705 <strong>Idealny do stali nierdzewnych i wysokow\u0119glowych (niebieski #1, #2, bia\u0142y #1, #2, SH15, itp.)<\/strong><\/li>\n<\/ul>\n\n\n\n<hr class=\"wp-block-separator has-alpha-channel-opacity\"\/>\n\n\n\n<h2 class=\"wp-block-heading\">\ud83e\udea8 <strong>Informacje o kopalni Ohira<\/strong><\/h2>\n\n\n\n<p><strong>Kopalnia Ohira<\/strong> - Jedno z najs\u0142ynniejszych miejsc wydobycia naturalnych kamieni do ostrzenia w Japonii. Znajduje si\u0119 na wzg\u00f3rzach prefektury Kioto, w pobli\u017cu pasm g\u00f3rskich H\u014dzukawa i Atago, gdzie od okresu Edo (XVII wiek) wydobywane s\u0105 najwy\u017cszej jako\u015bci kamienie <em>Awasedo<\/em> kamienie.<\/p>\n\n\n\n<p>Warunki geologiczne panuj\u0105ce w tym regionie - w szczeg\u00f3lno\u015bci drobne warstwy osadowe kwarcytu, krzemionki i tlenk\u00f3w \u017celaza - pozwoli\u0142y uzyska\u0107 jedne z najczystszych, najbardziej jednorodnych i najwy\u017cszej jako\u015bci kamieni w Japonii. Ohira jest szczeg\u00f3lnie znana ze swoich <strong>Shiro Suita<\/strong>, <strong>Asagi<\/strong>, <strong>Tomasz<\/strong> kamienie, kt\u00f3re s\u0105 doceniane zar\u00f3wno przez profesjonalnych japo\u0144skich ostrzycieli no\u017cy, jak i mistrz\u00f3w ostrzenia no\u017cy do golenia.<\/p>\n\n\n\n<p>Niekt\u00f3re obszary kopalni Ohira s\u0105 obecnie zamkni\u0119te, wi\u0119c dobre stare okazy s\u0105 bardzo cenione przez kolekcjoner\u00f3w i profesjonalist\u00f3w.<\/p>\n\n\n\n<hr class=\"wp-block-separator has-alpha-channel-opacity\"\/>\n\n\n\n<h3 class=\"wp-block-heading\">\ud83c\udfaf <strong>Zalecane stosowanie:<\/strong><\/h3>\n\n\n\n<ul class=\"wp-block-list\">\n<li>Dla profesjonalnych ostrza\u0142ek do no\u017cy<\/li>\n\n\n\n<li>Do konserwacji maszynek do golenia i maszynek do strzy\u017cenia<\/li>\n\n\n\n<li>Dla kolekcjoner\u00f3w poszukuj\u0105cych najwy\u017cszej jako\u015bci japo\u0144skiego naturalnego kamienia wyko\u0144czeniowego<\/li>\n\n\n\n<li>Do no\u017cy kuchennych wymagaj\u0105cych ostrego, ale delikatnie szorstkiego ci\u0119cia bez mikrodrobin<\/li>\n<\/ul>","protected":false},"excerpt":{"rendered":"<ul>\n<li>Nadaje si\u0119 do wyka\u0144czania myszy, d\u0142ut, no\u017cyczek i innych narz\u0119dzi. Prefinish do maszynek do golenia.<\/li>\n<li>Czysty apartament bez wyczuwalnych \"toksycznych linii\"<\/li>\n<li>Twardo\u015b\u0107: Poz. 4,5<\/li>\n<li>Wymiary oko\u0142o: 198x69x26 mm<\/li>\n<li>Waga: 880 g.<\/li>\n<\/ul>","protected":false},"featured_media":4966,"comment_status":"open","ping_status":"closed","template":"","meta":[],"product_brand":[],"product_cat":[22],"product_tag":[47,50],"class_list":{"0":"post-4962","1":"product","2":"type-product","3":"status-publish","4":"has-post-thumbnail","6":"product_cat-jnats","7":"product_tag-ohira","8":"product_tag-suita","9":"product_shipping_class-iprastas","11":"first","12":"outofstock","13":"shipping-taxable","14":"purchasable","15":"product-type-simple"},"_links":{"self":[{"href":"https:\/\/jnats.eu\/pl\/wp-json\/wp\/v2\/product\/4962","targetHints":{"allow":["GET"]}}],"collection":[{"href":"https:\/\/jnats.eu\/pl\/wp-json\/wp\/v2\/product"}],"about":[{"href":"https:\/\/jnats.eu\/pl\/wp-json\/wp\/v2\/types\/product"}],"replies":[{"embeddable":true,"href":"https:\/\/jnats.eu\/pl\/wp-json\/wp\/v2\/comments?post=4962"}],"wp:featuredmedia":[{"embeddable":true,"href":"https:\/\/jnats.eu\/pl\/wp-json\/wp\/v2\/media\/4966"}],"wp:attachment":[{"href":"https:\/\/jnats.eu\/pl\/wp-json\/wp\/v2\/media?parent=4962"}],"wp:term":[{"taxonomy":"product_brand","embeddable":true,"href":"https:\/\/jnats.eu\/pl\/wp-json\/wp\/v2\/product_brand?post=4962"},{"taxonomy":"product_cat","embeddable":true,"href":"https:\/\/jnats.eu\/pl\/wp-json\/wp\/v2\/product_cat?post=4962"},{"taxonomy":"product_tag","embeddable":true,"href":"https:\/\/jnats.eu\/pl\/wp-json\/wp\/v2\/product_tag?post=4962"}],"curies":[{"name":"wp","href":"https:\/\/api.w.org\/{rel}","templated":true}]}}