{"id":4996,"date":"2025-07-21T09:56:56","date_gmt":"2025-07-21T06:56:56","guid":{"rendered":"https:\/\/jnats.eu\/?post_type=product&#038;p=4996"},"modified":"2025-10-02T19:51:09","modified_gmt":"2025-10-02T16:51:09","slug":"nos-paauksuotas-vintazinis-skustuvas-gevoso-ss-2000","status":"publish","type":"product","link":"https:\/\/jnats.eu\/pl\/produkt-2\/nos-paauksuotas-vintazinis-skustuvas-gevoso-ss-2000\/","title":{"rendered":"NOS Gilt vintage razor Gevoso SS 2000"},"content":{"rendered":"<p>Wysoka jako\u015b\u0107 vintage <em>maszynka do golenia<\/em> (maszynka do golenia), wyprodukowana w legendarnym Solingen w Niemczech. Model <strong>Gevoso SS 2000<\/strong>ostrze ze stali nierdzewnej z <strong>z poz\u0142acan\u0105 wst\u0105\u017ck\u0105<\/strong>niezwykle rzadki poziom ochrony - <strong>NOS (New Old Stock)<\/strong>, nieu\u017cywany.<\/p>\n\n\n\n<figure class=\"wp-block-embed is-type-video is-provider-youtube wp-block-embed-youtube wp-embed-aspect-16-9 wp-has-aspect-ratio\"><div class=\"wp-block-embed__wrapper\">\n<div class=\"video-container\"><iframe title=\"Poz\u0142acana brzytwa Vintage NOS Gevoso SS 2000\" width=\"1170\" height=\"658\" src=\"https:\/\/www.youtube.com\/embed\/ll1UrdPDA5Y?feature=oembed\" frameborder=\"0\" allow=\"accelerometer; autoplay; clipboard-write; encrypted-media; gyroscope; picture-in-picture; web-share\" referrerpolicy=\"strict-origin-when-cross-origin\" allowfullscreen><\/iframe><\/div>\n<\/div><\/figure>\n\n\n\n<ul class=\"wp-block-list\">\n<li><strong>Producent:<\/strong> Gevoso, Solingen, Niemcy<\/li>\n\n\n\n<li><strong>Ostrze:<\/strong> stal nierdzewna<\/li>\n\n\n\n<li><strong>Forma:<\/strong> Extra Hollow Ground (bardzo drobno zmielony)<\/li>\n\n\n\n<li><strong>Rankena:<\/strong> Teksturowany plastik ozdobiony logo Gevos<\/li>\n\n\n\n<li><strong>Dodatkowe:<\/strong> Oryginalne czerwone pude\u0142ko ze z\u0142otym nadrukiem<\/li>\n\n\n\n<li><strong>Stan:<\/strong> NOS - nieu\u017cywany, stan kolekcjonerski<\/li>\n<\/ul>","protected":false},"excerpt":{"rendered":"<ul>\n<li>NOS (New old stock) nieu\u017cywana poz\u0142acana maszynka do golenia Gevoso SS 2000 Solingen Made in Germany z pude\u0142kiem.<\/li>\n<li>Z\u0142ota pow\u0142oka jest miejscami lekko przetarta. Prosimy o uwa\u017cne obejrzenie zdj\u0119\u0107 i filmu.<\/li>\n<li>Mechanika i geometria s\u0105 nienaganne.<\/li>\n<li>Waga - 51 g<\/li>\n<li>Wymiary ostrza - 73x20x5 mm<\/li>\n<li>Extra Hollow Ground (bardzo drobno zmielony)<\/li>\n<li>Polimerowy uchwyt<\/li>\n<\/ul>","protected":false},"featured_media":5002,"comment_status":"open","ping_status":"closed","template":"","meta":[],"product_brand":[],"product_cat":[23],"product_tag":[368,55],"class_list":{"0":"post-4996","1":"product","2":"type-product","3":"status-publish","4":"has-post-thumbnail","6":"product_cat-razors","7":"product_tag-gevoso","8":"product_tag-nos","9":"product_shipping_class-light","11":"first","12":"outofstock","13":"shipping-taxable","14":"purchasable","15":"product-type-simple"},"_links":{"self":[{"href":"https:\/\/jnats.eu\/pl\/wp-json\/wp\/v2\/product\/4996","targetHints":{"allow":["GET"]}}],"collection":[{"href":"https:\/\/jnats.eu\/pl\/wp-json\/wp\/v2\/product"}],"about":[{"href":"https:\/\/jnats.eu\/pl\/wp-json\/wp\/v2\/types\/product"}],"replies":[{"embeddable":true,"href":"https:\/\/jnats.eu\/pl\/wp-json\/wp\/v2\/comments?post=4996"}],"wp:featuredmedia":[{"embeddable":true,"href":"https:\/\/jnats.eu\/pl\/wp-json\/wp\/v2\/media\/5002"}],"wp:attachment":[{"href":"https:\/\/jnats.eu\/pl\/wp-json\/wp\/v2\/media?parent=4996"}],"wp:term":[{"taxonomy":"product_brand","embeddable":true,"href":"https:\/\/jnats.eu\/pl\/wp-json\/wp\/v2\/product_brand?post=4996"},{"taxonomy":"product_cat","embeddable":true,"href":"https:\/\/jnats.eu\/pl\/wp-json\/wp\/v2\/product_cat?post=4996"},{"taxonomy":"product_tag","embeddable":true,"href":"https:\/\/jnats.eu\/pl\/wp-json\/wp\/v2\/product_tag?post=4996"}],"curies":[{"name":"wp","href":"https:\/\/api.w.org\/{rel}","templated":true}]}}