{"id":5079,"date":"2025-08-08T11:11:10","date_gmt":"2025-08-08T08:11:10","guid":{"rendered":"https:\/\/jnats.eu\/?post_type=product&#038;p=5079"},"modified":"2025-08-17T23:00:47","modified_gmt":"2025-08-17T20:00:47","slug":"apex-ulta-sefo-peilis-20cm-naudotas","status":"publish","type":"product","link":"https:\/\/jnats.eu\/pl\/produkt-2\/apex-ulta-sefo-peilis-20cm-naudotas\/","title":{"rendered":"N\u00f3\u017c szefa kuchni Apex Ulta 20 cm (u\u017cywany)"},"content":{"rendered":"<figure class=\"wp-block-embed is-type-video is-provider-youtube wp-block-embed-youtube wp-embed-aspect-16-9 wp-has-aspect-ratio\"><div class=\"wp-block-embed__wrapper\">\n<div class=\"video-container\"><iframe title=\"Yamashiro Honba Umegahata Suita vs N\u00f3\u017c szefa kuchni Apex Ultra 66 HRC\" width=\"1170\" height=\"658\" src=\"https:\/\/www.youtube.com\/embed\/OKUOUb-1hes?feature=oembed\" frameborder=\"0\" allow=\"accelerometer; autoplay; clipboard-write; encrypted-media; gyroscope; picture-in-picture; web-share\" referrerpolicy=\"strict-origin-when-cross-origin\" allowfullscreen><\/iframe><\/div>\n<\/div><\/figure>\n\n\n\n<p><strong>ApexUltra<\/strong> - to wysokiej jako\u015bci stal no\u017cowa opracowana przez Larrina Thomasa, Tobiasa Hanglera i Marco Guldimanna. Charakteryzuje si\u0119 doskona\u0142ymi w\u0142a\u015bciwo\u015bciami mechanicznymi: niezwykle wysok\u0105 twardo\u015bci\u0105 (~66 HRC), a jednocze\u015bnie niezwyk\u0142\u0105 odporno\u015bci\u0105 na p\u0119kanie (ci\u0105gliwo\u015b\u0107).<\/p>\n\n\n\n<p>Wa\u017cne funkcje obejmuj\u0105:<\/p>\n\n\n\n<ul class=\"wp-block-list\">\n<li>Wysoka czysto\u015b\u0107 i jednorodno\u015b\u0107 stali oznacza mniej punkt\u00f3w inicjacji p\u0119kni\u0119\u0107 i wi\u0119ksz\u0105 integralno\u015b\u0107.<\/li>\n\n\n\n<li>Drobne struktury i w\u0119gliki zapewniaj\u0105 lepsz\u0105 ostro\u015b\u0107 i odporno\u015b\u0107 na uszkodzenia ostrza.<\/li>\n\n\n\n<li>Doskona\u0142e po\u0142\u0105czenie utrzymania kraw\u0119dzi i odporno\u015bci na mikro\u015bcieranie.<\/li>\n\n\n\n<li>Mo\u017ce by\u0107 kuta i spawana, co czyni j\u0105 idealn\u0105 stal\u0105 na no\u017ce kulinarne wymagaj\u0105ce cienkich, ostrych ostrzy.<\/li>\n\n\n\n<li>Jest te\u017c \u0142atwa w ostrzeniu - cho\u0107 stal jest twarda, jej struktura pozwala na korzystanie z tradycyjnych ostrza\u0142ek kamiennych, nawet bez narz\u0119dzi diamentowych.<\/li>\n<\/ul>","protected":false},"excerpt":{"rendered":"<p>N\u00f3\u017c szefa kuchni 20 cm z Apex Ulta, nowoczesnej stali w\u0119glowej opracowanej specjalnie dla no\u017cy. Podatna na rdzewienie, ale tutaj problem ten zosta\u0142 cz\u0119\u015bciowo rozwi\u0105zany poprzez umieszczenie twardej warstwy pomi\u0119dzy p\u0142ytkami ze stali nierdzewnej (laminat). Ostrze zosta\u0142o wykute przez Tomasa Geliazetdinova. Hartowane bardzo mocno (66HRC). Tnie agresywnie i zachowuje ostro\u015b\u0107 przez bardzo d\u0142ugi czas. Idealny do krojenia zar\u00f3wno warzyw, jak i mi\u0119sa.<\/p>\n<p><strong>Nachylenie ostrza jest lekko wypuk\u0142e, co bardzo u\u0142atwia penetracj\u0119 i \u015blizganie si\u0119 po produkcie. Ten kszta\u0142t jest bez w\u0105tpienia najbardziej odpowiedni dla no\u017cy kuchennych, ale niestety jest bardzo rzadki ze wzgl\u0119du na z\u0142o\u017cono\u015b\u0107 produkcji.<\/strong><\/p>\n<p><!-- wp:list --><\/p>\n<ul class=\"wp-block-list\">\n<li style=\"list-style-type: none;\">\n<ul class=\"wp-block-list\"><!-- wp:list-item --><\/p>\n<li><strong>Wymiary i waga<\/strong><\/li>\n<\/ul>\n<\/li>\n<\/ul>\n<p><!-- \/wp:list-item --><\/p>\n<p><!-- wp:list-item --><\/p>\n<ul class=\"wp-block-list\">\n<li style=\"list-style-type: none;\">\n<ul class=\"wp-block-list\">\n<li>Wysoko\u015b\u0107 ostrza 55 mm<\/li>\n<\/ul>\n<\/li>\n<\/ul>\n<p><!-- \/wp:list-item --><\/p>\n<p><!-- wp:list-item --><\/p>\n<ul class=\"wp-block-list\">\n<li style=\"list-style-type: none;\">\n<ul class=\"wp-block-list\">\n<li>D\u0142ugo\u015b\u0107 ostrza 200 00<\/li>\n<\/ul>\n<\/li>\n<\/ul>\n<p><!-- \/wp:list-item --><\/p>\n<p><!-- wp:list-item --><\/p>\n<ul class=\"wp-block-list\">\n<li style=\"list-style-type: none;\">\n<ul class=\"wp-block-list\">\n<li>Grubo\u015b\u0107 ostrza 2 mm<\/li>\n<\/ul>\n<\/li>\n<\/ul>\n<p><!-- \/wp:list-item --><\/p>\n<p><!-- wp:list-item --><\/p>\n<ul class=\"wp-block-list\">\n<li style=\"list-style-type: none;\">\n<ul class=\"wp-block-list\">\n<li>D\u0142ugo\u015b\u0107 uchwytu 140 mm<\/li>\n<\/ul>\n<\/li>\n<\/ul>\n<p><!-- \/wp:list-item --><\/p>\n<p><!-- wp:list-item --><\/p>\n<ul class=\"wp-block-list\">\n<li style=\"list-style-type: none;\">\n<ul class=\"wp-block-list\">\n<li>D\u0142ugo\u015b\u0107 ca\u0142kowita 347 mm<\/li>\n<\/ul>\n<\/li>\n<\/ul>\n<p><!-- \/wp:list-item --><\/p>\n<p><!-- wp:list-item --><\/p>\n<ul class=\"wp-block-list\">\n<li style=\"list-style-type: none;\">\n<ul class=\"wp-block-list\">\n<li>Waga 208 g<\/li>\n<\/ul>\n<\/li>\n<\/ul>\n<p><!-- \/wp:list-item --><\/p>\n<p><!-- wp:list-item --><\/p>\n<ul class=\"wp-block-list\">\n<li style=\"list-style-type: none;\">\n<ul class=\"wp-block-list\">\n<li>Uchwyt: w\u0142\u00f3kno w\u0119glowe<\/li>\n<\/ul>\n<\/li>\n<\/ul>\n<p><!-- \/wp:list-item --><\/p>\n<p><!-- wp:list-item --><\/p>\n<ul class=\"wp-block-list\">\n<li style=\"list-style-type: none;\">\n<ul class=\"wp-block-list\">\n<li>Stal Apex Ultra 66HRC<\/li>\n<\/ul>\n<\/li>\n<\/ul>\n<p><!-- \/wp:list-item --><\/p>\n<p><!-- wp:list-item --><\/p>\n<ul class=\"wp-block-list\">\n<li style=\"list-style-type: none;\">\n<ul class=\"wp-block-list\">\n<li>N\u00f3\u017c jest u\u017cywany i ma kilka zadrapa\u0144 na ostrzu<\/li>\n<li>Ostrzone naturalnym kamieniem. Proces i rezultat mo\u017cna zobaczy\u0107 na poni\u017cszym filmie<\/li>\n<\/ul>\n<\/li>\n<\/ul>\n<p><!-- \/wp:list-item --><\/p>\n<p><!-- \/wp:list --><\/p>","protected":false},"featured_media":5081,"comment_status":"open","ping_status":"closed","template":"","meta":[],"product_brand":[],"product_cat":[24],"product_tag":[369,76],"class_list":{"0":"post-5079","1":"product","2":"type-product","3":"status-publish","4":"has-post-thumbnail","6":"product_cat-knifes","7":"product_tag-apex-ulta","8":"product_tag-peilis","9":"product_shipping_class-iprastas","11":"first","12":"outofstock","13":"shipping-taxable","14":"purchasable","15":"product-type-simple"},"_links":{"self":[{"href":"https:\/\/jnats.eu\/pl\/wp-json\/wp\/v2\/product\/5079","targetHints":{"allow":["GET"]}}],"collection":[{"href":"https:\/\/jnats.eu\/pl\/wp-json\/wp\/v2\/product"}],"about":[{"href":"https:\/\/jnats.eu\/pl\/wp-json\/wp\/v2\/types\/product"}],"replies":[{"embeddable":true,"href":"https:\/\/jnats.eu\/pl\/wp-json\/wp\/v2\/comments?post=5079"}],"wp:featuredmedia":[{"embeddable":true,"href":"https:\/\/jnats.eu\/pl\/wp-json\/wp\/v2\/media\/5081"}],"wp:attachment":[{"href":"https:\/\/jnats.eu\/pl\/wp-json\/wp\/v2\/media?parent=5079"}],"wp:term":[{"taxonomy":"product_brand","embeddable":true,"href":"https:\/\/jnats.eu\/pl\/wp-json\/wp\/v2\/product_brand?post=5079"},{"taxonomy":"product_cat","embeddable":true,"href":"https:\/\/jnats.eu\/pl\/wp-json\/wp\/v2\/product_cat?post=5079"},{"taxonomy":"product_tag","embeddable":true,"href":"https:\/\/jnats.eu\/pl\/wp-json\/wp\/v2\/product_tag?post=5079"}],"curies":[{"name":"wp","href":"https:\/\/api.w.org\/{rel}","templated":true}]}}