{"id":5132,"date":"2025-08-24T10:02:00","date_gmt":"2025-08-24T07:02:00","guid":{"rendered":"https:\/\/jnats.eu\/?post_type=product&#038;p=5132"},"modified":"2025-10-08T09:20:31","modified_gmt":"2025-10-08T06:20:31","slug":"peilis-nozhemir-h-165k","status":"publish","type":"product","link":"https:\/\/jnats.eu\/pl\/produkt-2\/peilis-nozhemir-h-165k\/","title":{"rendered":"N\u00f3\u017c Nozhemir H-165K"},"content":{"rendered":"<ul class=\"wp-block-list\">\n<li>Napisy s\u0105 w j\u0119zyku rosyjskim, ale pochodzi z Chin.<\/li>\n\n\n\n<li>Stal 40\u00d713<\/li>\n\n\n\n<li>Ostrze 140x30x3,7 mm Rozmiar ostrza 0,9.<\/li>\n\n\n\n<li>Uchwyt 120\u00d730 mm. Guma o mi\u0119kkiej fakturze.<\/li>\n\n\n\n<li>Waga 232 g.<\/li>\n\n\n\n<li>Na czubku znajduje si\u0119 plamka niepewnego pochodzenia, ale nie jest ona powi\u0119kszona.<\/li>\n\n\n\n<li>Nylonowe etui.<\/li>\n\n\n\n<li>Nieu\u017cywany, pokonany tylko \u0142okciami.<\/li>\n<\/ul>\n\n\n\n<figure class=\"wp-block-embed is-type-video is-provider-youtube wp-block-embed-youtube wp-embed-aspect-16-9 wp-has-aspect-ratio\"><div class=\"wp-block-embed__wrapper\">\n<div class=\"video-container\"><iframe title=\"18+ Z\u0142e no\u017ce! Tylko dla doros\u0142ych!\" width=\"1170\" height=\"658\" src=\"https:\/\/www.youtube.com\/embed\/hvFCTt9ZjFU?start=259&#038;feature=oembed\" frameborder=\"0\" allow=\"accelerometer; autoplay; clipboard-write; encrypted-media; gyroscope; picture-in-picture; web-share\" referrerpolicy=\"strict-origin-when-cross-origin\" allowfullscreen><\/iframe><\/div>\n<\/div><\/figure>","protected":false},"excerpt":{"rendered":"<p>Napisy s\u0105 w j\u0119zyku rosyjskim, ale pochodzi z Chin. Stal 40\u00d713 Ostrze 140x30x3,7 mm O\u0142\u00f3w 0,9. R\u0119koje\u015b\u0107 120\u00d730 mm. Guma o mi\u0119kkiej fakturze. Waga 232 g. Sztylet ma plam\u0119 nieznanego pochodzenia, ale si\u0119 nie rozci\u0105ga. Nylonowa pochewka. Nieu\u017cywany, naostrzony tylko \u0142okciem.<\/p>","protected":false},"featured_media":5133,"comment_status":"open","ping_status":"closed","template":"","meta":[],"product_brand":[],"product_cat":[24],"product_tag":[76],"class_list":{"0":"post-5132","1":"product","2":"type-product","3":"status-publish","4":"has-post-thumbnail","6":"product_cat-knifes","7":"product_tag-peilis","8":"product_shipping_class-light","10":"first","11":"instock","12":"shipping-taxable","13":"purchasable","14":"product-type-simple"},"_links":{"self":[{"href":"https:\/\/jnats.eu\/pl\/wp-json\/wp\/v2\/product\/5132","targetHints":{"allow":["GET"]}}],"collection":[{"href":"https:\/\/jnats.eu\/pl\/wp-json\/wp\/v2\/product"}],"about":[{"href":"https:\/\/jnats.eu\/pl\/wp-json\/wp\/v2\/types\/product"}],"replies":[{"embeddable":true,"href":"https:\/\/jnats.eu\/pl\/wp-json\/wp\/v2\/comments?post=5132"}],"wp:featuredmedia":[{"embeddable":true,"href":"https:\/\/jnats.eu\/pl\/wp-json\/wp\/v2\/media\/5133"}],"wp:attachment":[{"href":"https:\/\/jnats.eu\/pl\/wp-json\/wp\/v2\/media?parent=5132"}],"wp:term":[{"taxonomy":"product_brand","embeddable":true,"href":"https:\/\/jnats.eu\/pl\/wp-json\/wp\/v2\/product_brand?post=5132"},{"taxonomy":"product_cat","embeddable":true,"href":"https:\/\/jnats.eu\/pl\/wp-json\/wp\/v2\/product_cat?post=5132"},{"taxonomy":"product_tag","embeddable":true,"href":"https:\/\/jnats.eu\/pl\/wp-json\/wp\/v2\/product_tag?post=5132"}],"curies":[{"name":"wp","href":"https:\/\/api.w.org\/{rel}","templated":true}]}}