{"id":5145,"date":"2025-08-24T10:36:00","date_gmt":"2025-08-24T07:36:00","guid":{"rendered":"https:\/\/jnats.eu\/?post_type=product&#038;p=5145"},"modified":"2025-09-19T19:06:22","modified_gmt":"2025-09-19T16:06:22","slug":"kiniskas-peilis-columbia-cr5","status":"publish","type":"product","link":"https:\/\/jnats.eu\/pl\/produkt-2\/kiniskas-peilis-columbia-cr5\/","title":{"rendered":"Chi\u0144ski n\u00f3\u017c Columbia CR5"},"content":{"rendered":"<p>Ostrze 150+3,5 mm Rozmiar ostrza 0,66. Wkl\u0119s\u0142a wk\u0142adka.<\/p>\n\n\n\n<p>Stal 5Cr15MoV 55HRC<\/p>\n\n\n\n<p>Plastikowy uchwyt 105\u00d716 mm.<\/p>\n\n\n\n<p>Waga 207 g.<\/p>","protected":false},"excerpt":{"rendered":"<ul>\n<li>Ostrze 150+3,5 mm Rozmiar ostrza 0,66. Wkl\u0119s\u0142a wk\u0142adka.<\/li>\n<li>Stal 5Cr15MoV 55HRC<\/li>\n<li>Plastikowy uchwyt 105\u00d716 mm.<\/li>\n<li>Waga 207 g.<\/li>\n<\/ul>","protected":false},"featured_media":5150,"comment_status":"open","ping_status":"closed","template":"","meta":[],"product_brand":[],"product_cat":[24],"product_tag":[76],"class_list":{"0":"post-5145","1":"product","2":"type-product","3":"status-publish","4":"has-post-thumbnail","6":"product_cat-knifes","7":"product_tag-peilis","8":"product_shipping_class-light","10":"first","11":"instock","12":"shipping-taxable","13":"purchasable","14":"product-type-simple"},"_links":{"self":[{"href":"https:\/\/jnats.eu\/pl\/wp-json\/wp\/v2\/product\/5145","targetHints":{"allow":["GET"]}}],"collection":[{"href":"https:\/\/jnats.eu\/pl\/wp-json\/wp\/v2\/product"}],"about":[{"href":"https:\/\/jnats.eu\/pl\/wp-json\/wp\/v2\/types\/product"}],"replies":[{"embeddable":true,"href":"https:\/\/jnats.eu\/pl\/wp-json\/wp\/v2\/comments?post=5145"}],"wp:featuredmedia":[{"embeddable":true,"href":"https:\/\/jnats.eu\/pl\/wp-json\/wp\/v2\/media\/5150"}],"wp:attachment":[{"href":"https:\/\/jnats.eu\/pl\/wp-json\/wp\/v2\/media?parent=5145"}],"wp:term":[{"taxonomy":"product_brand","embeddable":true,"href":"https:\/\/jnats.eu\/pl\/wp-json\/wp\/v2\/product_brand?post=5145"},{"taxonomy":"product_cat","embeddable":true,"href":"https:\/\/jnats.eu\/pl\/wp-json\/wp\/v2\/product_cat?post=5145"},{"taxonomy":"product_tag","embeddable":true,"href":"https:\/\/jnats.eu\/pl\/wp-json\/wp\/v2\/product_tag?post=5145"}],"curies":[{"name":"wp","href":"https:\/\/api.w.org\/{rel}","templated":true}]}}