{"id":5159,"date":"2025-08-26T15:10:01","date_gmt":"2025-08-26T12:10:01","guid":{"rendered":"https:\/\/jnats.eu\/?post_type=product&#038;p=5159"},"modified":"2025-10-20T17:52:29","modified_gmt":"2025-10-20T14:52:29","slug":"iwasaki-kamisori-swedish-steel-naudotas","status":"publish","type":"product","link":"https:\/\/jnats.eu\/pl\/produkt-2\/iwasaki-kamisori-swedish-steel-naudotas\/","title":{"rendered":"Iwasaki kamisori Swedish Steel (u\u017cywany, naostrzony)"},"content":{"rendered":"<figure class=\"wp-block-embed is-type-video is-provider-youtube wp-block-embed-youtube wp-embed-aspect-16-9 wp-has-aspect-ratio\"><div class=\"wp-block-embed__wrapper\">\n<div class=\"video-container\"><iframe title=\"Ostrzenie Iwasaki Kamisori na kamieniu Nakayama Whetstone\" width=\"1170\" height=\"658\" src=\"https:\/\/www.youtube.com\/embed\/TnGyRyTGinA?start=1049&#038;feature=oembed\" frameborder=\"0\" allow=\"accelerometer; autoplay; clipboard-write; encrypted-media; gyroscope; picture-in-picture; web-share\" referrerpolicy=\"strict-origin-when-cross-origin\" allowfullscreen><\/iframe><\/div>\n<\/div><\/figure>\n\n\n\n<p>Iwasaki jest jedn\u0105 z najbardziej cenionych w\u015br\u00f3d kolekcjoner\u00f3w i entuzjast\u00f3w tradycyjnego golenia ze wzgl\u0119du na jako\u015b\u0107 hartowania stali i wykonania. Brzytwa zosta\u0142a wyprodukowana w okresie Showa, oko\u0142o lat 50-tych XX wieku. <\/p>\n\n\n\n<p>Podobnie jak tradycyjny miecz samurajski, ten Kamisori zosta\u0142 r\u0119cznie wykuty z dw\u00f3ch warstw, cz\u0119\u015b\u0107 tn\u0105ca wykonana jest ze stali bogatej w w\u0119giel, a punkt podparcia z prostszej stali nierdzewnej. \u015arodkowa warstwa jest twarda, co zapewnia d\u0142ugotrwa\u0142\u0105 ostro\u015b\u0107 i przyjemne golenie, podczas gdy pod\u0142o\u017ce zapewnia niezb\u0119dn\u0105 elastyczno\u015b\u0107.<\/p>\n\n\n\n<p>Obie warstwy s\u0105 odporne na korozj\u0119, ale \u017cadna stal nie jest ca\u0142kowicie odporna na rdz\u0119, dlatego zawsze dbaj o to, aby brzytwa by\u0142a sucha i zabezpiecz j\u0105 cienk\u0105 warstw\u0105 olejku po goleniu.<\/p>","protected":false},"excerpt":{"rendered":"<ul>\n<li>Materia\u0142 ostrza: kuta szwedzka stal hartowana do stosunkowo twardego 63 HRC, dzi\u0119ki czemu zachowuje ostro\u015b\u0107 przez d\u0142ugi czas.<\/li>\n<li>Ostrzone za pomoc\u0105 Nakayama Kiita + Kanayama strop<\/li>\n<li>Wymiary ostrza oko\u0142o: 46x17x4,5 mm<\/li>\n<li>Druga strona brzytwy z grubsza obrobiona przez amatora<\/li>\n<li>Materia\u0142 r\u0119koje\u015bci: stal kuta<\/li>\n<li>D\u0142ugo\u015b\u0107 ca\u0142kowita: 151 mm<\/li>\n<li>Waga 35 g<\/li>\n<li>Pochodzenie: Japonia<\/li>\n<\/ul>","protected":false},"featured_media":5163,"comment_status":"open","ping_status":"closed","template":"","meta":[],"product_brand":[],"product_cat":[23],"product_tag":[130],"class_list":{"0":"post-5159","1":"product","2":"type-product","3":"status-publish","4":"has-post-thumbnail","6":"product_cat-razors","7":"product_tag-iwasaki","8":"product_shipping_class-light","10":"first","11":"outofstock","12":"shipping-taxable","13":"purchasable","14":"product-type-simple"},"_links":{"self":[{"href":"https:\/\/jnats.eu\/pl\/wp-json\/wp\/v2\/product\/5159","targetHints":{"allow":["GET"]}}],"collection":[{"href":"https:\/\/jnats.eu\/pl\/wp-json\/wp\/v2\/product"}],"about":[{"href":"https:\/\/jnats.eu\/pl\/wp-json\/wp\/v2\/types\/product"}],"replies":[{"embeddable":true,"href":"https:\/\/jnats.eu\/pl\/wp-json\/wp\/v2\/comments?post=5159"}],"wp:featuredmedia":[{"embeddable":true,"href":"https:\/\/jnats.eu\/pl\/wp-json\/wp\/v2\/media\/5163"}],"wp:attachment":[{"href":"https:\/\/jnats.eu\/pl\/wp-json\/wp\/v2\/media?parent=5159"}],"wp:term":[{"taxonomy":"product_brand","embeddable":true,"href":"https:\/\/jnats.eu\/pl\/wp-json\/wp\/v2\/product_brand?post=5159"},{"taxonomy":"product_cat","embeddable":true,"href":"https:\/\/jnats.eu\/pl\/wp-json\/wp\/v2\/product_cat?post=5159"},{"taxonomy":"product_tag","embeddable":true,"href":"https:\/\/jnats.eu\/pl\/wp-json\/wp\/v2\/product_tag?post=5159"}],"curies":[{"name":"wp","href":"https:\/\/api.w.org\/{rel}","templated":true}]}}