{"id":5204,"date":"2025-09-12T11:07:37","date_gmt":"2025-09-12T08:07:37","guid":{"rendered":"https:\/\/jnats.eu\/?post_type=product&#038;p=5204"},"modified":"2025-09-16T13:13:04","modified_gmt":"2025-09-16T10:13:04","slug":"peiliu-rinkinys-suncraft-elegancia-3-vnt-sefo-peilis-20-cm-universalus-peilis-15-cm-universalus-peilis-10-cm-ksk-set3","status":"publish","type":"product","link":"https:\/\/jnats.eu\/pl\/produkt-2\/peiliu-rinkinys-suncraft-elegancia-3-vnt-sefo-peilis-20-cm-universalus-peilis-15-cm-universalus-peilis-10-cm-ksk-set3\/","title":{"rendered":"Zestaw no\u017cy Suncraft Elegancia, 3 szt., n\u00f3\u017c szefa kuchni 20 cm + n\u00f3\u017c uniwersalny 15 cm, n\u00f3\u017c uniwersalny 10 cm, KSK-SET3"},"content":{"rendered":"<p><strong>KSK-SET3 Zestaw no\u017cy Suncraft Elegancia, 3 szt., n\u00f3\u017c szefa kuchni 20 cm, n\u00f3\u017c uniwersalny 15 cm, n\u00f3\u017c uniwersalny 10 cm, KSK-SET3, stal proszkowa SG2<\/strong><\/p>\n\n\n\n<p>Ten stalowy n\u00f3\u017c\u00a0<strong>\"Elegancja\"<\/strong>\u00a0Zestaw jest idealnym prezentem dla kogo\u015b, kto kocha gotowa\u0107. Japo\u0144ska sztuka, nienaganna jako\u015b\u0107 i elegancja zachwyc\u0105 nawet najbardziej wymagaj\u0105cego szefa kuchni.<\/p>\n\n\n\n<p><strong>Zestaw zawiera:<\/strong><\/p>\n\n\n\n<p>- N\u00f3\u017c szefa kuchni \"Elegancia Chef\", 20 cm.<\/p>\n\n\n\n<p>- N\u00f3\u017c uniwersalny \"Elegancia Petty\", 15 cm.<\/p>\n\n\n\n<p>- N\u00f3\u017c uniwersalny \"Elegancia Paring\", 10 cm.<\/p>\n\n\n\n<p>Solidne, bardzo ostre i ci\u0119\u017ckie no\u017ce japo\u0144skie&nbsp;<strong>Suncraft \"Elegance\"<\/strong>&nbsp;wykonane z japo\u0144skiej stali SG2 malowanej proszkowo, o efektownym wzornictwie i najwy\u017cszej jako\u015bci. Ko\u0144c\u00f3wki i kraw\u0119dzie no\u017cy s\u0105 zw\u0119\u017cane a\u017c do samego czubka, co zapewnia tym no\u017com wszechstronno\u015b\u0107 i si\u0142\u0119 ci\u0119cia. R\u0119koje\u015b\u0107 wykonana z twardego drewna jest wodoodporna i ca\u0142kowicie bezwonna. Mo\u017cesz by\u0107 absolutnie pewien, \u017ce r\u0119koje\u015b\u0107 z twardego drewna nie utleni si\u0119 ani nie zmi\u0119knie i nie wymaga dodatkowej piel\u0119gnacji, jakiej wymaga zwyk\u0142e drewno.<\/p>\n\n\n\n<p>- N\u00f3\u017c szefa kuchni&nbsp;<strong>\"Elegancia Chef\"<\/strong>&nbsp;Jego zakrzywiona konstrukcja sprawia, \u017ce idealnie nadaje si\u0119 nie tylko do krojenia mi\u0119sa, ale tak\u017ce do siekania zi\u00f3\u0142, warzyw, a nawet orzech\u00f3w. D\u0142ugie ostrze i r\u0119koje\u015b\u0107 w zachodnim stylu zapewniaj\u0105 pe\u0142n\u0105 kontrol\u0119 podczas krojenia. Japo\u0144ska sztuka, precyzja i nowe technologie czyni\u0105 ten n\u00f3\u017c wyj\u0105tkowym i niepowtarzalnym.<\/p>\n\n\n\n<p>- Krojenie lub czyszczenie mi\u0119sa, owoc\u00f3w lub warzyw za pomoc\u0105 uniwersalnego no\u017ca japo\u0144skiego&nbsp;<strong>\"Elegance Petty\"<\/strong>&nbsp;b\u0119dzie \u017cartem.<\/p>\n\n\n\n<p>- \"<strong>Elegance Paring\"&nbsp;<\/strong>to \u015bwietna alternatywa dla no\u017ca szefa kuchni. N\u00f3\u017c jest ma\u0142y, ale idealny do siekania ma\u0142ych warzyw, obierania owoc\u00f3w, a nawet krojenia mi\u0119sa, a zakrzywione kraw\u0119dzie no\u017ca zapewniaj\u0105 doskona\u0142y po\u015blizg.<\/p>\n\n\n\n<p><strong>Cechy no\u017cy ze stali proszkowej Suncraft Elegancia:<\/strong><\/p>\n\n\n\n<p>- Wykonany z japo\u0144skiej stali nierdzewnej SG2 malowanej proszkowo;<\/p>\n\n\n\n<p>- Twardo\u015b\u0107 rdzenia - R63 +\/- 1;<\/p>\n\n\n\n<p>- Wymiary (n\u00f3\u017c szefa kuchni): d\u0142ugo\u015b\u0107 ostrza - 20 cm, d\u0142ugo\u015b\u0107 ca\u0142kowita - 34 cm.<\/p>\n\n\n\n<p>- Wymiary (n\u00f3\u017c uniwersalny): d\u0142ugo\u015b\u0107 ostrza 15 cm, d\u0142ugo\u015b\u0107 ca\u0142kowita 26 cm.<\/p>\n\n\n\n<p>- Wymiary (n\u00f3\u017c do obierania): d\u0142ugo\u015b\u0107 ostrza - 10 cm.<\/p>\n\n\n\n<p>- Waga (n\u00f3\u017c szefa kuchni): 197 g.<\/p>\n\n\n\n<p>- Waga (n\u00f3\u017c uniwersalny): 104 g.<\/p>\n\n\n\n<p>- Wyprodukowano w Japonii.<\/p>\n\n\n\n<p>- Nie mo\u017cna my\u0107 w zmywarce.<\/p>","protected":false},"excerpt":{"rendered":"<p>Zestaw zawiera:<\/p>\n<p>- N\u00f3\u017c szefa kuchni \"Elegancia Chef\", 20 cm.<\/p>\n<p>- N\u00f3\u017c uniwersalny \"Elegancia Petty\", 15 cm.<\/p>\n<p>- N\u00f3\u017c uniwersalny \"Elegancia Paring\", 10 cm.<\/p>","protected":false},"featured_media":5210,"comment_status":"open","ping_status":"closed","template":"","meta":[],"product_brand":[],"product_cat":[24],"product_tag":[76,103],"class_list":{"0":"post-5204","1":"product","2":"type-product","3":"status-publish","4":"has-post-thumbnail","6":"product_cat-knifes","7":"product_tag-peilis","8":"product_tag-suncraft","9":"product_shipping_class-iprastas","11":"first","12":"instock","13":"shipping-taxable","14":"purchasable","15":"product-type-simple"},"_links":{"self":[{"href":"https:\/\/jnats.eu\/pl\/wp-json\/wp\/v2\/product\/5204","targetHints":{"allow":["GET"]}}],"collection":[{"href":"https:\/\/jnats.eu\/pl\/wp-json\/wp\/v2\/product"}],"about":[{"href":"https:\/\/jnats.eu\/pl\/wp-json\/wp\/v2\/types\/product"}],"replies":[{"embeddable":true,"href":"https:\/\/jnats.eu\/pl\/wp-json\/wp\/v2\/comments?post=5204"}],"wp:featuredmedia":[{"embeddable":true,"href":"https:\/\/jnats.eu\/pl\/wp-json\/wp\/v2\/media\/5210"}],"wp:attachment":[{"href":"https:\/\/jnats.eu\/pl\/wp-json\/wp\/v2\/media?parent=5204"}],"wp:term":[{"taxonomy":"product_brand","embeddable":true,"href":"https:\/\/jnats.eu\/pl\/wp-json\/wp\/v2\/product_brand?post=5204"},{"taxonomy":"product_cat","embeddable":true,"href":"https:\/\/jnats.eu\/pl\/wp-json\/wp\/v2\/product_cat?post=5204"},{"taxonomy":"product_tag","embeddable":true,"href":"https:\/\/jnats.eu\/pl\/wp-json\/wp\/v2\/product_tag?post=5204"}],"curies":[{"name":"wp","href":"https:\/\/api.w.org\/{rel}","templated":true}]}}