{"id":53,"date":"2024-02-15T12:17:41","date_gmt":"2024-02-15T10:17:41","guid":{"rendered":"http:\/\/jnats.eu\/?post_type=product&#038;p=53"},"modified":"2026-01-08T23:49:56","modified_gmt":"2026-01-08T21:49:56","slug":"nos-vintage-japanese-razor-kamisori-tamahagane-eisho-%e7%8e%89%e9%8b%bc-%e6%b0%b8%e6%ad%a3","status":"publish","type":"product","link":"https:\/\/jnats.eu\/pl\/produkt-2\/nos-vintage-japanese-razor-kamisori-tamahagane-eisho-%e7%8e%89%e9%8b%bc-%e6%b0%b8%e6%ad%a3\/","title":{"rendered":"NOS Vintage japo\u0144ska maszynka do golenia Kamisori Tamahagane Eisho \u7389\u92fc \u6c38\u6b63"},"content":{"rendered":"<p>NOS (New old stock) japo\u0144ska maszynka do golenia Kamisori Tamahagane Eisho \u7389\u92fc \u6c38\u6b63.<\/p>\n\n\n\n<p>Widoczne s\u0105 \u015blady czasu i rdzy. Przyjrzyj si\u0119 uwa\u017cnie zdj\u0119ciom i filmowi.<\/p>\n\n\n\n<p>Brzytwa zosta\u0142a wyprodukowana w okresie Showa, mniej wi\u0119cej w latach 50-tych XX wieku. Jej d\u0142ugo\u015b\u0107 wynosi 14,2 cm, szeroko\u015b\u0107 1,4 cm, d\u0142ugo\u015b\u0107 kraw\u0119dzi tn\u0105cej 3,6 cm, grubo\u015b\u0107 4 mm, a waga 37,0 g. \u015aredniej wielko\u015bci kamisori o niewielkiej wadze. <\/p>\n\n\n\n<p>Podobnie jak tradycyjny miecz samurajski, ten Kamisori zosta\u0142 r\u0119cznie wykuty z 2 warstw, cz\u0119\u015b\u0107 tn\u0105ca wykonana jest ze stali wysokow\u0119glowej, a warstwa wspieraj\u0105ca z \u017celaza. To, co jest wyj\u0105tkowe w tym Kamisori, to fakt, \u017ce stal jest prawdziwym Tamahagane. Tamahagane to tradycyjna stal produkowana w Japonii od wiek\u00f3w. Poniewa\u017c Japonia nie ma du\u017cych zasob\u00f3w rudy \u017celaza, stal jest wytwarzana r\u0119cznie z piasku \u017celaznego w kilkudniowym procesie. Warstwa stali jest krucha i twarda, podczas gdy \u017celazo zapewnia odpowiedni\u0105 elastyczno\u015b\u0107. <\/p>\n\n\n\n<p>Obie warstwy nie s\u0105 nierdzewne, dlatego po goleniu maszynk\u0119 nale\u017cy zawsze utrzymywa\u0107 w stanie suchym i zabezpieczy\u0107 cienk\u0105 warstw\u0105 oleju. Dlaczego to ostrze nie jest nierdzewne? Ostrza ze stali nierdzewnej s\u0105 wykonane ze stopu, kt\u00f3ry zapobiega ich plamieniu, ale tak\u017ce sprawia, \u017ce s\u0105 mniej twarde. Stale wysokow\u0119glowe, takie jak warstwa tn\u0105ca tej \u017cyletki Kamisori, maj\u0105 znacznie wy\u017csz\u0105 twardo\u015b\u0107 i zachowuj\u0105 jako\u015b\u0107 g\u0142adkiego golenia przez znacznie d\u0142u\u017cszy czas, zanim trzeba je ponownie naostrzy\u0107.<\/p>\n\n\n\n<p>Stal Tamahagane \u7389\u92fc, legendarny i szanowany materia\u0142 w dziedzinie tradycyjnego japo\u0144skiego wytwarzania mieczy, zajmuje szczeg\u00f3lne miejsce zar\u00f3wno w sercach rzemie\u015blnik\u00f3w, jak i entuzjast\u00f3w. Znana ze swojej wyj\u0105tkowej jako\u015bci i skrupulatnego procesu tworzenia, stal Tamahagane uosabia idealne po\u0142\u0105czenie kunsztu, tradycji i funkcjonalno\u015bci. W tym artykule zag\u0142\u0119bimy si\u0119 w pochodzenie, proces produkcji i znaczenie stali Tamahagane w japo\u0144skiej kulturze.<\/p>\n\n\n\n<figure class=\"wp-block-embed is-type-video is-provider-youtube wp-block-embed-youtube wp-embed-aspect-16-9 wp-has-aspect-ratio\"><div class=\"wp-block-embed__wrapper\">\n<div class=\"video-container\"><iframe title=\"Nieu\u017cywana \u2606 Japo\u0144ska maszynka do golenia \u2606 Tamahagane Eisho\" width=\"1170\" height=\"658\" src=\"https:\/\/www.youtube.com\/embed\/9HariQcWgsI?feature=oembed\" frameborder=\"0\" allow=\"accelerometer; autoplay; clipboard-write; encrypted-media; gyroscope; picture-in-picture; web-share\" allowfullscreen><\/iframe><\/div>\n<\/div><\/figure>","protected":false},"excerpt":{"rendered":"<p>NOS (New old Stock) japo\u0144ska maszynka do golenia Kamisori Tamahagane Eisho \u7389\u92fc \u6c38\u6b63.<\/p>\n<p>Brzytwa zosta\u0142a wyprodukowana w okresie Showa, mniej wi\u0119cej w latach 50-tych XX wieku. Jej d\u0142ugo\u015b\u0107 wynosi 14,2 cm, szeroko\u015b\u0107 1,4 cm, d\u0142ugo\u015b\u0107 kraw\u0119dzi tn\u0105cej 3,6 cm, grubo\u015b\u0107 4 mm, a waga 37,0 g. \u015aredniej wielko\u015bci kamisori o niewielkiej wadze.<\/p>\n<p>&nbsp;<\/p>","protected":false},"featured_media":1108,"comment_status":"open","ping_status":"closed","template":"","meta":[],"product_brand":[],"product_cat":[23],"product_tag":[27,25,26],"class_list":{"0":"post-53","1":"product","2":"type-product","3":"status-publish","4":"has-post-thumbnail","6":"product_cat-razors","7":"product_tag-eisho","8":"product_tag-kamisori","9":"product_tag-tamahagane","10":"product_shipping_class-light","12":"first","13":"instock","14":"sale","15":"sold-individually","16":"shipping-taxable","17":"purchasable","18":"product-type-variable"},"_links":{"self":[{"href":"https:\/\/jnats.eu\/pl\/wp-json\/wp\/v2\/product\/53","targetHints":{"allow":["GET"]}}],"collection":[{"href":"https:\/\/jnats.eu\/pl\/wp-json\/wp\/v2\/product"}],"about":[{"href":"https:\/\/jnats.eu\/pl\/wp-json\/wp\/v2\/types\/product"}],"replies":[{"embeddable":true,"href":"https:\/\/jnats.eu\/pl\/wp-json\/wp\/v2\/comments?post=53"}],"wp:featuredmedia":[{"embeddable":true,"href":"https:\/\/jnats.eu\/pl\/wp-json\/wp\/v2\/media\/1108"}],"wp:attachment":[{"href":"https:\/\/jnats.eu\/pl\/wp-json\/wp\/v2\/media?parent=53"}],"wp:term":[{"taxonomy":"product_brand","embeddable":true,"href":"https:\/\/jnats.eu\/pl\/wp-json\/wp\/v2\/product_brand?post=53"},{"taxonomy":"product_cat","embeddable":true,"href":"https:\/\/jnats.eu\/pl\/wp-json\/wp\/v2\/product_cat?post=53"},{"taxonomy":"product_tag","embeddable":true,"href":"https:\/\/jnats.eu\/pl\/wp-json\/wp\/v2\/product_tag?post=53"}],"curies":[{"name":"wp","href":"https:\/\/api.w.org\/{rel}","templated":true}]}}