{"id":5311,"date":"2025-10-08T11:11:10","date_gmt":"2025-10-08T08:11:10","guid":{"rendered":"https:\/\/jnats.eu\/?post_type=product&#038;p=5311"},"modified":"2025-11-11T19:57:46","modified_gmt":"2025-11-11T17:57:46","slug":"j-a-henckels-friodur-inox-no-stain-72-klasikinis-tiesus-skustuvas-solingen-vokietija","status":"publish","type":"product","link":"https:\/\/jnats.eu\/pl\/produkt-2\/j-a-henckels-friodur-inox-no-stain-72-klasikinis-tiesus-skustuvas-solingen-vokietija\/","title":{"rendered":"J.A. Henckels Friodur Inox No Stain 72 - klasyczna maszynka do golenia (Solingen, Niemcy)"},"content":{"rendered":"<p>Wysokiej klasy maszynka do golenia od legendarnej firmy <strong>J.A. Henckels Zwillingwerk<\/strong> Warsztaty w Solingen, Niemcy. Model <strong>Friodur 72<\/strong> wykonany z <strong>Hartowana stal nierdzewna (Inox No Stain)<\/strong>o wyj\u0105tkowej odporno\u015bci na korozj\u0119 i trwa\u0142o\u015bci.<\/p>\n\n\n\n<figure class=\"wp-block-embed is-type-video is-provider-youtube wp-block-embed-youtube wp-embed-aspect-9-16 wp-has-aspect-ratio\"><div class=\"wp-block-embed__wrapper\">\n<div class=\"video-container\"><iframe title=\"J.A. Henckels Friodur Inox No Stain 72 Gold wash\" width=\"563\" height=\"1000\" src=\"https:\/\/www.youtube.com\/embed\/CQ2db5ramGI?feature=oembed\" frameborder=\"0\" allow=\"accelerometer; autoplay; clipboard-write; encrypted-media; gyroscope; picture-in-picture; web-share\" referrerpolicy=\"strict-origin-when-cross-origin\" allowfullscreen><\/iframe><\/div>\n<\/div><\/figure>\n\n\n\n<p>Dekorowana strona ostrza <strong>z oryginalnym z\u0142otym wzorem (cienka warstwa prawdziwego z\u0142ota)<\/strong>zapewniaj\u0105c charakterystyczny, klasyczny wygl\u0105d. Jest to maszynka o warto\u015bci kolekcjonerskiej i praktycznej, nadaj\u0105ca si\u0119 zar\u00f3wno do u\u017cytku, jak i ekspozycji.<\/p>\n\n\n\n<p><strong>Charakterystyka:<\/strong><\/p>\n\n\n\n<ul class=\"wp-block-list\">\n<li>\u2705 <strong>Producent:<\/strong> J.A. Henckels Zwillingwerk AG (Solingen, Niemcy)<\/li>\n\n\n\n<li>\ud83e\ude92 <strong>Model:<\/strong> Friodur Inox No Stain 72<\/li>\n\n\n\n<li>\ud83d\udd2a <strong>Ostrze:<\/strong> Stal nierdzewna, hartowanie kriogeniczne Friodur<\/li>\n\n\n\n<li>\u2728 <strong>Dekoracja:<\/strong> Oryginalny z\u0142oty wz\u00f3r (cienka warstwa prawdziwego z\u0142ota)<\/li>\n\n\n\n<li>\ud83e\uddf0 <strong>Rankena:<\/strong> Klasycznie stylizowany plastik z logo Friodur<\/li>\n\n\n\n<li>\ud83d\udce6 <strong>Opakowanie:<\/strong> Oryginalne czerwone plastikowe pude\u0142ko ze z\u0142otym logo<\/li>\n\n\n\n<li>\ud83c\udde9\ud83c\uddea <strong>Pochodzenie:<\/strong> Solingen, Niemcy<\/li>\n<\/ul>\n\n\n\n<p><strong>Cechy:<\/strong><\/p>\n\n\n\n<ul class=\"wp-block-list\">\n<li>Wyj\u0105tkowo ostra i trwa\u0142a kraw\u0119d\u017a<\/li>\n\n\n\n<li>\u0141atwa w piel\u0119gnacji stal nierdzewna<\/li>\n\n\n\n<li>Autentyczny produkt Solingen, model kolekcjonerski<\/li>\n\n\n\n<li>Idealny zar\u00f3wno dla entuzjast\u00f3w golenia, jak i kolekcjoner\u00f3w<\/li>\n<\/ul>","protected":false},"excerpt":{"rendered":"<ul>\n<li>Stal nierdzewna Inox, Friodur - hartowana na zimno<\/li>\n<li>Dekorowana strona ostrza <strong>z oryginalnym z\u0142otym wzorem (cienka warstwa prawdziwego z\u0142ota)<\/strong>,<\/li>\n<li>Polimerowy uchwyt<\/li>\n<li>Plastikowe pude\u0142ko<\/li>\n<li>Waga - 50 g<\/li>\n<li>Wymiary ostrza - 75x20x6 mm<\/li>\n<li>Maszynka nie by\u0142a u\u017cywana, ale ze wzgl\u0119du na d\u0142ugie przechowywanie pude\u0142ko ma kilka drobnych zadrapa\u0144.<\/li>\n<\/ul>","protected":false},"featured_media":5313,"comment_status":"open","ping_status":"closed","template":"","meta":[],"product_brand":[],"product_cat":[23],"product_tag":[158,156],"class_list":{"0":"post-5311","1":"product","2":"type-product","3":"status-publish","4":"has-post-thumbnail","6":"product_cat-razors","7":"product_tag-friodur","8":"product_tag-henckels","9":"product_shipping_class-light","11":"first","12":"outofstock","13":"shipping-taxable","14":"purchasable","15":"product-type-simple"},"_links":{"self":[{"href":"https:\/\/jnats.eu\/pl\/wp-json\/wp\/v2\/product\/5311","targetHints":{"allow":["GET"]}}],"collection":[{"href":"https:\/\/jnats.eu\/pl\/wp-json\/wp\/v2\/product"}],"about":[{"href":"https:\/\/jnats.eu\/pl\/wp-json\/wp\/v2\/types\/product"}],"replies":[{"embeddable":true,"href":"https:\/\/jnats.eu\/pl\/wp-json\/wp\/v2\/comments?post=5311"}],"wp:featuredmedia":[{"embeddable":true,"href":"https:\/\/jnats.eu\/pl\/wp-json\/wp\/v2\/media\/5313"}],"wp:attachment":[{"href":"https:\/\/jnats.eu\/pl\/wp-json\/wp\/v2\/media?parent=5311"}],"wp:term":[{"taxonomy":"product_brand","embeddable":true,"href":"https:\/\/jnats.eu\/pl\/wp-json\/wp\/v2\/product_brand?post=5311"},{"taxonomy":"product_cat","embeddable":true,"href":"https:\/\/jnats.eu\/pl\/wp-json\/wp\/v2\/product_cat?post=5311"},{"taxonomy":"product_tag","embeddable":true,"href":"https:\/\/jnats.eu\/pl\/wp-json\/wp\/v2\/product_tag?post=5311"}],"curies":[{"name":"wp","href":"https:\/\/api.w.org\/{rel}","templated":true}]}}