{"id":5329,"date":"2025-10-08T11:45:20","date_gmt":"2025-10-08T08:45:20","guid":{"rendered":"https:\/\/jnats.eu\/?post_type=product&#038;p=5329"},"modified":"2025-11-23T10:59:32","modified_gmt":"2025-11-23T08:59:32","slug":"ohira-uchigumori-naturalus-japoniskas-galandinimo-akmuo-%e5%86%85%e6%9b%87%e7%a0%a5","status":"publish","type":"product","link":"https:\/\/jnats.eu\/pl\/produkt-2\/ohira-uchigumori-naturalus-japoniskas-galandinimo-akmuo-%e5%86%85%e6%9b%87%e7%a0%a5\/","title":{"rendered":"Ohira Uchigumori - naturalny japo\u0144ski kamie\u0144 do ostrzenia (\u5185\u66c7\u7825)"},"content":{"rendered":"<p>Wysoka jako\u015b\u0107 <strong>Uchigumori Natural Japanese<\/strong> kamie\u0144 wydobywany ze s\u0142ynnego <strong>Ohira<\/strong> z kamienio\u0142omu w Kioto w Japonii. Kamienie te s\u0105 tradycyjnie u\u017cywane <strong>ko\u0144cowe wyka\u0144czanie i polerowanie ostrzy<\/strong>szczeg\u00f3lnie w przypadku japo\u0144skich no\u017cy kutych, mieczy i wysokiej klasy narz\u0119dzi.<\/p>\n\n\n\n<figure class=\"wp-block-embed is-type-video is-provider-youtube wp-block-embed-youtube wp-embed-aspect-16-9 wp-has-aspect-ratio\"><div class=\"wp-block-embed__wrapper\">\n<div class=\"video-container\"><iframe title=\"Kamie\u0144 Ohira Uchigumori - legendarny japo\u0144ski kamie\u0144 wyko\u0144czeniowy\" width=\"1170\" height=\"658\" src=\"https:\/\/www.youtube.com\/embed\/TtPEvr_U_To?feature=oembed\" frameborder=\"0\" allow=\"accelerometer; autoplay; clipboard-write; encrypted-media; gyroscope; picture-in-picture; web-share\" referrerpolicy=\"strict-origin-when-cross-origin\" allowfullscreen><\/iframe><\/div>\n<\/div><\/figure>\n\n\n\n<p>\"Kamienie Uchigumori s\u0105 znane ze swoich <strong>delikatne uczucie zgrzytania<\/strong> i mo\u017cliwo\u015b\u0107 tworzenia unikalnych <strong>kasumi (mg\u0142a)<\/strong> lub <strong>zamglony kontrast<\/strong> mi\u0119dzy twardsz\u0105 stal\u0105 ostrza a bardziej mi\u0119kk\u0105 stron\u0105, co jest bardzo cenione przez profesjonalnych rzemie\u015blnik\u00f3w i entuzjast\u00f3w no\u017cy.<\/p>\n\n\n\n<hr class=\"wp-block-separator has-alpha-channel-opacity\"\/>\n\n\n\n<p><strong>Charakterystyka:<\/strong><\/p>\n\n\n\n<ul class=\"wp-block-list\">\n<li>\ud83c\uddef\ud83c\uddf5 <strong>Pochodzenie:<\/strong> Ohira, prefektura Kioto, Japonia<\/li>\n\n\n\n<li>\ud83e\udea8 <strong>Typ:<\/strong> Naturalny japo\u0144ski kamie\u0144 wodny (Uchigumori - \u5185\u66c7\u7825)<\/li>\n\n\n\n<li>\ud83c\udf3f <strong>Zastosowania:<\/strong> Polerowanie ko\u0144cowe (kamie\u0144 wyko\u0144czeniowy)<\/li>\n\n\n\n<li>\u2728 <strong>Ziarnisto\u015b\u0107:<\/strong> Oko\u0142o 6000-8000+ (naturalne, nie znormalizowane)<\/li>\n\n\n\n<li>\ud83e\uddf1 <strong>Twardo\u015b\u0107:<\/strong> \u015aredni do mi\u0119kkiego (w zale\u017cno\u015bci od elementu)<\/li>\n\n\n\n<li>U\u017cywaj tylko z wod\u0105, bez oleju<\/li>\n<\/ul>\n\n\n\n<hr class=\"wp-block-separator has-alpha-channel-opacity\"\/>\n\n\n\n<p><strong>Cechy:<\/strong><\/p>\n\n\n\n<ul class=\"wp-block-list\">\n<li>Tworzy klasyczny wygl\u0105d <strong>efekt kasumi<\/strong> na japo\u0144skim ostrzu<\/li>\n\n\n\n<li>Bardzo delikatne uczucie ostrzenia, kontrolowane \u015bcieranie<\/li>\n\n\n\n<li>Odpowiedni zar\u00f3wno dla profesjonalist\u00f3w, jak i kolekcjoner\u00f3w poszukuj\u0105cych autentycznego japo\u0144skiego wyko\u0144czenia.<\/li>\n\n\n\n<li>Ka\u017cdy kamie\u0144 jest <strong>unikalny element<\/strong>o wyj\u0105tkowej teksturze i strukturze<\/li>\n<\/ul>\n\n\n\n<hr class=\"wp-block-separator has-alpha-channel-opacity\"\/>\n\n\n\n<p>\ud83d\udcdd <strong>Uwaga:<\/strong> Kamienie Uchigumori s\u0105 cz\u0119sto u\u017cywane w po\u0142\u0105czeniu z nagur\u0105 (drobniejszym kamieniem pomocniczym) w celu utworzenia warstwy szlamu, kt\u00f3ra poprawia efekt polerowania. Ze wzgl\u0119du na ich naturalny charakter, mog\u0105 by\u0107 <strong>ma\u0142e p\u0119kni\u0119cia, nawarstwienia lub naturalne wtr\u0105cenia<\/strong>nie wp\u0142ywaj\u0105ce na u\u017cytkowanie.<\/p>","protected":false},"excerpt":{"rendered":"<ul>\n<li>Nadaje si\u0119 do polerowania no\u017cy i innych narz\u0119dzi, a tak\u017ce do ostrzenia<\/li>\n<li>Wymiary i waga w przybli\u017ceniu:<\/li>\n<li>1: 205x60x56 mm. 1750 g.<\/li>\n<li>2: 204x75x45 mm. 1810 g.<\/li>\n<li>3: 208x71x57 mm. 2170 g.<\/li>\n<li>Twardo\u015b\u0107: Poziom 4. Znacznie twardszy ni\u017c klasyczny Ohira Uchigumori, bardzo przypominaj\u0105cy analogi Mizukihary.<\/li>\n<li>Powierzchnia nie jest ca\u0142kowicie g\u0142adka, tylko jej cz\u0119\u015b\u0107 jest gotowa do u\u017cycia. Na \u017cyczenie mo\u017cemy wyg\u0142adzi\u0107 ca\u0142\u0105 powierzchni\u0119, ale zmniejszy to wag\u0119 o kilkadziesi\u0105t gram\u00f3w.<\/li>\n<li><strong>Najmniejszy z nich ma \"toksyczn\u0105\" lini\u0119.<\/strong><\/li>\n<\/ul>","protected":false},"featured_media":5330,"comment_status":"open","ping_status":"closed","template":"","meta":[],"product_brand":[],"product_cat":[22],"product_tag":[47,193],"class_list":{"0":"post-5329","1":"product","2":"type-product","3":"status-publish","4":"has-post-thumbnail","6":"product_cat-jnats","7":"product_tag-ohira","8":"product_tag-uchigumori","9":"product_shipping_class-iprastas","11":"first","12":"instock","13":"shipping-taxable","14":"purchasable","15":"product-type-variable"},"_links":{"self":[{"href":"https:\/\/jnats.eu\/pl\/wp-json\/wp\/v2\/product\/5329","targetHints":{"allow":["GET"]}}],"collection":[{"href":"https:\/\/jnats.eu\/pl\/wp-json\/wp\/v2\/product"}],"about":[{"href":"https:\/\/jnats.eu\/pl\/wp-json\/wp\/v2\/types\/product"}],"replies":[{"embeddable":true,"href":"https:\/\/jnats.eu\/pl\/wp-json\/wp\/v2\/comments?post=5329"}],"wp:featuredmedia":[{"embeddable":true,"href":"https:\/\/jnats.eu\/pl\/wp-json\/wp\/v2\/media\/5330"}],"wp:attachment":[{"href":"https:\/\/jnats.eu\/pl\/wp-json\/wp\/v2\/media?parent=5329"}],"wp:term":[{"taxonomy":"product_brand","embeddable":true,"href":"https:\/\/jnats.eu\/pl\/wp-json\/wp\/v2\/product_brand?post=5329"},{"taxonomy":"product_cat","embeddable":true,"href":"https:\/\/jnats.eu\/pl\/wp-json\/wp\/v2\/product_cat?post=5329"},{"taxonomy":"product_tag","embeddable":true,"href":"https:\/\/jnats.eu\/pl\/wp-json\/wp\/v2\/product_tag?post=5329"}],"curies":[{"name":"wp","href":"https:\/\/api.w.org\/{rel}","templated":true}]}}