{"id":536,"date":"2024-03-08T10:14:09","date_gmt":"2024-03-08T08:14:09","guid":{"rendered":"http:\/\/jnats.eu\/?post_type=product&#038;p=536"},"modified":"2024-05-16T14:46:13","modified_gmt":"2024-05-16T11:46:13","slug":"cv-helejstrand-eskiltuna-sweden-le-duc-kindal-uzywana-zabytkowa-maszynka-do-golenia","status":"publish","type":"product","link":"https:\/\/jnats.eu\/pl\/produkt-2\/cv-helejstrand-eskiltuna-sweden-le-duc-kindal-uzywana-zabytkowa-maszynka-do-golenia\/","title":{"rendered":"CV Heljestrand Eskiltuna Szwecja Le Duc Kindal U\u017cywana maszynka do golenia w stylu vintage"},"content":{"rendered":"<p>CV Heljestrand Eskiltuna Szwecja Le Duc Kindal U\u017cywana zabytkowa maszynka do golenia z pude\u0142kiem. Szwedzkie maszynki do golenia s\u0105 prawdopodobnie najostrzejszymi w\u015br\u00f3d maszynek do golenia ze stali nierdzewnej.<\/p>","protected":false},"excerpt":{"rendered":"<p>CV Heljestrand Eskiltuna Szwecja Le Duc Kindal U\u017cywana zabytkowa maszynka do golenia z pude\u0142kiem. Szwedzkie maszynki do golenia s\u0105 prawdopodobnie najostrzejszymi w\u015br\u00f3d maszynek do golenia ze stali nierdzewnej.<\/p>","protected":false},"featured_media":1023,"comment_status":"open","ping_status":"closed","template":"","meta":[],"product_brand":[],"product_cat":[23],"product_tag":[127,114,128,126,115],"class_list":{"0":"post-536","1":"product","2":"type-product","3":"status-publish","4":"has-post-thumbnail","6":"product_cat-razors","7":"product_tag-c-v-helejstrand","8":"product_tag-eskiltuna","9":"product_tag-kindal","10":"product_tag-le-duc","11":"product_tag-sweden","12":"product_shipping_class-light","14":"first","15":"outofstock","16":"sale","17":"shipping-taxable","18":"purchasable","19":"product-type-simple"},"_links":{"self":[{"href":"https:\/\/jnats.eu\/pl\/wp-json\/wp\/v2\/product\/536","targetHints":{"allow":["GET"]}}],"collection":[{"href":"https:\/\/jnats.eu\/pl\/wp-json\/wp\/v2\/product"}],"about":[{"href":"https:\/\/jnats.eu\/pl\/wp-json\/wp\/v2\/types\/product"}],"replies":[{"embeddable":true,"href":"https:\/\/jnats.eu\/pl\/wp-json\/wp\/v2\/comments?post=536"}],"wp:featuredmedia":[{"embeddable":true,"href":"https:\/\/jnats.eu\/pl\/wp-json\/wp\/v2\/media\/1023"}],"wp:attachment":[{"href":"https:\/\/jnats.eu\/pl\/wp-json\/wp\/v2\/media?parent=536"}],"wp:term":[{"taxonomy":"product_brand","embeddable":true,"href":"https:\/\/jnats.eu\/pl\/wp-json\/wp\/v2\/product_brand?post=536"},{"taxonomy":"product_cat","embeddable":true,"href":"https:\/\/jnats.eu\/pl\/wp-json\/wp\/v2\/product_cat?post=536"},{"taxonomy":"product_tag","embeddable":true,"href":"https:\/\/jnats.eu\/pl\/wp-json\/wp\/v2\/product_tag?post=536"}],"curies":[{"name":"wp","href":"https:\/\/api.w.org\/{rel}","templated":true}]}}