{"id":5400,"date":"2025-11-08T11:19:38","date_gmt":"2025-11-08T09:19:38","guid":{"rendered":"https:\/\/jnats.eu\/?post_type=product&#038;p=5400"},"modified":"2025-11-21T21:34:04","modified_gmt":"2025-11-21T19:34:04","slug":"zwilling-j-a-henkels-17-friodur-inox-no-stain-solingen-germany","status":"publish","type":"product","link":"https:\/\/jnats.eu\/pl\/produkt-2\/zwilling-j-a-henkels-17-friodur-inox-no-stain-solingen-germany\/","title":{"rendered":"Zwilling J.A. Henkels 17 Friodur Inox No Stain Solingen Niemcy"},"content":{"rendered":"<p>Wysokiej klasy maszynka do golenia od legendarnej firmy <strong>J.A. Henckels Zwillingwerk<\/strong> Warsztat w Solingen, Niemcy. Najwi\u0119kszy model producenta <strong>Friodur 17<\/strong> wykonany z <strong>Hartowana stal nierdzewna (Inox No Stain)<\/strong>o wyj\u0105tkowej odporno\u015bci na korozj\u0119 i trwa\u0142o\u015bci.<\/p>\n\n\n\n<figure class=\"wp-block-embed is-type-video is-provider-youtube wp-block-embed-youtube wp-embed-aspect-9-16 wp-has-aspect-ratio\"><div class=\"wp-block-embed__wrapper\">\n<div class=\"video-container\"><iframe title=\"Najwi\u0119ksza maszynka do golenia Zwilling J.A. Henkels\" width=\"563\" height=\"1000\" src=\"https:\/\/www.youtube.com\/embed\/yCK3QmOwc5E?feature=oembed\" frameborder=\"0\" allow=\"accelerometer; autoplay; clipboard-write; encrypted-media; gyroscope; picture-in-picture; web-share\" referrerpolicy=\"strict-origin-when-cross-origin\" allowfullscreen><\/iframe><\/div>\n<\/div><\/figure>\n\n\n\n<p><strong>Charakterystyka:<\/strong><\/p>\n\n\n\n<ul class=\"wp-block-list\">\n<li>\u2705 <strong>Producent:<\/strong> J.A. Henckels Zwillingwerk AG (Solingen, Niemcy)<\/li>\n\n\n\n<li>\ud83e\ude92 <strong>Najwi\u0119kszy model producenta <strong>Friodur 17<\/strong>:<\/strong> Friodur Inox No Stain 17<\/li>\n\n\n\n<li>\ud83d\udd2a <strong>Ostrze:<\/strong> Stal nierdzewna, hartowanie kriogeniczne Friodur<\/li>\n\n\n\n<li>\ud83e\uddf0 <strong>Rankena:<\/strong> Klasycznie stylizowany plastik z logo Friodur<\/li>\n\n\n\n<li>\ud83d\udce6 <strong>Opakowanie:<\/strong> Plastikowa torba<\/li>\n\n\n\n<li>\ud83c\udde9\ud83c\uddea <strong>Pochodzenie:<\/strong> Solingen, Niemcy<\/li>\n<\/ul>\n\n\n\n<p><strong>Cechy:<\/strong><\/p>\n\n\n\n<ul class=\"wp-block-list\">\n<li>Wyj\u0105tkowo ostra i trwa\u0142a kraw\u0119d\u017a<\/li>\n\n\n\n<li>\u0141atwa w piel\u0119gnacji stal nierdzewna<\/li>\n\n\n\n<li>Autentyczny produkt Solingen, model kolekcjonerski<\/li>\n\n\n\n<li>Idealny zar\u00f3wno dla entuzjast\u00f3w golenia, jak i kolekcjoner\u00f3w<\/li>\n<\/ul>","protected":false},"excerpt":{"rendered":"<ul>\n<li>Stal nierdzewna Inox, Friodur - hartowana na zimno<\/li>\n<li>Polimerowy uchwyt, <strong>wklejony<\/strong><\/li>\n<li>Bez pude\u0142ka, tylko plastikowa torba z instrukcjami<\/li>\n<li>Waga - 63 g<\/li>\n<li>Wymiary ostrza - 75x22x6 mm<\/li>\n<li>Brzytwa wygl\u0105da na nieu\u017cywan\u0105, ale ma kilka drobnych zadrapa\u0144 spowodowanych d\u0142ugim przechowywaniem.<\/li>\n<\/ul>","protected":false},"featured_media":5402,"comment_status":"closed","ping_status":"closed","template":"","meta":[],"product_brand":[],"product_cat":[23],"product_tag":[158,132,59],"class_list":{"0":"post-5400","1":"product","2":"type-product","3":"status-publish","4":"has-post-thumbnail","6":"product_cat-razors","7":"product_tag-friodur","8":"product_tag-henkels","9":"product_tag-zwilling","10":"product_shipping_class-light","12":"first","13":"outofstock","14":"shipping-taxable","15":"purchasable","16":"product-type-simple"},"_links":{"self":[{"href":"https:\/\/jnats.eu\/pl\/wp-json\/wp\/v2\/product\/5400","targetHints":{"allow":["GET"]}}],"collection":[{"href":"https:\/\/jnats.eu\/pl\/wp-json\/wp\/v2\/product"}],"about":[{"href":"https:\/\/jnats.eu\/pl\/wp-json\/wp\/v2\/types\/product"}],"replies":[{"embeddable":true,"href":"https:\/\/jnats.eu\/pl\/wp-json\/wp\/v2\/comments?post=5400"}],"wp:featuredmedia":[{"embeddable":true,"href":"https:\/\/jnats.eu\/pl\/wp-json\/wp\/v2\/media\/5402"}],"wp:attachment":[{"href":"https:\/\/jnats.eu\/pl\/wp-json\/wp\/v2\/media?parent=5400"}],"wp:term":[{"taxonomy":"product_brand","embeddable":true,"href":"https:\/\/jnats.eu\/pl\/wp-json\/wp\/v2\/product_brand?post=5400"},{"taxonomy":"product_cat","embeddable":true,"href":"https:\/\/jnats.eu\/pl\/wp-json\/wp\/v2\/product_cat?post=5400"},{"taxonomy":"product_tag","embeddable":true,"href":"https:\/\/jnats.eu\/pl\/wp-json\/wp\/v2\/product_tag?post=5400"}],"curies":[{"name":"wp","href":"https:\/\/api.w.org\/{rel}","templated":true}]}}