{"id":5423,"date":"2025-11-10T11:50:29","date_gmt":"2025-11-10T09:50:29","guid":{"rendered":"https:\/\/jnats.eu\/?post_type=product&#038;p=5423"},"modified":"2025-11-15T19:47:51","modified_gmt":"2025-11-15T17:47:51","slug":"japoniskas-naturalus-galandimo-akmuo-shohonyama-shiroto","status":"publish","type":"product","link":"https:\/\/jnats.eu\/pl\/produkt-2\/japoniskas-naturalus-galandimo-akmuo-shohonyama-shiroto\/","title":{"rendered":"Japo\u0144ski naturalny kamie\u0144 do ostrzenia Sh\u014dhon'yama Shiroto"},"content":{"rendered":"<figure class=\"wp-block-embed is-type-video is-provider-youtube wp-block-embed-youtube wp-embed-aspect-16-9 wp-has-aspect-ratio\"><div class=\"wp-block-embed__wrapper\">\n<div class=\"video-container\"><iframe title=\"Japo\u0144skie naturalne ose\u0142ki \u015brednie: drobnoziarnista i bardzo drobnoziarnista Aizu + Sh\u014dhon&#039;yama Shiroto\" width=\"1170\" height=\"658\" src=\"https:\/\/www.youtube.com\/embed\/AUi6ntDU60U?start=301&#038;feature=oembed\" frameborder=\"0\" allow=\"accelerometer; autoplay; clipboard-write; encrypted-media; gyroscope; picture-in-picture; web-share\" referrerpolicy=\"strict-origin-when-cross-origin\" allowfullscreen><\/iframe><\/div>\n<\/div><\/figure>\n\n\n\n<p>Etykieta jest w j\u0119zyku japo\u0144skim:<\/p>\n\n\n\n<p><strong>\u6b63\u672c\u5c71\u767d\u7825<\/strong> - <em>Sh\u014dhon'yama Shiroto<\/em><br><strong>\u5408\u7825\u632f\u7279\u64b0<\/strong> - <em>Aoto-furi Tokusen<\/em><br><strong>\u5408\u7825\u5c71\u7523<\/strong> - <em>Aoto-yama san<\/em> (co oznacza \"wykopany na g\u00f3rze Aoto\")<\/p>\n\n\n\n<p>T\u0142umaczenie:<\/p>\n\n\n\n<blockquote class=\"wp-block-quote is-layout-flow wp-block-quote-is-layout-flow\">\n<p>\"Specjalnie wyselekcjonowany bia\u0142y kamie\u0144 do ostrzenia pochodz\u0105cy z g\u00f3ry Aoto\".<\/p>\n<\/blockquote>\n\n\n\n<p>Jest to japo\u0144ski naturalny kamie\u0144 do ostrzenia <strong>Sh\u014dhon'yama Shiroto<\/strong>tj. \"autentyczny bia\u0142y kamie\u0144 z Sh\u014dhon'yama\". \"Tokusen\" (\u7279\u64b0) wskazuje, \u017ce jest to <strong>wysokiej jako\u015bci, specjalnie wyselekcjonowane<\/strong> kopie.<\/p>","protected":false},"excerpt":{"rendered":"<ul class=\"wp-block-list\">\n<li>Japo\u0144ski naturalny kamie\u0144 ostrz\u0105cy o \u015bredniej ziarnisto\u015bci <strong>Sh\u014dhon'yama Shiroto<\/strong>. \"Tokusen\" (\u7279\u64b0) wskazuje, \u017ce jest to <strong>wysokiej jako\u015bci, specjalnie wyselekcjonowane<\/strong> kopie.<\/li>\n<li>Nadaje si\u0119 do \u015bredniego i ostatecznego ostrzenia no\u017cy, no\u017cyczek, narz\u0119dzi stolarskich i innych.<\/li>\n<li>Wymiary: drobne 203x49x68 mm<\/li>\n<li>Waga: 1680 g.<\/li>\n<li>Ziarnisto\u015b\u0107 oko\u0142o 2000<\/li>\n<li>Twardo\u015b\u0107: Poz. 4,5<\/li>\n<li>Wydobywany w po\u0142owie ubieg\u0142ego wieku kamie\u0144 vintage charakteryzuje si\u0119 dobr\u0105 szybko\u015bci\u0105 i g\u0142adko\u015bci\u0105.<\/li>\n<li>Wszystkie strony s\u0105 wyr\u00f3wnane i gotowe do pracy.<\/li>\n<li><strong>Prac\u0119 mo\u017cna obejrze\u0107 na poni\u017cszym filmie.<\/strong><\/li>\n<\/ul>","protected":false},"featured_media":5428,"comment_status":"closed","ping_status":"closed","template":"","meta":[],"product_brand":[],"product_cat":[22],"product_tag":[363,375],"class_list":{"0":"post-5423","1":"product","2":"type-product","3":"status-publish","4":"has-post-thumbnail","6":"product_cat-jnats","7":"product_tag-nakatoishi","8":"product_tag-shiroto","9":"product_shipping_class-iprastas","11":"first","12":"outofstock","13":"shipping-taxable","14":"purchasable","15":"product-type-simple"},"_links":{"self":[{"href":"https:\/\/jnats.eu\/pl\/wp-json\/wp\/v2\/product\/5423","targetHints":{"allow":["GET"]}}],"collection":[{"href":"https:\/\/jnats.eu\/pl\/wp-json\/wp\/v2\/product"}],"about":[{"href":"https:\/\/jnats.eu\/pl\/wp-json\/wp\/v2\/types\/product"}],"replies":[{"embeddable":true,"href":"https:\/\/jnats.eu\/pl\/wp-json\/wp\/v2\/comments?post=5423"}],"wp:featuredmedia":[{"embeddable":true,"href":"https:\/\/jnats.eu\/pl\/wp-json\/wp\/v2\/media\/5428"}],"wp:attachment":[{"href":"https:\/\/jnats.eu\/pl\/wp-json\/wp\/v2\/media?parent=5423"}],"wp:term":[{"taxonomy":"product_brand","embeddable":true,"href":"https:\/\/jnats.eu\/pl\/wp-json\/wp\/v2\/product_brand?post=5423"},{"taxonomy":"product_cat","embeddable":true,"href":"https:\/\/jnats.eu\/pl\/wp-json\/wp\/v2\/product_cat?post=5423"},{"taxonomy":"product_tag","embeddable":true,"href":"https:\/\/jnats.eu\/pl\/wp-json\/wp\/v2\/product_tag?post=5423"}],"curies":[{"name":"wp","href":"https:\/\/api.w.org\/{rel}","templated":true}]}}