{"id":5604,"date":"2026-01-13T11:20:28","date_gmt":"2026-01-13T09:20:28","guid":{"rendered":"https:\/\/jnats.eu\/?post_type=product&#038;p=5604"},"modified":"2026-01-31T19:37:32","modified_gmt":"2026-01-31T17:37:32","slug":"h-diamond-extra-steel-for-barbersuse-first-quality-naudoti-japoniski-skustuvai","status":"publish","type":"product","link":"https:\/\/jnats.eu\/pl\/produkt-2\/h-diamond-extra-steel-for-barbersuse-first-quality-naudoti-japoniski-skustuvai\/","title":{"rendered":"H.Diamond Extra Steel For Barbers'Use Najwy\u017cszej jako\u015bci japo\u0144skie maszynki do golenia"},"content":{"rendered":"<figure class=\"wp-block-embed is-type-video is-provider-youtube wp-block-embed-youtube wp-embed-aspect-9-16 wp-has-aspect-ratio\"><div class=\"wp-block-embed__wrapper\">\n<div class=\"video-container\"><iframe title=\"Vintage H. Diamond Extra Steel Razors - do u\u017cytku przez fryzjer\u00f3w \ud83d\udd2a\u2728\" width=\"563\" height=\"1000\" src=\"https:\/\/www.youtube.com\/embed\/AnMmGvvxNtQ?feature=oembed\" frameborder=\"0\" allow=\"accelerometer; autoplay; clipboard-write; encrypted-media; gyroscope; picture-in-picture; web-share\" referrerpolicy=\"strict-origin-when-cross-origin\" allowfullscreen><\/iframe><\/div>\n<\/div><\/figure>\n\n\n\n<p>Orygina\u0142 <strong>H. Diamond Extra Steel<\/strong> proste maszynki do profesjonalnego golenia zarostu.<\/p>\n\n\n\n<p>Brzytwy <strong>U\u017cycie<\/strong>, ale <strong>w dobrym stanie<\/strong>. Korozja powierzchni ostrza zosta\u0142a dok\u0142adnie usuni\u0119ta <strong>wyczyszczone drobnym papierem \u015bciernym i wypolerowane past\u0105 diamentow\u0105<\/strong>, Metal jest czysty, bez aktywnych uszkodze\u0144 spowodowanych rdz\u0105. Geometria nienaruszona.<\/p>\n\n\n\n<p><strong>O\u015b:<\/strong> Extra Steel, \u201eDo u\u017cytku przez fryzjer\u00f3w\u2019, \u201cPierwsza jako\u015b\u0107\u201e<br><strong>Stan:<\/strong> u\u017cywana, usuni\u0119ta korozja, gotowa do ostrzenia<br><strong>Uchwyty:<\/strong> oryginalne, w dobrym stanie, bez p\u0119kni\u0119\u0107<br><strong>Autentyczno\u015b\u0107:<\/strong> orygina\u0142, wyprodukowany w Japonii w po\u0142owie ubieg\u0142ego wieku.<\/p>\n\n\n\n<p>Idealny zar\u00f3wno dla <strong>do golenia<\/strong>, oba <strong>dla kolektora<\/strong>, dla tych, kt\u00f3rzy ceni\u0105 sobie klasyczne narz\u0119dzia do przycinania brody.<\/p>","protected":false},"excerpt":{"rendered":"<ol>\n<li>H.Diamond 50<\/li>\n<li>H.Diamond 50<\/li>\n<li>H.Diamond 40<\/li>\n<li>H.Diamond 40<\/li>\n<li>H.Diamond 74<\/li>\n<\/ol>\n<p>&nbsp;<\/p>\n<ul>\n<li><strong>O\u015b:<\/strong> Extra Steel, \u201eDo u\u017cytku przez fryzjer\u00f3w\u2019, \u201cPierwsza jako\u015b\u0107\u201e<\/li>\n<li><strong>Wymiary ostrza<\/strong> oko\u0142o 75x20x5 mm<\/li>\n<li><strong>Waga<\/strong> oko\u0142o 50 g.<\/li>\n<li><strong>Stan:<\/strong> u\u017cywana, usuni\u0119ta korozja, gotowa do ostrzenia<\/li>\n<li><strong>Uchwyty:<\/strong> oryginalne, w dobrym stanie, bez p\u0119kni\u0119\u0107<\/li>\n<li><strong>Autentyczno\u015b\u0107:<\/strong> orygina\u0142, wyprodukowany w Japonii w po\u0142owie ubieg\u0142ego wieku.<\/li>\n<\/ul>","protected":false},"featured_media":5613,"comment_status":"closed","ping_status":"closed","template":"","meta":[],"product_brand":[],"product_cat":[23],"product_tag":[206,160],"class_list":{"0":"post-5604","1":"product","2":"type-product","3":"status-publish","4":"has-post-thumbnail","6":"product_cat-razors","7":"product_tag-h-diamond","8":"product_tag-skustuvai","9":"product_shipping_class-light","11":"first","12":"outofstock","13":"shipping-taxable","14":"product-type-variable"},"_links":{"self":[{"href":"https:\/\/jnats.eu\/pl\/wp-json\/wp\/v2\/product\/5604","targetHints":{"allow":["GET"]}}],"collection":[{"href":"https:\/\/jnats.eu\/pl\/wp-json\/wp\/v2\/product"}],"about":[{"href":"https:\/\/jnats.eu\/pl\/wp-json\/wp\/v2\/types\/product"}],"replies":[{"embeddable":true,"href":"https:\/\/jnats.eu\/pl\/wp-json\/wp\/v2\/comments?post=5604"}],"wp:featuredmedia":[{"embeddable":true,"href":"https:\/\/jnats.eu\/pl\/wp-json\/wp\/v2\/media\/5613"}],"wp:attachment":[{"href":"https:\/\/jnats.eu\/pl\/wp-json\/wp\/v2\/media?parent=5604"}],"wp:term":[{"taxonomy":"product_brand","embeddable":true,"href":"https:\/\/jnats.eu\/pl\/wp-json\/wp\/v2\/product_brand?post=5604"},{"taxonomy":"product_cat","embeddable":true,"href":"https:\/\/jnats.eu\/pl\/wp-json\/wp\/v2\/product_cat?post=5604"},{"taxonomy":"product_tag","embeddable":true,"href":"https:\/\/jnats.eu\/pl\/wp-json\/wp\/v2\/product_tag?post=5604"}],"curies":[{"name":"wp","href":"https:\/\/api.w.org\/{rel}","templated":true}]}}