{"id":5646,"date":"2026-01-20T12:48:55","date_gmt":"2026-01-20T10:48:55","guid":{"rendered":"https:\/\/jnats.eu\/?post_type=product&#038;p=5646"},"modified":"2026-02-02T08:14:50","modified_gmt":"2026-02-02T06:14:50","slug":"japoniski-naturalus-galandinimo-akmenys-razor-finishers-nakayama-ozuku","status":"publish","type":"product","link":"https:\/\/jnats.eu\/pl\/produkt-2\/japoniski-naturalus-galandinimo-akmenys-razor-finishers-nakayama-ozuku\/","title":{"rendered":"Japo\u0144skie naturalne kamienie ostrz\u0105ce - ostrza\u0142ki do brzytew (Nakayama \/ Ozuku?)"},"content":{"rendered":"<p>Japo\u0144skie naturalne kamienie do ostrzenia <strong>ostrzenie brzytew<\/strong>. Pod wzgl\u0119dem struktury, koloru i wydajno\u015bci kamienie <strong>najprawdopodobniej z kopalni Nakayama<\/strong>, jeden mo\u017ce <strong>Ozuku lub Nakayama<\/strong>.<\/p>\n\n\n\n<figure class=\"wp-block-embed is-type-video is-provider-youtube wp-block-embed-youtube wp-embed-aspect-16-9 wp-has-aspect-ratio\"><div class=\"wp-block-embed__wrapper\">\n<div class=\"video-container\"><iframe title=\"Japo\u0144skie wyko\u0144czenia brzytw\u0105 - Nakayama Kiita, 8 warstw i Mizu Asagi wyja\u015bnione\" width=\"1170\" height=\"658\" src=\"https:\/\/www.youtube.com\/embed\/xlqDqxcMVfg?feature=oembed\" frameborder=\"0\" allow=\"accelerometer; autoplay; clipboard-write; encrypted-media; gyroscope; picture-in-picture; web-share\" referrerpolicy=\"strict-origin-when-cross-origin\" allowfullscreen><\/iframe><\/div>\n<\/div><\/figure>\n\n\n\n<p>Wszystkie kamienie s\u0105 odpowiednie <strong>do pracy na poziomie ko\u0144cowym<\/strong> (ziarnisto\u015b\u0107 ponad 10 000) zapewnia czyste ci\u0119cie i wysok\u0105 jako\u015b\u0107 golenia.<\/p>\n\n\n\n<h3 class=\"wp-block-heading\"><strong>Specyfikacje dla kamieni<\/strong><\/h3>\n\n\n\n<p><strong>Nr 1 - Kiita<\/strong> (Nakayama?)<\/p>\n\n\n\n<ul class=\"wp-block-list\">\n<li>Wymiary: <strong>209 \u00d7 75 \u00d7 25 mm<\/strong><\/li>\n\n\n\n<li>Waga: <strong>920 g<\/strong><\/li>\n\n\n\n<li>Twardo\u015b\u0107: <strong>Lv 4,5<\/strong><\/li>\n\n\n\n<li>Typ.<\/li>\n\n\n\n<li>Uwagi: zr\u00f3wnowa\u017cony kamie\u0144, delikatny, ale wyra\u017any<\/li>\n<\/ul>\n\n\n\n<p><strong>Nr 2 - Asagi (8 warstw)<\/strong> (Nakayama?)<\/p>\n\n\n\n<ul class=\"wp-block-list\">\n<li>Wymiary: <strong>200 \u00d7 71 \u00d7 29 mm<\/strong><\/li>\n\n\n\n<li>Waga: <strong>950 g<\/strong><\/li>\n\n\n\n<li>Twardo\u015b\u0107: <strong>Lv 4:7<\/strong><\/li>\n\n\n\n<li>Uwagi: drobne naturalne wady w naro\u017cnikach, nie przeszkadzaj\u0105 w pracy<\/li>\n<\/ul>\n\n\n\n<p><strong>Nr 3 - Mizu Asagi<\/strong> (Nakayama czy Ozuku?)<\/p>\n\n\n\n<ul class=\"wp-block-list\">\n<li>Wymiary: <strong>194 \u00d7 72 \u00d7 25 mm<\/strong><\/li>\n\n\n\n<li>Waga: <strong>900 g<\/strong><\/li>\n\n\n\n<li>Twardo\u015b\u0107: <strong>Lv 5<\/strong><\/li>\n\n\n\n<li>Typ:Mizu Asagi<\/li>\n\n\n\n<li>Uwagi: solidny finiszer, bardzo czyste i precyzyjne ci\u0119cie<br><em>(prawdopodobnie Ozuku lub Nakayama)<\/em><\/li>\n<\/ul>\n\n\n\n<hr class=\"wp-block-separator has-alpha-channel-opacity\"\/>\n\n\n\n<h3 class=\"wp-block-heading\"><strong>Charakterystyka pracy<\/strong><\/h3>\n\n\n\n<ul class=\"wp-block-list\">\n<li><strong>Bardziej mi\u0119kkie kamienie<\/strong> dostarczone przez <strong>delikatniejsze, bardziej komfortowe golenie<\/strong><\/li>\n\n\n\n<li><strong>Twardsze kamienie<\/strong> duoda <strong>bardziej agresywne, ale niezwykle czyste i precyzyjne ci\u0119cie<\/strong><\/li>\n\n\n\n<li>Idealny dla <strong>maszynka do golenia<\/strong>, kamisori i wysokiej klasy narz\u0119dzia<\/li>\n<\/ul>","protected":false},"excerpt":{"rendered":"<p data-start=\"753\" data-end=\"770\"><strong data-start=\"753\" data-end=\"770\">Nr 1 - Kiita<\/strong><\/p>\n<ul data-start=\"771\" data-end=\"920\">\n<li data-start=\"771\" data-end=\"803\">\n<p data-start=\"773\" data-end=\"803\">Wymiary: <strong data-start=\"783\" data-end=\"803\">209 \u00d7 75 \u00d7 25 mm<\/strong><\/p>\n<\/li>\n<li data-start=\"804\" data-end=\"823\">\n<p data-start=\"806\" data-end=\"823\">Waga: <strong data-start=\"814\" data-end=\"823\">920 g<\/strong><\/p>\n<\/li>\n<li data-start=\"824\" data-end=\"846\">\n<p data-start=\"826\" data-end=\"846\">Twardo\u015b\u0107: <strong data-start=\"836\" data-end=\"846\">Lv 4,5<\/strong><\/p>\n<\/li>\n<li data-start=\"847\" data-end=\"861\">\n<p data-start=\"849\" data-end=\"861\">Typ.<\/p>\n<\/li>\n<li data-start=\"862\" data-end=\"920\">\n<p data-start=\"864\" data-end=\"920\">Uwagi: zr\u00f3wnowa\u017cony kamie\u0144, delikatny, ale wyra\u017any<\/p>\n<\/li>\n<\/ul>\n<p data-start=\"922\" data-end=\"953\"><strong data-start=\"922\" data-end=\"953\">Nr 2 - Asagi (8 warstw)<\/strong><\/p>\n<ul data-start=\"954\" data-end=\"1128\">\n<li data-start=\"954\" data-end=\"986\">\n<p data-start=\"956\" data-end=\"986\">Wymiary: <strong data-start=\"966\" data-end=\"986\">200 \u00d7 71 \u00d7 29 mm<\/strong><\/p>\n<\/li>\n<li data-start=\"987\" data-end=\"1006\">\n<p data-start=\"989\" data-end=\"1006\">Waga: <strong data-start=\"997\" data-end=\"1006\">950 g<\/strong><\/p>\n<\/li>\n<li data-start=\"1007\" data-end=\"1029\">\n<p data-start=\"1009\" data-end=\"1029\">Twardo\u015b\u0107: <strong data-start=\"1019\" data-end=\"1029\">Lv 4:7<\/strong><\/p>\n<\/li>\n<li data-start=\"1030\" data-end=\"1055\">\n<p data-start=\"1032\" data-end=\"1055\">Struktura: 8 warstw<\/p>\n<\/li>\n<li data-start=\"1056\" data-end=\"1128\">\n<p data-start=\"1058\" data-end=\"1128\">Uwagi: drobne naturalne wady w naro\u017cnikach, nie przeszkadzaj\u0105 w pracy<\/p>\n<\/li>\n<\/ul>\n<p data-start=\"1130\" data-end=\"1152\"><strong data-start=\"1130\" data-end=\"1152\">Nr 3 - Mizu Asagi<\/strong><\/p>\n<ul data-start=\"1153\" data-end=\"1342\">\n<li data-start=\"1153\" data-end=\"1185\">\n<p data-start=\"1155\" data-end=\"1185\">Wymiary: <strong data-start=\"1165\" data-end=\"1185\">194 \u00d7 72 \u00d7 25 mm<\/strong><\/p>\n<\/li>\n<li data-start=\"1186\" data-end=\"1205\">\n<p data-start=\"1188\" data-end=\"1205\">Waga: <strong data-start=\"1196\" data-end=\"1205\">900 g<\/strong><\/p>\n<\/li>\n<li data-start=\"1206\" data-end=\"1226\">\n<p data-start=\"1208\" data-end=\"1226\">Twardo\u015b\u0107: <strong data-start=\"1218\" data-end=\"1226\">Lv 5<\/strong><\/p>\n<\/li>\n<li data-start=\"1227\" data-end=\"1246\">\n<p data-start=\"1229\" data-end=\"1246\">Typ:Mizu Asagi<\/p>\n<\/li>\n<li data-start=\"1247\" data-end=\"1342\">\n<p data-start=\"1249\" data-end=\"1342\">Uwagi: solidny finiszer, bardzo czyste i precyzyjne ci\u0119cie<br data-start=\"1306\" data-end=\"1309\" \/><em data-start=\"1311\" data-end=\"1342\">(prawdopodobnie Ozuku lub Nakayama)<\/em><\/p>\n<\/li>\n<\/ul>\n<hr data-start=\"1344\" data-end=\"1347\" \/>\n<h3 data-start=\"1349\" data-end=\"1373\"><strong data-start=\"1353\" data-end=\"1373\">Charakterystyka pracy<\/strong><\/h3>\n<ul data-start=\"1374\" data-end=\"1595\">\n<li data-start=\"1374\" data-end=\"1445\">\n<p data-start=\"1376\" data-end=\"1445\"><strong data-start=\"1376\" data-end=\"1398\">Bardziej mi\u0119kkie kamienie<\/strong> dostarczone przez <strong data-start=\"1408\" data-end=\"1445\">delikatniejsze, bardziej komfortowe golenie<\/strong><\/p>\n<\/li>\n<li data-start=\"1446\" data-end=\"1522\">\n<p data-start=\"1448\" data-end=\"1522\"><strong data-start=\"1448\" data-end=\"1468\">Twardsze kamienie<\/strong> duoda <strong data-start=\"1475\" data-end=\"1522\">bardziej agresywne, ale niezwykle czyste i precyzyjne ci\u0119cie<\/strong><\/p>\n<\/li>\n<li data-start=\"1523\" data-end=\"1595\">\n<p data-start=\"1525\" data-end=\"1595\">Idealny dla <strong data-start=\"1539\" data-end=\"1557\">maszynka do golenia<\/strong>, kamisori i wysokiej klasy narz\u0119dzia<\/p>\n<\/li>\n<\/ul>","protected":false},"featured_media":5660,"comment_status":"closed","ping_status":"closed","template":"","meta":[],"product_brand":[],"product_cat":[22],"product_tag":[49,66],"class_list":{"0":"post-5646","1":"product","2":"type-product","3":"status-publish","4":"has-post-thumbnail","6":"product_cat-jnats","7":"product_tag-nakayama","8":"product_tag-ozuku","9":"product_shipping_class-iprastas","11":"first","12":"instock","13":"shipping-taxable","14":"purchasable","15":"product-type-variable"},"_links":{"self":[{"href":"https:\/\/jnats.eu\/pl\/wp-json\/wp\/v2\/product\/5646","targetHints":{"allow":["GET"]}}],"collection":[{"href":"https:\/\/jnats.eu\/pl\/wp-json\/wp\/v2\/product"}],"about":[{"href":"https:\/\/jnats.eu\/pl\/wp-json\/wp\/v2\/types\/product"}],"replies":[{"embeddable":true,"href":"https:\/\/jnats.eu\/pl\/wp-json\/wp\/v2\/comments?post=5646"}],"wp:featuredmedia":[{"embeddable":true,"href":"https:\/\/jnats.eu\/pl\/wp-json\/wp\/v2\/media\/5660"}],"wp:attachment":[{"href":"https:\/\/jnats.eu\/pl\/wp-json\/wp\/v2\/media?parent=5646"}],"wp:term":[{"taxonomy":"product_brand","embeddable":true,"href":"https:\/\/jnats.eu\/pl\/wp-json\/wp\/v2\/product_brand?post=5646"},{"taxonomy":"product_cat","embeddable":true,"href":"https:\/\/jnats.eu\/pl\/wp-json\/wp\/v2\/product_cat?post=5646"},{"taxonomy":"product_tag","embeddable":true,"href":"https:\/\/jnats.eu\/pl\/wp-json\/wp\/v2\/product_tag?post=5646"}],"curies":[{"name":"wp","href":"https:\/\/api.w.org\/{rel}","templated":true}]}}