{"id":5698,"date":"2026-01-31T11:09:13","date_gmt":"2026-01-31T09:09:13","guid":{"rendered":"https:\/\/jnats.eu\/?post_type=product&#038;p=5698"},"modified":"2026-01-31T19:37:30","modified_gmt":"2026-01-31T17:37:30","slug":"vintazinis-belgiskas-coticule-akmuo","status":"publish","type":"product","link":"https:\/\/jnats.eu\/pl\/produkt-2\/vintazinis-belgiskas-coticule-akmuo\/","title":{"rendered":"Vintage Belgian Coticule Stone"},"content":{"rendered":"<p>Vintage Belgian <strong>Coticule<\/strong> - Klasyczny naturalny kamie\u0144 do honowania, ceniony za wyj\u0105tkowe ziarno i jedwabisto\u015b\u0107 w dotyku. Idealny do <strong>do wyko\u0144czenia no\u017cy<\/strong>, o <strong>britvoms<\/strong> - jako wysokiej jako\u015bci <strong>wyko\u0144czenie wst\u0119pne<\/strong> etap przed ostatecznym polerowaniem.<\/p>\n\n\n\n<p>Kamie\u0144 bardzo delikatnie, ale skutecznie usuwa metal, umo\u017cliwiaj\u0105c uzyskanie czystej, kontrolowanej kraw\u0119dzi bez agresywnych mikrozarysowa\u0144. Doskona\u0142a kompatybilno\u015b\u0107 z <strong>zawieszenia<\/strong> maszyny, ale mo\u017cna te\u017c pracowa\u0107 na czystych.<\/p>\n\n\n\n<p>Mo\u017ce by\u0107 u\u017cywany zar\u00f3wno z <strong>woda<\/strong>, zar\u00f3wno z <strong>tepalu<\/strong>, w zale\u017cno\u015bci od wymaganej pr\u0119dko\u015bci i charakteru wyko\u0144czenia.<\/p>\n\n\n\n<figure class=\"wp-block-embed is-type-video is-provider-youtube wp-block-embed-youtube wp-embed-aspect-16-9 wp-has-aspect-ratio\"><div class=\"wp-block-embed__wrapper\">\n<div class=\"video-container\"><iframe title=\"Vintage vs Ardennes Coticule: Gnojowica vs woda na Daishi Tamahagane Razor\" width=\"1170\" height=\"658\" src=\"https:\/\/www.youtube.com\/embed\/YiR2gv1Xe2A?start=641&#038;feature=oembed\" frameborder=\"0\" allow=\"accelerometer; autoplay; clipboard-write; encrypted-media; gyroscope; picture-in-picture; web-share\" referrerpolicy=\"strict-origin-when-cross-origin\" allowfullscreen><\/iframe><\/div>\n<\/div><\/figure>\n\n\n\n<p>Waga z pude\u0142kiem - <strong>680 g<\/strong><br>Wymiary: <strong>203 \u00d7 47 \u00d7 8 (nad pude\u0142kiem) mm<\/strong><\/p>","protected":false},"excerpt":{"rendered":"<p>Mo\u017ce by\u0107 u\u017cywany z wod\u0105 lub smarem, w zale\u017cno\u015bci od po\u017c\u0105danej pr\u0119dko\u015bci i wyko\u0144czenia.<\/p>\n<p>Linie s\u0105 bezpieczne. Ma oleisty zapach.<\/p>\n<ul>\n<li>Waga wraz z pude\u0142kiem - 680 g<\/li>\n<li>Wymiary: 203 \u00d7 47 \u00d7 8 (powy\u017cej pude\u0142ka) mm<\/li>\n<\/ul>","protected":false},"featured_media":5704,"comment_status":"closed","ping_status":"closed","template":"","meta":[],"product_brand":[],"product_cat":[22],"product_tag":[378],"class_list":{"0":"post-5698","1":"product","2":"type-product","3":"status-publish","4":"has-post-thumbnail","6":"product_cat-jnats","7":"product_tag-coticule","8":"product_shipping_class-iprastas","10":"first","11":"outofstock","12":"shipping-taxable","13":"purchasable","14":"product-type-simple"},"_links":{"self":[{"href":"https:\/\/jnats.eu\/pl\/wp-json\/wp\/v2\/product\/5698","targetHints":{"allow":["GET"]}}],"collection":[{"href":"https:\/\/jnats.eu\/pl\/wp-json\/wp\/v2\/product"}],"about":[{"href":"https:\/\/jnats.eu\/pl\/wp-json\/wp\/v2\/types\/product"}],"replies":[{"embeddable":true,"href":"https:\/\/jnats.eu\/pl\/wp-json\/wp\/v2\/comments?post=5698"}],"wp:featuredmedia":[{"embeddable":true,"href":"https:\/\/jnats.eu\/pl\/wp-json\/wp\/v2\/media\/5704"}],"wp:attachment":[{"href":"https:\/\/jnats.eu\/pl\/wp-json\/wp\/v2\/media?parent=5698"}],"wp:term":[{"taxonomy":"product_brand","embeddable":true,"href":"https:\/\/jnats.eu\/pl\/wp-json\/wp\/v2\/product_brand?post=5698"},{"taxonomy":"product_cat","embeddable":true,"href":"https:\/\/jnats.eu\/pl\/wp-json\/wp\/v2\/product_cat?post=5698"},{"taxonomy":"product_tag","embeddable":true,"href":"https:\/\/jnats.eu\/pl\/wp-json\/wp\/v2\/product_tag?post=5698"}],"curies":[{"name":"wp","href":"https:\/\/api.w.org\/{rel}","templated":true}]}}