{"id":5715,"date":"2026-02-03T12:44:39","date_gmt":"2026-02-03T10:44:39","guid":{"rendered":"https:\/\/jnats.eu\/?post_type=product&#038;p=5715"},"modified":"2026-02-17T11:07:57","modified_gmt":"2026-02-17T09:07:57","slug":"dorko-solingen-no-3739-85-solingen-172-de-luxe-vintaziniai-vokiski-skustuvai-nos","status":"publish","type":"product","link":"https:\/\/jnats.eu\/pl\/produkt-2\/dorko-solingen-no-3739-85-solingen-172-de-luxe-vintaziniai-vokiski-skustuvai-nos\/","title":{"rendered":"Dorko Solingen No. 3739\/85 Solingen 172 De Luxe - zabytkowe niemieckie maszynki do golenia (NOS)"},"content":{"rendered":"<figure class=\"wp-block-embed is-type-video is-provider-youtube wp-block-embed-youtube wp-embed-aspect-9-16 wp-has-aspect-ratio\"><div class=\"wp-block-embed__wrapper\">\n<div class=\"video-container\"><iframe title=\"Vintage DORKO Solingen Straight Razors - NOS De Luxe (1950s)\" width=\"563\" height=\"1000\" src=\"https:\/\/www.youtube.com\/embed\/ZNubipgIW04?feature=oembed\" frameborder=\"0\" allow=\"accelerometer; autoplay; clipboard-write; encrypted-media; gyroscope; picture-in-picture; web-share\" referrerpolicy=\"strict-origin-when-cross-origin\" allowfullscreen><\/iframe><\/div>\n<\/div><\/figure>\n\n\n\n<p>N<strong>u\u017cywany vintage (NOS - New Old Stock)<\/strong> Niemieckie maszynki do golenia <strong>Dorko Solingen nr 3739\/85 Stainless-Inox<\/strong> oraz <strong>Solingen 172 De Luxe<\/strong>, wyprodukowany <strong>w po\u0142owie ubieg\u0142ego wieku<\/strong>, w legendarnym regionie Solingen.<\/p>\n\n\n\n<p>Chocia\u017c maszynki do golenia tej marki s\u0105 produkowane do dzi\u015b, <strong>Vintage Dorcas znacznie przewy\u017cszaj\u0105 swoje wsp\u00f3\u0142czesne odpowiedniki pod wzgl\u0119dem jako\u015bci obr\u00f3bki cieplnej i mechanicznej<\/strong>. S\u0105 to produkty z okresu, w kt\u00f3rym nacisk k\u0142adziono na trwa\u0142o\u015b\u0107 i precyzyjne wykonanie.<\/p>\n\n\n\n<p>Uchwyty wykonane s\u0105 z wysokiej jako\u015bci plastiku syntetycznego (bakelit \/ ko\u015b\u0107 s\u0142oniowa) u\u017cywanego przez rzemie\u015blnik\u00f3w z Solingen w po\u0142owie XX wieku. Stabilne, bez p\u0119kni\u0119\u0107 i odkszta\u0142ce\u0144, z oryginalnymi emblematami Dorko.<\/p>\n\n\n\n<p>Brzytwy maj\u0105 <strong>naturalne znaki czasu<\/strong>, typowe dla stanu NOS:<\/p>\n\n\n\n<ul class=\"wp-block-list\">\n<li><strong>ostrze jest w pe\u0142ni nienaruszone<\/strong>,<\/li>\n\n\n\n<li><strong>Ostrzenie i u\u017cytkowanie nie b\u0119dzie problemem<\/strong>,<\/li>\n\n\n\n<li><strong>mechanika i geometria w idealnym stanie<\/strong>.<\/li>\n<\/ul>\n\n\n\n<p>Idealny wyb\u00f3r zar\u00f3wno dla <strong>do u\u017cytku w<\/strong>, oba <strong>do zbierania<\/strong>.<\/p>\n\n\n\n<p>Zalecamy <strong>uwa\u017cnie przejrzyj zdj\u0119cia i wideo<\/strong>, kt\u00f3re s\u0105 wa\u017cn\u0105 cz\u0119\u015bci\u0105 opisu produktu.<\/p>\n\n\n\n<h3 class=\"wp-block-heading\">Dane techniczne:<\/h3>\n\n\n\n<ul class=\"wp-block-list\">\n<li><strong>Wymiary ostrza:<\/strong> 75 \u00d7 20 \u00d7 5 mm<\/li>\n\n\n\n<li><strong>Waga:<\/strong>\n<ul class=\"wp-block-list\">\n<li>52 g - z <strong>z poz\u0142acanym napisem w tle<\/strong><\/li>\n\n\n\n<li>50 g - wersja standardowa<\/li>\n<\/ul>\n<\/li>\n<\/ul>","protected":false},"excerpt":{"rendered":"<p>Nieu\u017cywana vintage NOS (New old stock) niemiecka maszynka do golenia Dorko Solingen No 3739\/85 Stainless-Inox Solingen 172 De Luxe. Wyprodukowane w po\u0142owie ubieg\u0142ego wieku. Nadal produkowane pod t\u0105 mark\u0105, ale gorsze od tych vintage pod wzgl\u0119dem jako\u015bci obr\u00f3bki cieplnej i mechanicznej. Uchwyty wykonane s\u0105 z wysokiej jako\u015bci syntetycznego tworzywa sztucznego (bakelit \/ ko\u015b\u0107 s\u0142oniowa) u\u017cywanego przez rzemie\u015blnik\u00f3w Solingen w po\u0142owie XX wieku. Stabilne, bez p\u0119kni\u0119\u0107 i odkszta\u0142ce\u0144, z oryginalnymi emblematami Dorko. Wida\u0107 \u015blady czasu, ale wszystkie ostrza s\u0105 w pe\u0142ni nienaruszone, wi\u0119c ostrzenie i u\u017cytkowanie nie b\u0119dzie problemem. Mechanika i geometria s\u0105 idealne. Prosimy o dok\u0142adne obejrzenie zdj\u0119\u0107 i filmu.<\/p>\n<ol>\n<li>Wymiary ostrza 75x20x5 mm. Waga 52 g. (poz\u0142acane t\u0142o)<\/li>\n<li>Wymiary ostrza 75x20x5 mm. Waga 50 g.<\/li>\n<\/ol>\n<p><strong>Je\u015bli pozycja nie jest widoczna na li\u015bcie rozwijanej, oznacza to, \u017ce zosta\u0142a sprzedana.\u00a0<\/strong><\/p>","protected":false},"featured_media":5749,"comment_status":"closed","ping_status":"closed","template":"","meta":[],"product_brand":[],"product_cat":[23],"product_tag":[379,55],"class_list":{"0":"post-5715","1":"product","2":"type-product","3":"status-publish","4":"has-post-thumbnail","6":"product_cat-razors","7":"product_tag-dorko","8":"product_tag-nos","9":"product_shipping_class-light","11":"first","12":"instock","13":"shipping-taxable","14":"purchasable","15":"product-type-variable"},"_links":{"self":[{"href":"https:\/\/jnats.eu\/pl\/wp-json\/wp\/v2\/product\/5715","targetHints":{"allow":["GET"]}}],"collection":[{"href":"https:\/\/jnats.eu\/pl\/wp-json\/wp\/v2\/product"}],"about":[{"href":"https:\/\/jnats.eu\/pl\/wp-json\/wp\/v2\/types\/product"}],"replies":[{"embeddable":true,"href":"https:\/\/jnats.eu\/pl\/wp-json\/wp\/v2\/comments?post=5715"}],"wp:featuredmedia":[{"embeddable":true,"href":"https:\/\/jnats.eu\/pl\/wp-json\/wp\/v2\/media\/5749"}],"wp:attachment":[{"href":"https:\/\/jnats.eu\/pl\/wp-json\/wp\/v2\/media?parent=5715"}],"wp:term":[{"taxonomy":"product_brand","embeddable":true,"href":"https:\/\/jnats.eu\/pl\/wp-json\/wp\/v2\/product_brand?post=5715"},{"taxonomy":"product_cat","embeddable":true,"href":"https:\/\/jnats.eu\/pl\/wp-json\/wp\/v2\/product_cat?post=5715"},{"taxonomy":"product_tag","embeddable":true,"href":"https:\/\/jnats.eu\/pl\/wp-json\/wp\/v2\/product_tag?post=5715"}],"curies":[{"name":"wp","href":"https:\/\/api.w.org\/{rel}","templated":true}]}}