{"id":5784,"date":"2026-03-04T10:24:19","date_gmt":"2026-03-04T08:24:19","guid":{"rendered":"https:\/\/jnats.eu\/?post_type=product&#038;p=5784"},"modified":"2026-04-01T22:30:44","modified_gmt":"2026-04-01T19:30:44","slug":"vintage-razor-strops-pigeon-llama-shell-cordovan","status":"publish","type":"product","link":"https:\/\/jnats.eu\/pl\/produkt-2\/vintage-razor-strops-pigeon-llama-shell-cordovan\/","title":{"rendered":"Vintage Razor Strops - Pigeon &amp; LLAMA (Shell Cordovan)"},"content":{"rendered":"<p>Dwie klasyczne maszynki do golenia przeznaczone do utrzymywania ostro\u015bci golarek prostych.<\/p>\n\n\n\n<p><strong>1. Wysokiej jako\u015bci TOyo Razor Ceiling 6000 marki Pigeon<\/strong><br>Producent: <strong>Hashimoto Riki Co. Ltd (Japonia)<\/strong>.<br>Tradycyjny strop do maszynki do golenia u\u017cywany do utrzymywania i poprawiania kraw\u0119dzi maszynki do golenia.<\/p>\n\n\n\n<p><strong>2. Oryginalna maszynka do golenia Shell 440 Rex marki LLAMA<\/strong><br>Klasyczny sufit wykonany z <strong>Prawdziwa sk\u00f3ra cordovan<\/strong>, znana z g\u0142adkiej powierzchni i doskona\u0142ych w\u0142a\u015bciwo\u015bci strobuj\u0105cych.<\/p>\n\n\n\n<p>Podczas golenia maszynk\u0105 prost\u0105 ostrze stopniowo traci ostro\u015b\u0107. St\u0105panie po sk\u00f3rze pomaga wyr\u00f3wna\u0107 i od\u015bwie\u017cy\u0107 kraw\u0119d\u017a mi\u0119dzy ostrzeniami.<\/p>\n\n\n\n<p>Zazwyczaj <strong>lniany sufit<\/strong> (brak w zestawie) jest u\u017cywany jako pierwszy, je\u015bli ostrze jest bardziej t\u0119pe lub po ostrzeniu na kamieniach w celu usuni\u0119cia mikroskopijnych cz\u0105stek metalu z kraw\u0119dzi przed wyko\u0144czeniem na sk\u00f3rze.<\/p>\n\n\n\n<figure class=\"wp-block-embed is-type-video is-provider-youtube wp-block-embed-youtube wp-embed-aspect-16-9 wp-has-aspect-ratio\"><div class=\"wp-block-embed__wrapper\">\n<div class=\"video-container\"><iframe title=\"Vintage Razor Strops - Pigeon &amp; LLAMA (Shell Cordovan)\" width=\"1170\" height=\"658\" src=\"https:\/\/www.youtube.com\/embed\/q5TKCe55ioY?feature=oembed\" frameborder=\"0\" allow=\"accelerometer; autoplay; clipboard-write; encrypted-media; gyroscope; picture-in-picture; web-share\" referrerpolicy=\"strict-origin-when-cross-origin\" allowfullscreen><\/iframe><\/div>\n<\/div><\/figure>\n\n\n\n<p><strong>Jak u\u017cywa\u0107:<\/strong><br>Zawie\u015b jeden koniec stropu i mocno przytrzymaj drugi koniec, aby utrzyma\u0107 sk\u00f3r\u0119 napi\u0119t\u0105 podczas stropowania.<\/p>\n\n\n\n<p><strong>Budowa:<\/strong><br>Zawiesia sk\u0142adaj\u0105 si\u0119 z <strong>dwie warstwy sk\u00f3ry<\/strong>:<\/p>\n\n\n\n<ul class=\"wp-block-list\">\n<li>G\u00f3rna warstwa - robocza <strong>sk\u00f3ra ko\u0144ska cordovan<\/strong><\/li>\n\n\n\n<li>Warstwa dolna - warstwa no\u015bna wykonana z bardziej ekonomicznej sk\u00f3ry.<\/li>\n<\/ul>\n\n\n\n<p><strong>Stan:<\/strong><br>Oba zawiesia s\u0105 <strong>u\u017cywany, ale w dobrym stanie<\/strong>, z tylko <strong>drobne skr\u0119cenia i lekkie zarysowania powierzchni<\/strong> od normalnego u\u017cytkowania.<\/p>","protected":false},"excerpt":{"rendered":"<ol>\n<li>Marka Pigeon Wysokiej jako\u015bci brzytwa Toyo Ceiling 6000 Hashimoto Riki Co. ltd. <strong>Wymiary: 600x62x3 mm<\/strong><\/li>\n<li>LLAMA Brand Reg. Trd. Mark Genuine Shell 440 Rex Razor strop. <strong>Wymiary: 430x62x2 mm<\/strong><\/li>\n<\/ol>\n<p><strong data-start=\"1225\" data-end=\"1239\">Stan: <\/strong>Oba zawiesia s\u0105 <strong data-start=\"1258\" data-end=\"1288\">u\u017cywany, ale w dobrym stanie<\/strong>, z tylko <strong data-start=\"1300\" data-end=\"1344\">drobne skr\u0119cenia i lekkie zarysowania powierzchni<\/strong> od normalnego u\u017cytkowania.<\/p>","protected":false},"featured_media":5788,"comment_status":"closed","ping_status":"closed","template":"","meta":[],"product_brand":[],"product_cat":[22],"product_tag":[380,381,293],"class_list":{"0":"post-5784","1":"product","2":"type-product","3":"status-publish","4":"has-post-thumbnail","6":"product_cat-jnats","7":"product_tag-llama","8":"product_tag-pigeon","9":"product_tag-strop","10":"product_shipping_class-iprastas","12":"first","13":"instock","14":"shipping-taxable","15":"purchasable","16":"product-type-variable"},"_links":{"self":[{"href":"https:\/\/jnats.eu\/pl\/wp-json\/wp\/v2\/product\/5784","targetHints":{"allow":["GET"]}}],"collection":[{"href":"https:\/\/jnats.eu\/pl\/wp-json\/wp\/v2\/product"}],"about":[{"href":"https:\/\/jnats.eu\/pl\/wp-json\/wp\/v2\/types\/product"}],"replies":[{"embeddable":true,"href":"https:\/\/jnats.eu\/pl\/wp-json\/wp\/v2\/comments?post=5784"}],"wp:featuredmedia":[{"embeddable":true,"href":"https:\/\/jnats.eu\/pl\/wp-json\/wp\/v2\/media\/5788"}],"wp:attachment":[{"href":"https:\/\/jnats.eu\/pl\/wp-json\/wp\/v2\/media?parent=5784"}],"wp:term":[{"taxonomy":"product_brand","embeddable":true,"href":"https:\/\/jnats.eu\/pl\/wp-json\/wp\/v2\/product_brand?post=5784"},{"taxonomy":"product_cat","embeddable":true,"href":"https:\/\/jnats.eu\/pl\/wp-json\/wp\/v2\/product_cat?post=5784"},{"taxonomy":"product_tag","embeddable":true,"href":"https:\/\/jnats.eu\/pl\/wp-json\/wp\/v2\/product_tag?post=5784"}],"curies":[{"name":"wp","href":"https:\/\/api.w.org\/{rel}","templated":true}]}}