{"id":5861,"date":"2025-03-19T09:11:00","date_gmt":"2025-03-19T07:11:00","guid":{"rendered":"https:\/\/jnats.eu\/?post_type=product&#038;p=5861"},"modified":"2026-03-19T11:17:54","modified_gmt":"2026-03-19T09:17:54","slug":"stiga-carbonado-90-78-g-penhold","status":"publish","type":"product","link":"https:\/\/jnats.eu\/pl\/produkt-2\/stiga-carbonado-90-78-g-penhold\/","title":{"rendered":"Stiga Carbonado 90 (78 g, Penhold)"},"content":{"rendered":"<figure class=\"wp-block-embed is-type-video is-provider-youtube wp-block-embed-youtube wp-embed-aspect-9-16 wp-has-aspect-ratio\"><div class=\"wp-block-embed__wrapper\">\n<div class=\"video-container\"><iframe title=\"Stiga Carbonado 90 Penhold\" width=\"563\" height=\"1000\" src=\"https:\/\/www.youtube.com\/embed\/AmO66AXEUdE?feature=oembed\" frameborder=\"0\" allow=\"accelerometer; autoplay; clipboard-write; encrypted-media; gyroscope; picture-in-picture; web-share\" referrerpolicy=\"strict-origin-when-cross-origin\" allowfullscreen><\/iframe><\/div>\n<\/div><\/figure>\n\n\n\n<p>Stiga Carbonado 90 to wysokiej jako\u015bci podstawa do tenisa sto\u0142owego zaprojektowana z my\u015bl\u0105 o maksymalnej pr\u0119dko\u015bci i stabilno\u015bci. Wykorzystuje unikaln\u0105 <strong>Technologia w\u0119glowa TeXtreme<\/strong> (w\u0142\u00f3kno zorientowane pod k\u0105tem 90\u00b0), kt\u00f3re zapewnia wyj\u0105tkowo sztywne czucie, du\u017c\u0105 pr\u0119dko\u015b\u0107 i bardzo prosty tor lotu pi\u0142ki.<\/p>\n\n\n\n<p>Model ten jest szczeg\u00f3lnie ceniony przez mi\u0142o\u015bnik\u00f3w agresywnej gry - idealny do szybkich uderze\u0144 topspinowych, uderze\u0144 z bliskiej odleg\u0142o\u015bci i gry na \u015brednim dystansie.<\/p>\n\n\n\n<p><strong>Specyfikacja:<\/strong><\/p>\n\n\n\n<ul class=\"wp-block-list\">\n<li>Model:Stiga Carbonado 90<\/li>\n\n\n\n<li>Waga: 78 g (l\u017cejsza ni\u017c \u015brednia - lepsza zwrotno\u015b\u0107)<\/li>\n\n\n\n<li>Rankena: Penhold (chi\u0144ski - CPEN)<\/li>\n\n\n\n<li>Konstrukcja: 5 warstw drewna + 2 warstwy w\u0142\u00f3kna w\u0119glowego (TeXtreme\u00ae Carbon)<\/li>\n\n\n\n<li>Pr\u0119dko\u015b\u0107: OFF+<\/li>\n\n\n\n<li>Kontrola: \u015brednia (zorientowana na atak)<\/li>\n\n\n\n<li>Uczucie: stroma, bardzo prosta trajektoria<\/li>\n<\/ul>\n\n\n\n<p><strong>Stan:<\/strong><\/p>\n\n\n\n<ul class=\"wp-block-list\">\n<li>Nieu\u017cywany (fabrycznie nowy)<\/li>\n\n\n\n<li>Pude\u0142ko wykazuje kosmetyczne oznaki zu\u017cycia (zmatowienie).<\/li>\n<\/ul>","protected":false},"excerpt":{"rendered":"<p>Model:Stiga Carbonado 90<\/p>\n<p>Waga: 78 g (l\u017cejsza ni\u017c \u015brednia - lepsza zwrotno\u015b\u0107)<\/p>\n<p>Rankena: Penhold (chi\u0144ski - CPEN)<\/p>\n<p>Konstrukcja: 5 warstw drewna + 2 warstwy w\u0142\u00f3kna w\u0119glowego (TeXtreme\u00ae Carbon)<\/p>\n<p>Pr\u0119dko\u015b\u0107: OFF+<\/p>\n<p>Kontrola: \u015brednia (zorientowana na atak)<\/p>\n<p>Uczucie: stroma, bardzo prosta trajektoria<\/p>","protected":false},"featured_media":5865,"comment_status":"closed","ping_status":"closed","template":"","meta":[],"product_brand":[],"product_cat":[24],"product_tag":[383,384],"class_list":{"0":"post-5861","1":"product","2":"type-product","3":"status-publish","4":"has-post-thumbnail","6":"product_cat-knifes","7":"product_tag-stiga","8":"product_tag-tenisas","9":"product_shipping_class-iprastas","11":"first","12":"instock","13":"shipping-taxable","14":"purchasable","15":"product-type-simple"},"_links":{"self":[{"href":"https:\/\/jnats.eu\/pl\/wp-json\/wp\/v2\/product\/5861","targetHints":{"allow":["GET"]}}],"collection":[{"href":"https:\/\/jnats.eu\/pl\/wp-json\/wp\/v2\/product"}],"about":[{"href":"https:\/\/jnats.eu\/pl\/wp-json\/wp\/v2\/types\/product"}],"replies":[{"embeddable":true,"href":"https:\/\/jnats.eu\/pl\/wp-json\/wp\/v2\/comments?post=5861"}],"wp:featuredmedia":[{"embeddable":true,"href":"https:\/\/jnats.eu\/pl\/wp-json\/wp\/v2\/media\/5865"}],"wp:attachment":[{"href":"https:\/\/jnats.eu\/pl\/wp-json\/wp\/v2\/media?parent=5861"}],"wp:term":[{"taxonomy":"product_brand","embeddable":true,"href":"https:\/\/jnats.eu\/pl\/wp-json\/wp\/v2\/product_brand?post=5861"},{"taxonomy":"product_cat","embeddable":true,"href":"https:\/\/jnats.eu\/pl\/wp-json\/wp\/v2\/product_cat?post=5861"},{"taxonomy":"product_tag","embeddable":true,"href":"https:\/\/jnats.eu\/pl\/wp-json\/wp\/v2\/product_tag?post=5861"}],"curies":[{"name":"wp","href":"https:\/\/api.w.org\/{rel}","templated":true}]}}