{"id":5872,"date":"2026-03-20T09:48:10","date_gmt":"2026-03-20T07:48:10","guid":{"rendered":"https:\/\/jnats.eu\/?post_type=product&#038;p=5872"},"modified":"2026-03-23T08:20:53","modified_gmt":"2026-03-23T06:20:53","slug":"nakayama-nashiji-tomae-japoniskas-naturalus-galandimo-akmuo","status":"publish","type":"product","link":"https:\/\/jnats.eu\/pl\/produkt-2\/nakayama-nashiji-tomae-japoniskas-naturalus-galandimo-akmuo\/","title":{"rendered":"Japo\u0144ski naturalny kamie\u0144 do ostrzenia Nakayama Nashiji Tomae"},"content":{"rendered":"<figure class=\"wp-block-embed is-type-video is-provider-youtube wp-block-embed-youtube wp-embed-aspect-16-9 wp-has-aspect-ratio\"><div class=\"wp-block-embed__wrapper\">\n<div class=\"video-container\"><iframe title=\"Ostrzenie brzytwy prostej Puma za pomoc\u0105 kamienia Nakayama Nashiji Tomae | Japo\u0144ski naturalny kamie\u0144 do wyka\u0144czania powierzchni\" width=\"1170\" height=\"658\" src=\"https:\/\/www.youtube.com\/embed\/SxCkPyTNzhU?feature=oembed\" frameborder=\"0\" allow=\"accelerometer; autoplay; clipboard-write; encrypted-media; gyroscope; picture-in-picture; web-share\" referrerpolicy=\"strict-origin-when-cross-origin\" allowfullscreen><\/iframe><\/div>\n<\/div><\/figure>\n\n\n\n<p>Wysokiej klasy japo\u0144ski naturalny kamie\u0144 do ostrzenia ze s\u0142ynnego regionu Nakayama, jednego z najbardziej cenionych kamieni naturalnych na \u015bwiecie. Ten kamie\u0144 typu Nashiji charakteryzuje si\u0119 mi\u0119kk\u0105, g\u0142adk\u0105 prac\u0105 i mo\u017cliwo\u015bci\u0105 uzyskania niezwykle wysokiej jako\u015bci wyko\u0144czenia.<\/p>\n\n\n\n<p>Idealny do ko\u0144cowego polerowania i uszlachetniania ostrzy niebezpiecznych brzytew, no\u017cy i innych ostrych narz\u0119dzi. Kamie\u0144 zapewnia czyste, kontrolowane ostrza o doskona\u0142ej r\u00f3wnowadze ostro\u015bci i mi\u0119kko\u015bci.<\/p>\n\n\n\n<p>Na \u015brodku p\u0142aszczyzny znajduje si\u0119 p\u0119kni\u0119cie, ale nie ma to praktycznego znaczenia dla u\u017cytkowania. Kamienie wyko\u0144czeniowe zu\u017cywaj\u0105 si\u0119 bardzo powoli, wi\u0119c nie b\u0119dzie to problemem w d\u0142u\u017cszej perspektywie (nawet dla \u201ewnuk\u00f3w\u201c).<\/p>\n\n\n\n<p><strong>Cechy:<\/strong><\/p>\n\n\n\n<ul class=\"wp-block-list\">\n<li>Japo\u0144ski naturalny kamie\u0144 ostrz\u0105cy (JNat)<\/li>\n\n\n\n<li>Nakayama - jeden z najwy\u017cej ocenianych region\u00f3w<\/li>\n\n\n\n<li>Warstwa Nashiji Tomae - mi\u0119kka i stabilna praca<\/li>\n\n\n\n<li>Nadaje si\u0119 do maszynek do golenia, no\u017cy i innych narz\u0119dzi<\/li>\n\n\n\n<li>Powolne zu\u017cycie, trwa\u0142o\u015b\u0107<\/li>\n\n\n\n<li>Precyzyjne, wysokiej klasy wyko\u0144czenie<\/li>\n<\/ul>\n\n\n\n<p>Doskona\u0142y wyb\u00f3r zar\u00f3wno dla kolekcjoner\u00f3w, jak i profesjonalist\u00f3w poszukuj\u0105cych oryginalnego japo\u0144skiego kamienia.<\/p>","protected":false},"excerpt":{"rendered":"<ul>\n<li>Nadaje si\u0119 do wyka\u0144czania brzytew, no\u017cy, no\u017cyczek, narz\u0119dzi stolarskich i innych.<\/li>\n<li>Wymiary: 206x78x34 mm<\/li>\n<li>Waga: 1280 g<\/li>\n<li>Twardo\u015b\u0107: Poziom 4<\/li>\n<li>Powierzchnia jest g\u0142adka i gotowa do pracy<\/li>\n<li>Lakierowane boki<\/li>\n<li><strong>Po\u015brodku p\u0142aszczyzny znajduje si\u0119 p\u0119kni\u0119cie, ale nie ma to praktycznego znaczenia dla u\u017cytkowania. Kamienie wyko\u0144czeniowe zu\u017cywaj\u0105 si\u0119 bardzo powoli, wi\u0119c nie b\u0119dzie to problemem nawet w d\u0142u\u017cszej perspektywie.<\/strong><\/li>\n<li>Zalecamy prac\u0119 z ciep\u0142\u0105 wod\u0105, poniewa\u017c zimna woda pogarsza szybko\u015b\u0107 i reakcj\u0119.<\/li>\n<\/ul>","protected":false},"featured_media":5879,"comment_status":"closed","ping_status":"closed","template":"","meta":[],"product_brand":[],"product_cat":[22],"product_tag":[49,48],"class_list":{"0":"post-5872","1":"product","2":"type-product","3":"status-publish","4":"has-post-thumbnail","6":"product_cat-jnats","7":"product_tag-nakayama","8":"product_tag-nashiji","9":"product_shipping_class-iprastas","11":"first","12":"instock","13":"shipping-taxable","14":"purchasable","15":"product-type-simple"},"_links":{"self":[{"href":"https:\/\/jnats.eu\/pl\/wp-json\/wp\/v2\/product\/5872","targetHints":{"allow":["GET"]}}],"collection":[{"href":"https:\/\/jnats.eu\/pl\/wp-json\/wp\/v2\/product"}],"about":[{"href":"https:\/\/jnats.eu\/pl\/wp-json\/wp\/v2\/types\/product"}],"replies":[{"embeddable":true,"href":"https:\/\/jnats.eu\/pl\/wp-json\/wp\/v2\/comments?post=5872"}],"wp:featuredmedia":[{"embeddable":true,"href":"https:\/\/jnats.eu\/pl\/wp-json\/wp\/v2\/media\/5879"}],"wp:attachment":[{"href":"https:\/\/jnats.eu\/pl\/wp-json\/wp\/v2\/media?parent=5872"}],"wp:term":[{"taxonomy":"product_brand","embeddable":true,"href":"https:\/\/jnats.eu\/pl\/wp-json\/wp\/v2\/product_brand?post=5872"},{"taxonomy":"product_cat","embeddable":true,"href":"https:\/\/jnats.eu\/pl\/wp-json\/wp\/v2\/product_cat?post=5872"},{"taxonomy":"product_tag","embeddable":true,"href":"https:\/\/jnats.eu\/pl\/wp-json\/wp\/v2\/product_tag?post=5872"}],"curies":[{"name":"wp","href":"https:\/\/api.w.org\/{rel}","templated":true}]}}