{"id":5931,"date":"2026-04-01T10:25:24","date_gmt":"2026-04-01T07:25:24","guid":{"rendered":"https:\/\/jnats.eu\/?post_type=product&#038;p=5931"},"modified":"2026-04-01T11:45:30","modified_gmt":"2026-04-01T08:45:30","slug":"tiesiosiu-britvu-komplektas-2-8-ir-4-8-naujos-renaissance-solingen-germany-spitzenqualitat-meister-funk","status":"publish","type":"product","link":"https:\/\/jnats.eu\/pl\/produkt-2\/tiesiosiu-britvu-komplektas-2-8-ir-4-8-naujos-renaissance-solingen-germany-spitzenqualitat-meister-funk\/","title":{"rendered":"Zestaw brzytew (2\/8 i 4\/8), nowe, Renaissance Solingen Niemcy, Spitzenqualitat Meister Funk"},"content":{"rendered":"<figure class=\"wp-block-embed is-type-video is-provider-youtube wp-block-embed-youtube wp-embed-aspect-9-16 wp-has-aspect-ratio\"><div class=\"wp-block-embed__wrapper\">\n<div class=\"video-container\"><iframe title=\"Straight Razors Renaissance, Solingen Niemcy, Spitzenqualitat Meister Funk\" width=\"563\" height=\"1000\" src=\"https:\/\/www.youtube.com\/embed\/i1XlX4nmuQA?feature=oembed\" frameborder=\"0\" allow=\"accelerometer; autoplay; clipboard-write; encrypted-media; gyroscope; picture-in-picture; web-share\" referrerpolicy=\"strict-origin-when-cross-origin\" allowfullscreen><\/iframe><\/div>\n<\/div><\/figure>\n\n\n\n<p>Zestaw dw\u00f3ch prostych maszynek do golenia w r\u00f3\u017cnych rozmiarach z Solingen (Niemcy). Obie maszynki s\u0105 nieu\u017cywane, w doskona\u0142ym stanie, ze zdobionymi ostrzami i klasycznymi jasnymi uchwytami.<\/p>\n\n\n\n<p>Zestaw zawiera:<\/p>\n\n\n\n<p><strong>Model 804 (4\/8)<\/strong><br>Wymiary ostrza: 70 \u00d7 16 \u00d7 4 mm<br>Waga: 31 g<br>Wi\u0119ksza maszynka, bardziej wszechstronna, wygodna do podstawowego golenia<\/p>\n\n\n\n<p><strong>Model 802 (2\/8)<\/strong><br>Wymiary ostrza: 70 \u00d7 10 \u00d7 3 mm<br>Waga: 24 g<br>Mniejsza maszynka do golenia, szczeg\u00f3lnie wygodna do precyzyjnej pracy i golenia trudno dost\u0119pnych miejsc (pod nosem, wok\u00f3\u0142 uszu, kontur\u00f3w).<\/p>\n\n\n\n<p>Napisy na ostrzu: Renaissance, Solingen Germany, Spitzenqualitat, Meister Funk<br>Uchwyty: Solingen INOX i logo Solingen<\/p>\n\n\n\n<p>Maszynki s\u0105 nieu\u017cywane, bez \u015blad\u00f3w u\u017cytkowania. Nadaj\u0105 si\u0119 do golenia, kolekcjonowania lub na prezent. Przed u\u017cyciem mog\u0105 wymaga\u0107 lekkiego naostrzenia lub od\u015bwie\u017cenia.<\/p>\n\n\n\n<p>Nie s\u0105 to staro\u017cytne (z pocz\u0105tku lub po\u0142owy XX wieku) britwy pod wzgl\u0119dem widocznych cech, ale raczej <strong>P\u00f3\u017ana produkcja, oko\u0142o 1980-2000<\/strong>, mo\u017ce nawet nieco nowsze.<\/p>\n\n\n\n<p>Dlaczego tak:<\/p>\n\n\n\n<ul class=\"wp-block-list\">\n<li>Wydrukowano na <strong>\u201cSolingen INOX\u201d<\/strong> Wskazuje stal nierdzewn\u0105, kt\u00f3ra wesz\u0142a do szerszego u\u017cytku dopiero w latach ~1960-1970 i jest powszechnie spotykana w p\u00f3\u017aniejszych produktach.<\/li>\n\n\n\n<li><strong>\u201cRenesans\u201d<\/strong> - typowa komercyjna, zorientowana na eksport nazwa Dovo, cz\u0119sto u\u017cywana w p\u00f3\u017aniejszej produkcji<\/li>\n\n\n\n<li>Grawerunki i og\u00f3lny wygl\u0105d wygl\u0105daj\u0105 bardziej nowocze\u015bnie (produkcja fabryczna, a nie r\u0119czna, masowa).<\/li>\n\n\n\n<li>Numeracja modeli (802, 804, 208) jest typowa dla p\u00f3\u017aniejszych produkt\u00f3w katalogowych<\/li>\n\n\n\n<li>Plastikowe (ko\u015b\u0107 s\u0142oniowa) uchwyty zamiast prawdziwej ko\u015bci lub rogu - kolejna oznaka bardziej nowoczesnej produkcji.<\/li>\n<\/ul>\n\n\n\n<p>Wa\u017cne: s\u0105 one nadal uwa\u017cane za <strong>vintage przez entuzjast\u00f3w golenia<\/strong>, ale nie \u201eantyczny\u201c.<\/p>","protected":false},"excerpt":{"rendered":"<p><strong>Zestaw zawiera: <\/strong><\/p>\n<ul>\n<li><strong>Model 804 (4\/8)<\/strong><\/li>\n<li>Wymiary ostrza: 70 \u00d7 16 \u00d7 4 mm<\/li>\n<li>Waga: 31 g<\/li>\n<li>Wi\u0119ksza maszynka, bardziej wszechstronna, wygodna do podstawowego golenia<\/li>\n<\/ul>\n<p>&nbsp;<\/p>\n<ul>\n<li><strong>Model 802 (2\/8)<\/strong><\/li>\n<li>Wymiary ostrza: 70 \u00d7 10 \u00d7 3 mm<\/li>\n<li>Waga: 24 g<\/li>\n<li>Mniejsza maszynka do golenia, szczeg\u00f3lnie wygodna do precyzyjnej pracy i golenia trudno dost\u0119pnych miejsc (pod nosem, wok\u00f3\u0142 uszu, kontur\u00f3w).<\/li>\n<\/ul>","protected":false},"featured_media":5940,"comment_status":"closed","ping_status":"closed","template":"","meta":[],"product_brand":[],"product_cat":[23],"product_tag":[385,84],"class_list":{"0":"post-5931","1":"product","2":"type-product","3":"status-publish","4":"has-post-thumbnail","6":"product_cat-razors","7":"product_tag-renaissance","8":"product_tag-solingen","9":"product_shipping_class-light","11":"first","12":"instock","13":"shipping-taxable","14":"purchasable","15":"product-type-simple"},"_links":{"self":[{"href":"https:\/\/jnats.eu\/pl\/wp-json\/wp\/v2\/product\/5931","targetHints":{"allow":["GET"]}}],"collection":[{"href":"https:\/\/jnats.eu\/pl\/wp-json\/wp\/v2\/product"}],"about":[{"href":"https:\/\/jnats.eu\/pl\/wp-json\/wp\/v2\/types\/product"}],"replies":[{"embeddable":true,"href":"https:\/\/jnats.eu\/pl\/wp-json\/wp\/v2\/comments?post=5931"}],"wp:featuredmedia":[{"embeddable":true,"href":"https:\/\/jnats.eu\/pl\/wp-json\/wp\/v2\/media\/5940"}],"wp:attachment":[{"href":"https:\/\/jnats.eu\/pl\/wp-json\/wp\/v2\/media?parent=5931"}],"wp:term":[{"taxonomy":"product_brand","embeddable":true,"href":"https:\/\/jnats.eu\/pl\/wp-json\/wp\/v2\/product_brand?post=5931"},{"taxonomy":"product_cat","embeddable":true,"href":"https:\/\/jnats.eu\/pl\/wp-json\/wp\/v2\/product_cat?post=5931"},{"taxonomy":"product_tag","embeddable":true,"href":"https:\/\/jnats.eu\/pl\/wp-json\/wp\/v2\/product_tag?post=5931"}],"curies":[{"name":"wp","href":"https:\/\/api.w.org\/{rel}","templated":true}]}}