{"id":5987,"date":"2026-04-29T11:32:58","date_gmt":"2026-04-29T08:32:58","guid":{"rendered":"https:\/\/jnats.eu\/?post_type=product&#038;p=5987"},"modified":"2026-04-29T11:32:59","modified_gmt":"2026-04-29T08:32:59","slug":"japoniskas-virtuvinis-peilis-santoku-aogami","status":"publish","type":"product","link":"https:\/\/jnats.eu\/pl\/produkt-2\/japoniskas-virtuvinis-peilis-santoku-aogami\/","title":{"rendered":"Japo\u0144ski n\u00f3\u017c kuchenny Santoku (Aogami)"},"content":{"rendered":"<figure class=\"wp-block-embed is-type-video is-provider-youtube wp-block-embed-youtube wp-embed-aspect-16-9 wp-has-aspect-ratio\"><div class=\"wp-block-embed__wrapper\">\n<div class=\"video-container\"><iframe title=\"Tw\u00f3rcy z 1000-letnim do\u015bwiadczeniem kontra... kamie\u0144 zrobiony przez Boga \ud83d\udc80\" width=\"1170\" height=\"658\" src=\"https:\/\/www.youtube.com\/embed\/fpQGJe5qSjo?start=946&#038;feature=oembed\" frameborder=\"0\" allow=\"accelerometer; autoplay; clipboard-write; encrypted-media; gyroscope; picture-in-picture; web-share\" referrerpolicy=\"strict-origin-when-cross-origin\" allowfullscreen><\/iframe><\/div>\n<\/div><\/figure>\n\n\n\n<p>Autentyczny japo\u0144ski n\u00f3\u017c kuchenny z oryginalnym pude\u0142kiem i plastikow\u0105 os\u0142on\u0105 ochronn\u0105. Lekkie, cienkie i precyzyjne narz\u0119dzie do codziennej pracy w kuchni. Dzi\u0119ki cienkiej geometrii (tylko 1,5 mm na grzbiecie) ma bardzo dobre w\u0142a\u015bciwo\u015bci tn\u0105ce i czyste ci\u0119cie.<\/p>\n\n\n\n<ul class=\"wp-block-list\">\n<li><strong>Specyfikacje<\/strong><\/li>\n\n\n\n<li>Ostrze: 165 \u00d7 43 \u00d7 1,5 mm<\/li>\n\n\n\n<li>Uchwyt: 120 \u00d7 23 \u00d7 15 mm<\/li>\n\n\n\n<li>Waga: 115 g<\/li>\n\n\n\n<li>Konstrukcja: sanmai \/ warikomi (tr\u00f3jwarstwowy laminat)<\/li>\n\n\n\n<li>Stal: Aogami (Blue Paper Steel, Yasuki)<\/li>\n<\/ul>\n\n\n\n<p><strong>T\u0142umaczenie z pude\u0142ka<\/strong><br>\u7279\u88fd (Tokusei) - specjalna produkcja, wysoka jako\u015b\u0107<br>\u6599\u7406\u5305\u4e01 (Ry\u014dri b\u014dch\u014d) - n\u00f3\u017c kuchenny<br>Og\u00f3lne znaczenie: wysokiej jako\u015bci n\u00f3\u017c kuchenny<\/p>\n\n\n\n<p><strong>T\u0142umaczenie z plastikowej tacy<\/strong><br>\u5b89\u6765\u92fc\u9752\u7d19\u5272\u8fbc (Yasuki-hagane Aogami warikomi) - stal Yasuki, Aogami (Blue Paper Steel), konstrukcja laminowana (odlewana)<br>\u935b\u9020\u5305\u4e01 (Tanz\u014d b\u014dch\u014d) - kuty n\u00f3\u017c kuchenny<\/p>\n\n\n\n<p><strong>Wyja\u015bnienie<\/strong><br>Stal Yasuki to wysokiej jako\u015bci japo\u0144ska stal produkowana przez Hitachi. Stal Aogami (Blue Paper Steel) doskonale zachowuje ostro\u015b\u0107 i umo\u017cliwia bardzo agresywne, precyzyjne ci\u0119cie. Konstrukcja warikomi (sanmai) oznacza, \u017ce twardy rdze\u0144 Aogami jest umieszczony pomi\u0119dzy bardziej mi\u0119kkimi warstwami stali, dzi\u0119ki czemu n\u00f3\u017c jest mocny i mniej kruchy.<\/p>\n\n\n\n<p><strong>Stan<\/strong><br>U\u017cywany, naostrzony naturalnymi kamieniami. Ostrze gotowe do u\u017cycia.<\/p>","protected":false},"excerpt":{"rendered":"<p>Smuk\u0142y i lekki japo\u0144ski n\u00f3\u017c Santoku z prawdziwym rdzeniem Aogami i tradycyjn\u0105 laminowan\u0105 konstrukcj\u0105 (sanmai). Doskona\u0142y wyb\u00f3r zar\u00f3wno do codziennego u\u017cytku, jak i dla os\u00f3b poszukuj\u0105cych no\u017ca z japo\u0144skim charakterem.<\/p>","protected":false},"featured_media":5994,"comment_status":"closed","ping_status":"closed","template":"","meta":[],"product_brand":[],"product_cat":[24],"product_tag":[333,76],"class_list":{"0":"post-5987","1":"product","2":"type-product","3":"status-publish","4":"has-post-thumbnail","6":"product_cat-knifes","7":"product_tag-aogami","8":"product_tag-peilis","9":"product_shipping_class-light","11":"first","12":"instock","13":"shipping-taxable","14":"purchasable","15":"product-type-simple"},"_links":{"self":[{"href":"https:\/\/jnats.eu\/pl\/wp-json\/wp\/v2\/product\/5987","targetHints":{"allow":["GET"]}}],"collection":[{"href":"https:\/\/jnats.eu\/pl\/wp-json\/wp\/v2\/product"}],"about":[{"href":"https:\/\/jnats.eu\/pl\/wp-json\/wp\/v2\/types\/product"}],"replies":[{"embeddable":true,"href":"https:\/\/jnats.eu\/pl\/wp-json\/wp\/v2\/comments?post=5987"}],"wp:featuredmedia":[{"embeddable":true,"href":"https:\/\/jnats.eu\/pl\/wp-json\/wp\/v2\/media\/5994"}],"wp:attachment":[{"href":"https:\/\/jnats.eu\/pl\/wp-json\/wp\/v2\/media?parent=5987"}],"wp:term":[{"taxonomy":"product_brand","embeddable":true,"href":"https:\/\/jnats.eu\/pl\/wp-json\/wp\/v2\/product_brand?post=5987"},{"taxonomy":"product_cat","embeddable":true,"href":"https:\/\/jnats.eu\/pl\/wp-json\/wp\/v2\/product_cat?post=5987"},{"taxonomy":"product_tag","embeddable":true,"href":"https:\/\/jnats.eu\/pl\/wp-json\/wp\/v2\/product_tag?post=5987"}],"curies":[{"name":"wp","href":"https:\/\/api.w.org\/{rel}","templated":true}]}}