{"id":5995,"date":"2026-04-29T11:43:58","date_gmt":"2026-04-29T08:43:58","guid":{"rendered":"https:\/\/jnats.eu\/?post_type=product&#038;p=5995"},"modified":"2026-04-29T11:45:05","modified_gmt":"2026-04-29T08:45:05","slug":"suita-japoniskas-naturalus-galandinimo-akmuo-finishing-whestone","status":"publish","type":"product","link":"https:\/\/jnats.eu\/pl\/produkt-2\/suita-japoniskas-naturalus-galandinimo-akmuo-finishing-whestone\/","title":{"rendered":"Japo\u0144ska ose\u0142ka Suita o naturalnym wyko\u0144czeniu z drewnianym stojakiem"},"content":{"rendered":"<figure class=\"wp-block-embed is-type-video is-provider-youtube wp-block-embed-youtube wp-embed-aspect-16-9 wp-has-aspect-ratio\"><div class=\"wp-block-embed__wrapper\">\n<div class=\"video-container\"><iframe title=\"Tw\u00f3j n\u00f3\u017c st\u0119pi si\u0119 po 2 uderzeniach?! Oto PRAWDZIWY pow\u00f3d\" width=\"1170\" height=\"658\" src=\"https:\/\/www.youtube.com\/embed\/L6PCKJuG2o4?start=872&#038;feature=oembed\" frameborder=\"0\" allow=\"accelerometer; autoplay; clipboard-write; encrypted-media; gyroscope; picture-in-picture; web-share\" referrerpolicy=\"strict-origin-when-cross-origin\" allowfullscreen><\/iframe><\/div>\n<\/div><\/figure>\n\n\n\n<p>Jako\u015b\u0107 <strong>Zestaw<\/strong> typu Japanese Natural Whetstone (JNATS) z regionu Kioto (warstwy typu Kyoto Suita \/ Shohonyama).<\/p>\n\n\n\n<p><strong>Dane techniczne:<\/strong><\/p>\n\n\n\n<ul class=\"wp-block-list\">\n<li><strong>Twardo\u015b\u0107:<\/strong> Lv 4.7 (\u015brednio twardy - odpowiedni zar\u00f3wno do szybkiego usuwania metalu, jak i doskona\u0142ego wyko\u0144czenia)<\/li>\n\n\n\n<li><strong>Wymiary:<\/strong> 165 \u00d7 70 \u00d7 53 mm<\/li>\n\n\n\n<li><strong>Waga ze stojakiem:<\/strong> 1640 g<\/li>\n\n\n\n<li><strong>Powierzchnia:<\/strong> Pi\u0119kny marmurowy wz\u00f3r z naturalnymi bia\u0142ymi i szarymi liniami<\/li>\n\n\n\n<li><strong>Boki:<\/strong> Lakierowana ciemnobr\u0105zowym lakierem - dla estetycznego wygl\u0105du i ochrony<\/li>\n\n\n\n<li><strong>Stan:<\/strong> Kraw\u0119dzie maj\u0105 niewielkie naturalne p\u0119kni\u0119cia (typowe dla kamienia naturalnego, nie wp\u0142ywaj\u0105ce na wydajno\u015b\u0107).<\/li>\n<\/ul>\n\n\n\n<p><strong>Zastosowanie:<\/strong> Idealny dla <strong>dla no\u017cy<\/strong> (kuchenne, my\u015bliwskie, do strzy\u017cenia itp.) oraz innych narz\u0119dzi do ostrzenia i wyka\u0144czania. Kamie\u0144 generuje dobr\u0105 zawiesin\u0119, linie s\u0105 bezpieczne dla ostrzy no\u017cy (nietoksyczne). Nadaje si\u0119 do \u015bredniego ostrzenia, a tak\u017ce do uzyskania bardzo cienkiej, wypolerowanej kraw\u0119dzi.<\/p>\n\n\n\n<p>Kamie\u0144 jest przyklejony do stabilnej, pi\u0119knie lakierowanej podstawy z ciemnego drewna, co nie tylko dodaje estetyki, ale tak\u017ce zapewnia wygodn\u0105 i stabiln\u0105 prac\u0119.<\/p>\n\n\n\n<p><strong>Pochodzenie:<\/strong> Japo\u0144ski kamie\u0144 naturalny Suita z prefektury Kioto (prawdopodobnie Shohonyama lub podobna warstwa Suita).<\/p>\n\n\n\n<p>Naturalne japo\u0144skie kamienie s\u0105 cenione za swoj\u0105 unikaln\u0105 struktur\u0119 i zdolno\u015b\u0107 do nadawania no\u017com wyj\u0105tkowo ostrej i d\u0142ugotrwa\u0142ej ostro\u015bci, kt\u00f3rej nie s\u0105 w stanie zapewni\u0107 ostrza\u0142ki syntetyczne.<\/p>","protected":false},"excerpt":{"rendered":"<ul>\n<li><strong>Twardo\u015b\u0107:<\/strong> Lv 4.7 (\u015brednio twardy - odpowiedni zar\u00f3wno do szybkiego usuwania metalu, jak i doskona\u0142ego wyko\u0144czenia)<\/li>\n<li><strong>Wymiary:<\/strong> 165 \u00d7 70 \u00d7 53 mm<\/li>\n<li><strong>Waga ze stojakiem:<\/strong> 1640 g<\/li>\n<li><strong>Powierzchnia:<\/strong> Pi\u0119kny marmurowy wz\u00f3r z naturalnymi bia\u0142ymi i szarymi liniami<\/li>\n<li><strong>Boki:<\/strong> Lakierowana ciemnobr\u0105zowym lakierem - dla estetycznego wygl\u0105du i ochrony<\/li>\n<li><strong>Stan:<\/strong> Kraw\u0119dzie maj\u0105 niewielkie naturalne p\u0119kni\u0119cia (typowe dla kamienia naturalnego, nie wp\u0142ywaj\u0105ce na wydajno\u015b\u0107).<\/li>\n<\/ul>","protected":false},"featured_media":5999,"comment_status":"closed","ping_status":"closed","template":"","meta":[],"product_brand":[],"product_cat":[22],"product_tag":[386,387,362,365,388,50],"class_list":{"0":"post-5995","1":"product","2":"type-product","3":"status-publish","4":"has-post-thumbnail","6":"product_cat-jnats","7":"product_tag-finishing-stone","8":"product_tag-japoniskas-galastuvas","9":"product_tag-jnats","10":"product_tag-naturalus-akmuo","11":"product_tag-peiliu-galandimas","12":"product_tag-suita","13":"product_shipping_class-iprastas","15":"first","16":"instock","17":"shipping-taxable","18":"purchasable","19":"product-type-simple"},"_links":{"self":[{"href":"https:\/\/jnats.eu\/pl\/wp-json\/wp\/v2\/product\/5995","targetHints":{"allow":["GET"]}}],"collection":[{"href":"https:\/\/jnats.eu\/pl\/wp-json\/wp\/v2\/product"}],"about":[{"href":"https:\/\/jnats.eu\/pl\/wp-json\/wp\/v2\/types\/product"}],"replies":[{"embeddable":true,"href":"https:\/\/jnats.eu\/pl\/wp-json\/wp\/v2\/comments?post=5995"}],"wp:featuredmedia":[{"embeddable":true,"href":"https:\/\/jnats.eu\/pl\/wp-json\/wp\/v2\/media\/5999"}],"wp:attachment":[{"href":"https:\/\/jnats.eu\/pl\/wp-json\/wp\/v2\/media?parent=5995"}],"wp:term":[{"taxonomy":"product_brand","embeddable":true,"href":"https:\/\/jnats.eu\/pl\/wp-json\/wp\/v2\/product_brand?post=5995"},{"taxonomy":"product_cat","embeddable":true,"href":"https:\/\/jnats.eu\/pl\/wp-json\/wp\/v2\/product_cat?post=5995"},{"taxonomy":"product_tag","embeddable":true,"href":"https:\/\/jnats.eu\/pl\/wp-json\/wp\/v2\/product_tag?post=5995"}],"curies":[{"name":"wp","href":"https:\/\/api.w.org\/{rel}","templated":true}]}}