{"id":6014,"date":"2026-05-05T11:34:39","date_gmt":"2026-05-05T08:34:39","guid":{"rendered":"https:\/\/jnats.eu\/?post_type=product&#038;p=6014"},"modified":"2026-05-05T12:27:02","modified_gmt":"2026-05-05T09:27:02","slug":"japoniskas-naturalus-honyama-galandinimo-akmuo-kiotas-finisui-lv-4-5","status":"publish","type":"product","link":"https:\/\/jnats.eu\/pl\/produkt-2\/japoniskas-naturalus-honyama-galandinimo-akmuo-kiotas-finisui-lv-4-5\/","title":{"rendered":"Japo\u0144ski naturalny kamie\u0144 ostrz\u0105cy Honyama (Kyoto) do wyka\u0144czania, Lv 4.5"},"content":{"rendered":"<figure class=\"wp-block-embed is-type-video is-provider-youtube wp-block-embed-youtube wp-embed-aspect-16-9 wp-has-aspect-ratio\"><div class=\"wp-block-embed__wrapper\">\n<div class=\"video-container\"><iframe title=\"Kiita Lv 3.7 \u2192 Shobudani Ozaki Namito Lv 4.5 \u2192 Autentyczne wyko\u0144czenie Honyama\" width=\"1170\" height=\"658\" src=\"https:\/\/www.youtube.com\/embed\/CYzgQi-fqqo?start=711&#038;feature=oembed\" frameborder=\"0\" allow=\"accelerometer; autoplay; clipboard-write; encrypted-media; gyroscope; picture-in-picture; web-share\" referrerpolicy=\"strict-origin-when-cross-origin\" allowfullscreen><\/iframe><\/div>\n<\/div><\/figure>\n\n\n\n<p>Naturalny japo\u0144ski kamie\u0144 ostrz\u0105cy Honyama z regionu Kioto do ostatecznego wyko\u0144czenia ostrza. Jest to klasyczny wyb\u00f3r dla tych, kt\u00f3rzy szukaj\u0105 bardzo czystej, kontrolowanej i delikatnej kraw\u0119dzi tn\u0105cej. Szczeg\u00f3lnie dobrze nadaje si\u0119 do brzytew, ale sprawdza si\u0119 r\u00f3wnie\u017c w przypadku wysokiej jako\u015bci no\u017cy.<\/p>\n\n\n\n<p>Twardo\u015b\u0107 oko\u0142o 4,5 zapewnia dobr\u0105 r\u00f3wnowag\u0119 mi\u0119dzy generowaniem zawieszenia a kontrol\u0105. Kamie\u0144 jest wystarczaj\u0105co \u017cywy, aby pracowa\u0107 z powierzchni\u0105 i tworzy\u0107 efekt polerowania, ale jednocze\u015bnie pozwala na wysoki poziom wyko\u0144czenia bez bycia zbyt agresywnym.<\/p>\n\n\n\n<p>W przypadku u\u017cycia z wod\u0105 mo\u017cna uzyska\u0107 czystszy, g\u0142adszy rezultat, podczas gdy w przypadku zawiesiny mo\u017cliwe jest nieco wi\u0119ksze \u201eugryzienie\u201c w pocz\u0105tkowej fazie. Jest to wszechstronny kamie\u0144 wyko\u0144czeniowy, odpowiedni zar\u00f3wno dla do\u015bwiadczonych u\u017cytkownik\u00f3w, jak i tych, kt\u00f3rzy szukaj\u0105 wysokiej jako\u015bci wej\u015bcia w \u015bwiat naturalnych japo\u0144skich kamieni.<\/p>\n\n\n\n<p><strong>Dane techniczne<\/strong><\/p>\n\n\n\n<ul class=\"wp-block-list\">\n<li>Wi\u0119kszy kamie\u0144 (wraz z pude\u0142kiem): ok. 137 x 76 x 27 mm, waga ok. 640 g<\/li>\n\n\n\n<li>Mniejszy kamie\u0144: ok. 115 x 90 x 13 mm, waga ok. 390 g<\/li>\n<\/ul>\n\n\n\n<p><strong>Dodatkowe informacje<\/strong><\/p>\n\n\n\n<p>Kamie\u0144 jest naturalny, wi\u0119c ka\u017cdy egzemplarz jest wyj\u0105tkowy. Mo\u017cliwe s\u0105 r\u00f3\u017cnice w kolorze, fakturze i dotyku. Widoczne \u015blady u\u017cytkowania lub przechowywania s\u0105 normalne i nie wp\u0142ywaj\u0105 negatywnie na w\u0142a\u015bciwo\u015bci ostrz\u0105ce.<\/p>\n\n\n\n<p><strong>T\u0142umaczenie z pude\u0142ka (etykieta)<\/strong><\/p>\n\n\n\n<p>\u9ec4\u8700\u6b63\u672c\u5c71\u7825\u77f3<br>Znaczenie: \u201eAutentyczny Honyama (prawdziwy g\u00f3rski) naturalny kamie\u0144 do ostrzenia\u201c<\/p>\n\n\n\n<p>Dodatkowe uwagi:<br>\u5929\u7136\u7825\u77f3 - naturalny kamie\u0144 ostrz\u0105cy<br>\u4eac\u90fd - Kioto (tradycyjny, wysokiej klasy region kamieniarski w Japonii)<\/p>\n\n\n\n<p>Piecz\u0119\u0107 na kamieniu to japo\u0144ski napis kanji w ramce. Brzmi on nast\u0119puj\u0105co:<\/p>\n\n\n\n<p><strong>\u6b63\u672c\u5c71 (Seihonzan \/ Sh\u014dhonzan)<\/strong><\/p>\n\n\n\n<p>Znaczenie:<br>\u201ePrawdziwe (autentyczne) g\u0142\u00f3wne wzg\u00f3rze\u201c, lub pro\u015bciej -<br><strong>\u201eAutentyczny kamie\u0144 Honyama\u201c<\/strong><\/p>\n\n\n\n<p>W kontek\u015bcie ostrzenia kamieni nie jest to nazwa konkretnego kamienio\u0142omu, ale raczej <strong>znak jako\u015bci i pochodzenia<\/strong>, wskazuj\u0105c, \u017ce kamie\u0144 jest klasyfikowany jako tradycyjny naturalny kamie\u0144 wyko\u0144czeniowy Kioto (kategoria Honyama).<\/p>","protected":false},"excerpt":{"rendered":"<p>Naturalny japo\u0144ski kamie\u0144 ostrz\u0105cy Honyama z regionu Kioto do ostatecznego wyko\u0144czenia ostrza. Jest to klasyczny wyb\u00f3r dla tych, kt\u00f3rzy szukaj\u0105 bardzo czystej, kontrolowanej i delikatnej kraw\u0119dzi tn\u0105cej. Szczeg\u00f3lnie dobrze nadaje si\u0119 do brzytew, ale sprawdza si\u0119 r\u00f3wnie\u017c w przypadku wysokiej jako\u015bci no\u017cy.<\/p>\n<ul>\n<li>Wi\u0119kszy kamie\u0144 (wraz z pude\u0142kiem): ok. 137 x 76 x 27 mm, waga ok. 640 g<\/li>\n<li>Mniejszy kamie\u0144: ok. 115 x 90 x 13 mm, waga ok. 390 g<\/li>\n<\/ul>","protected":false},"featured_media":6019,"comment_status":"closed","ping_status":"closed","template":"","meta":[],"product_brand":[],"product_cat":[22],"product_tag":[270],"class_list":{"0":"post-6014","1":"product","2":"type-product","3":"status-publish","4":"has-post-thumbnail","6":"product_cat-jnats","7":"product_tag-honyama","8":"product_shipping_class-light","10":"first","11":"instock","12":"shipping-taxable","13":"purchasable","14":"product-type-variable"},"_links":{"self":[{"href":"https:\/\/jnats.eu\/pl\/wp-json\/wp\/v2\/product\/6014","targetHints":{"allow":["GET"]}}],"collection":[{"href":"https:\/\/jnats.eu\/pl\/wp-json\/wp\/v2\/product"}],"about":[{"href":"https:\/\/jnats.eu\/pl\/wp-json\/wp\/v2\/types\/product"}],"replies":[{"embeddable":true,"href":"https:\/\/jnats.eu\/pl\/wp-json\/wp\/v2\/comments?post=6014"}],"wp:featuredmedia":[{"embeddable":true,"href":"https:\/\/jnats.eu\/pl\/wp-json\/wp\/v2\/media\/6019"}],"wp:attachment":[{"href":"https:\/\/jnats.eu\/pl\/wp-json\/wp\/v2\/media?parent=6014"}],"wp:term":[{"taxonomy":"product_brand","embeddable":true,"href":"https:\/\/jnats.eu\/pl\/wp-json\/wp\/v2\/product_brand?post=6014"},{"taxonomy":"product_cat","embeddable":true,"href":"https:\/\/jnats.eu\/pl\/wp-json\/wp\/v2\/product_cat?post=6014"},{"taxonomy":"product_tag","embeddable":true,"href":"https:\/\/jnats.eu\/pl\/wp-json\/wp\/v2\/product_tag?post=6014"}],"curies":[{"name":"wp","href":"https:\/\/api.w.org\/{rel}","templated":true}]}}