{"id":6062,"date":"2026-05-14T10:46:55","date_gmt":"2026-05-14T07:46:55","guid":{"rendered":"https:\/\/jnats.eu\/?post_type=product&#038;p=6062"},"modified":"2026-05-14T10:47:33","modified_gmt":"2026-05-14T07:47:33","slug":"medium-grade-ohira-uchigumori-kasumi-finishing-stone","status":"publish","type":"product","link":"https:\/\/jnats.eu\/pl\/produkt-2\/medium-grade-ohira-uchigumori-kasumi-finishing-stone\/","title":{"rendered":"\u015aredniej klasy kamie\u0144 wyko\u0144czeniowy Ohira Uchigumori - Kasumi"},"content":{"rendered":"<figure class=\"wp-block-embed is-type-video is-provider-youtube wp-block-embed-youtube wp-embed-aspect-16-9 wp-has-aspect-ratio\"><div class=\"wp-block-embed__wrapper\">\n<div class=\"video-container\"><iframe title=\"Por\u00f3wnanie wyko\u0144czenia Ohira Uchigumori Kasumi | Kamie\u0144 szlachetny \u015bredniej klasy vs. kamie\u0144 szlachetny z wzorem lotosu najwy\u017cszej klasy\" width=\"1170\" height=\"658\" src=\"https:\/\/www.youtube.com\/embed\/lnU0K-G4t-Q?feature=oembed\" frameborder=\"0\" allow=\"accelerometer; autoplay; clipboard-write; encrypted-media; gyroscope; picture-in-picture; web-share\" referrerpolicy=\"strict-origin-when-cross-origin\" allowfullscreen><\/iframe><\/div>\n<\/div><\/figure>\n\n\n\n<p>Autentyczny naturalny kamie\u0144 wyko\u0144czeniowy Ohira Uchigumori odpowiedni do tradycyjnego polerowania kasumi i wyrafinowanego wyka\u0144czania no\u017cy kuchennych.<\/p>\n\n\n\n<p>Kamie\u0144 ten oferuje zr\u00f3wnowa\u017cone po\u0142\u0105czenie pr\u0119dko\u015bci ci\u0119cia, generowania zawiesiny i kontroli, co czyni go doskona\u0142ym wyborem dla u\u017cytkownik\u00f3w poszukuj\u0105cych praktycznego i wybaczaj\u0105cego do\u015bwiadczenia Uchigumori. Tworzy mi\u0119kkie, m\u0119tne wyko\u0144czenie kasumi z dobrym kontrastem na laminowanych japo\u0144skich ostrzach i dzia\u0142a szczeg\u00f3lnie dobrze ze stalami w\u0119glowymi.<\/p>\n\n\n\n<p>W por\u00f3wnaniu do najwy\u017cszej klasy Uchigumori, kamie\u0144 ten zapewnia nieco ni\u017cszy kontrast i wyrafinowanie, ale nadal zapewnia atrakcyjne tradycyjne wyko\u0144czenie i przyjemne uczucie ostrzenia.<\/p>\n\n\n\n<h3 class=\"wp-block-heading\">Charakterystyka<\/h3>\n\n\n\n<ul class=\"wp-block-list\">\n<li>\u015arednia klasa Ohira Uchigumori<\/li>\n\n\n\n<li>Nadaje si\u0119 do polerowania kasumi i uszlachetniania kraw\u0119dzi<\/li>\n\n\n\n<li>\u0141atwe wytwarzanie szlamu<\/li>\n\n\n\n<li>P\u0142ynne i przewidywalne sprz\u0119\u017cenie zwrotne<\/li>\n\n\n\n<li>Dobra r\u00f3wnowaga mi\u0119dzy szybko\u015bci\u0105 i jako\u015bci\u0105 wyko\u0144czenia<\/li>\n\n\n\n<li>Dzia\u0142a dobrze z ok\u0142adzinami z mi\u0119kkiego \u017celaza i rdzeniami ze stali w\u0119glowej<\/li>\n\n\n\n<li>Nadaje si\u0119 do no\u017cy, polerowania z szerokim skosem i wyka\u0144czania konserwacyjnego<\/li>\n<\/ul>\n\n\n\n<h3 class=\"wp-block-heading\">Zalecane u\u017cycie<\/h3>\n\n\n\n<p>Najlepiej u\u017cywa\u0107 z lekkim szlamem generowanym przez tomo nagura lub p\u0142ytk\u0119 diamentow\u0105. Doskona\u0142y jako praktyczny kamie\u0144 wyko\u0144czeniowy kasumi do japo\u0144skich no\u017cy kuchennych.<\/p>","protected":false},"excerpt":{"rendered":"<ul>\n<li>Ohira Uchigumori jest najbardziej ceniony za wyko\u0144czenie Kasumi na ostrzu Sanmai (twarda stal pokryta bardziej mi\u0119kk\u0105 warstw\u0105), podkre\u015blaj\u0105ce r\u00f3\u017cnic\u0119 mi\u0119dzy twardymi i mi\u0119kkimi warstwami.<\/li>\n<li>Twardo\u015b\u0107: Poziom 4<\/li>\n<li>Wymiary ok. 208x75x34 mm<\/li>\n<li>Waga 1310 g.<\/li>\n<\/ul>","protected":false},"featured_media":6065,"comment_status":"closed","ping_status":"closed","template":"","meta":[],"product_brand":[],"product_cat":[22],"product_tag":[47,193],"class_list":{"0":"post-6062","1":"product","2":"type-product","3":"status-publish","4":"has-post-thumbnail","6":"product_cat-jnats","7":"product_tag-ohira","8":"product_tag-uchigumori","9":"product_shipping_class-iprastas","11":"first","12":"instock","13":"shipping-taxable","14":"purchasable","15":"product-type-simple"},"_links":{"self":[{"href":"https:\/\/jnats.eu\/pl\/wp-json\/wp\/v2\/product\/6062","targetHints":{"allow":["GET"]}}],"collection":[{"href":"https:\/\/jnats.eu\/pl\/wp-json\/wp\/v2\/product"}],"about":[{"href":"https:\/\/jnats.eu\/pl\/wp-json\/wp\/v2\/types\/product"}],"replies":[{"embeddable":true,"href":"https:\/\/jnats.eu\/pl\/wp-json\/wp\/v2\/comments?post=6062"}],"wp:featuredmedia":[{"embeddable":true,"href":"https:\/\/jnats.eu\/pl\/wp-json\/wp\/v2\/media\/6065"}],"wp:attachment":[{"href":"https:\/\/jnats.eu\/pl\/wp-json\/wp\/v2\/media?parent=6062"}],"wp:term":[{"taxonomy":"product_brand","embeddable":true,"href":"https:\/\/jnats.eu\/pl\/wp-json\/wp\/v2\/product_brand?post=6062"},{"taxonomy":"product_cat","embeddable":true,"href":"https:\/\/jnats.eu\/pl\/wp-json\/wp\/v2\/product_cat?post=6062"},{"taxonomy":"product_tag","embeddable":true,"href":"https:\/\/jnats.eu\/pl\/wp-json\/wp\/v2\/product_tag?post=6062"}],"curies":[{"name":"wp","href":"https:\/\/api.w.org\/{rel}","templated":true}]}}