{"id":6071,"date":"2026-05-14T10:53:36","date_gmt":"2026-05-14T07:53:36","guid":{"rendered":"https:\/\/jnats.eu\/?post_type=product&#038;p=6071"},"modified":"2026-05-14T10:53:36","modified_gmt":"2026-05-14T07:53:36","slug":"premium-ohira-uchigumori-high-grade-kasumi-finishing-whetstone","status":"publish","type":"product","link":"https:\/\/jnats.eu\/pl\/produkt-2\/premium-ohira-uchigumori-high-grade-kasumi-finishing-whetstone\/","title":{"rendered":"Ohira Uchigumori Premium - wysokiej jako\u015bci kamie\u0144 wyko\u0144czeniowy Kasumi"},"content":{"rendered":"<figure class=\"wp-block-embed is-type-video is-provider-youtube wp-block-embed-youtube wp-embed-aspect-16-9 wp-has-aspect-ratio\"><div class=\"wp-block-embed__wrapper\">\n<div class=\"video-container\"><iframe title=\"Por\u00f3wnanie wyko\u0144czenia Ohira Uchigumori Kasumi | Kamie\u0144 szlachetny \u015bredniej klasy vs. kamie\u0144 szlachetny z wzorem lotosu najwy\u017cszej klasy\" width=\"1170\" height=\"658\" src=\"https:\/\/www.youtube.com\/embed\/lnU0K-G4t-Q?start=213&#038;feature=oembed\" frameborder=\"0\" allow=\"accelerometer; autoplay; clipboard-write; encrypted-media; gyroscope; picture-in-picture; web-share\" referrerpolicy=\"strict-origin-when-cross-origin\" allowfullscreen><\/iframe><\/div>\n<\/div><\/figure>\n\n\n\n<p>Wyj\u0105tkowy, wysokiej jako\u015bci kamie\u0144 naturalny Ohira Uchigumori z licznymi pi\u0119knymi wzorami \u201ckwiatu lotosu\u201d i wyj\u0105tkowymi w\u0142a\u015bciwo\u015bciami wyko\u0144czeniowymi.<\/p>\n\n\n\n<p>Kamie\u0144 ten reprezentuje najwy\u017cszy poziom jako\u015bci Uchigumori, zar\u00f3wno pod wzgl\u0119dem wizualnym, jak i funkcjonalnym. Tworzy wysoce wyrafinowane, jasne wyko\u0144czenie kasumi z doskona\u0142ym kontrastem, drobnymi detalami i bardzo eleganckim wygl\u0105dem powierzchni. Polerowanie jest g\u0142adkie, bogate i bardzo czu\u0142e, co zapewnia doskona\u0142e wra\u017cenia dotykowe podczas u\u017cytkowania.<\/p>\n\n\n\n<p>G\u0119sta, ale kremowa zawiesina pozwala na kontrolowane polerowanie przy jednoczesnym zachowaniu silnych w\u0142a\u015bciwo\u015bci tn\u0105cych, dzi\u0119ki czemu kamie\u0144 ten jest idealny do wysokiej jako\u015bci prac kasumi na japo\u0144skich ostrzach premium.<\/p>\n\n\n\n<h3 class=\"wp-block-heading\">Charakterystyka<\/h3>\n\n\n\n<ul class=\"wp-block-list\">\n<li>Wysoka klasa Ohira Uchigumori<\/li>\n\n\n\n<li>Liczne naturalne wzory \u201ckwiatu lotosu\u201d<\/li>\n\n\n\n<li>Doskona\u0142y kontrast i wyrafinowanie kasumi<\/li>\n\n\n\n<li>G\u0142adkie, kremowe uczucie ostrzenia<\/li>\n\n\n\n<li>Doskona\u0142e sprz\u0119\u017cenie zwrotne i kontrola polerowania<\/li>\n\n\n\n<li>Precyzyjne i sp\u00f3jne zachowanie \u015bcierne<\/li>\n\n\n\n<li>Idealny do no\u017cy z szerokim skosem klasy premium i szczeg\u00f3\u0142owych prac wyko\u0144czeniowych<\/li>\n\n\n\n<li>Pi\u0119kny wygl\u0105d klasy kolekcjonerskiej<\/li>\n<\/ul>\n\n\n\n<h3 class=\"wp-block-heading\">Zalecane u\u017cycie<\/h3>\n\n\n\n<p>U\u017cywaj z mi\u0119kk\u0105, naturaln\u0105 nagur\u0105 lub lekkim szlamem, aby uzyska\u0107 maksymalny kontrast kasumi i wyrafinowan\u0105 tekstur\u0119 powierzchni. Szczeg\u00f3lnie nadaje si\u0119 do wysokiej klasy no\u017cy ze stali w\u0119glowej i tradycyjnych japo\u0144skich ostrzy z pojedynczym skosem.<\/p>\n\n\n\n<p>Ten typ Uchigumori jest ceniony nie tylko za wydajno\u015b\u0107, ale tak\u017ce za rzadko\u015b\u0107, wizualne pi\u0119kno i unikalny charakter wyko\u0144czenia.<\/p>","protected":false},"excerpt":{"rendered":"<ul>\n<li>Ohira Uchigumori jest najbardziej ceniony za wyko\u0144czenie Kasumi na ostrzu Sanmai (twarda stal pokryta bardziej mi\u0119kk\u0105 warstw\u0105), podkre\u015blaj\u0105ce r\u00f3\u017cnic\u0119 mi\u0119dzy twardymi i mi\u0119kkimi warstwami.<\/li>\n<li>Twardo\u015b\u0107: Lv 3.5<\/li>\n<li>Wymiary ok. 193x69x30 mm<\/li>\n<li>Waga 1050 g.<\/li>\n<li>Bezpieczne linie<\/li>\n<\/ul>","protected":false},"featured_media":6073,"comment_status":"closed","ping_status":"closed","template":"","meta":[],"product_brand":[],"product_cat":[22],"product_tag":[47,193],"class_list":{"0":"post-6071","1":"product","2":"type-product","3":"status-publish","4":"has-post-thumbnail","6":"product_cat-jnats","7":"product_tag-ohira","8":"product_tag-uchigumori","9":"product_shipping_class-iprastas","11":"first","12":"instock","13":"shipping-taxable","14":"purchasable","15":"product-type-simple"},"_links":{"self":[{"href":"https:\/\/jnats.eu\/pl\/wp-json\/wp\/v2\/product\/6071","targetHints":{"allow":["GET"]}}],"collection":[{"href":"https:\/\/jnats.eu\/pl\/wp-json\/wp\/v2\/product"}],"about":[{"href":"https:\/\/jnats.eu\/pl\/wp-json\/wp\/v2\/types\/product"}],"replies":[{"embeddable":true,"href":"https:\/\/jnats.eu\/pl\/wp-json\/wp\/v2\/comments?post=6071"}],"wp:featuredmedia":[{"embeddable":true,"href":"https:\/\/jnats.eu\/pl\/wp-json\/wp\/v2\/media\/6073"}],"wp:attachment":[{"href":"https:\/\/jnats.eu\/pl\/wp-json\/wp\/v2\/media?parent=6071"}],"wp:term":[{"taxonomy":"product_brand","embeddable":true,"href":"https:\/\/jnats.eu\/pl\/wp-json\/wp\/v2\/product_brand?post=6071"},{"taxonomy":"product_cat","embeddable":true,"href":"https:\/\/jnats.eu\/pl\/wp-json\/wp\/v2\/product_cat?post=6071"},{"taxonomy":"product_tag","embeddable":true,"href":"https:\/\/jnats.eu\/pl\/wp-json\/wp\/v2\/product_tag?post=6071"}],"curies":[{"name":"wp","href":"https:\/\/api.w.org\/{rel}","templated":true}]}}