{"id":621,"date":"2024-03-09T14:36:54","date_gmt":"2024-03-09T12:36:54","guid":{"rendered":"http:\/\/jnats.eu\/?post_type=product&#038;p=621"},"modified":"2026-03-25T23:53:21","modified_gmt":"2026-03-25T21:53:21","slug":"shapton-pro-stone-grit-30000-super-drobny-kamien-do-ostrzenia-murasaki-k0711","status":"publish","type":"product","link":"https:\/\/jnats.eu\/pl\/produkt-2\/shapton-pro-stone-grit-30000-super-drobny-kamien-do-ostrzenia-murasaki-k0711\/","title":{"rendered":"Bardzo drobny kamie\u0144 do ostrzenia Shapton Pro Stone o ziarnisto\u015bci 30000, murasaki, K0711"},"content":{"rendered":"<p>Kamie\u0144 Shapton Pro Stone o ziarnisto\u015bci 30 000, murasaki to wyj\u0105tkowy kamie\u0144 ostrz\u0105cy o ziarnisto\u015bci 30 000. Jest on tak drobny, \u017ce niemal mi\u0119kki w dotyku. Podobnie jak w przypadku wszystkich kamieni Shapton Pro, ten kamie\u0144 o ziarnisto\u015bci 30 000 umo\u017cliwia bardzo szybkie i r\u00f3wnomierne ostrzenie. Kamie\u0144 ostrz\u0105cy jest naprawd\u0119 zaprojektowany do ostatniego etapu procesu ostrzenia, dzi\u0119ki czemu nawet ostatni milimetr kraw\u0119dzi jest absolutnie ostry. Jest to idealne rozwi\u0105zanie na przyk\u0142ad do ostrzenia prostych brzytew. Przed przej\u015bciem na ten kamie\u0144, b\u0119dziesz chcia\u0142 u\u017cy\u0107 kamienia 12 000, je\u015bli ostrzysz twardsze stale. W przypadku bardziej mi\u0119kkich stali, bardziej odpowiedni b\u0119dzie kamie\u0144 8000. Je\u015bli nast\u0119pnie prawid\u0142owo u\u017cyjesz kamienia 30 000, kraw\u0119d\u017a b\u0119dzie ostrzejsza ni\u017c kiedykolwiek.<\/p>\n\n\n\n<p>Szczeg\u00f3lnie wa\u017cne jest, aby pracowa\u0107 tak czysto, jak to mo\u017cliwe z tym wspania\u0142ym kamieniem 30 000. Zw\u0142aszcza je\u015bli wcze\u015bniej my\u015bla\u0142e\u015b o wi\u0119kszym kamieniu. Przed u\u017cyciem kamienia nale\u017cy dok\u0142adnie wyczy\u015bci\u0107 n\u00f3\u017c\/narz\u0119dzie. To samo dotyczy r\u0105k i miejsc pod paznokciami. Zmniejsza to ryzyko wyszczerbienia delikatnej powierzchni kamienia.<\/p>\n\n\n\n<p>W Japonii te kolorowe kamienie ostrz\u0105ce Shapton Pro s\u0105 r\u00f3wnie\u017c znane jako Shapton Ha-No-Kuromaku. S\u0105 to najgrubsze kamienie ostrz\u0105ce Shapton, mierz\u0105ce 15 mm grubo\u015bci. Jak przysta\u0142o na Shapton, ka\u017cdy kamie\u0144 ma pi\u0119kn\u0105 jednorodn\u0105 struktur\u0119, z r\u00f3wnomiernie roz\u0142o\u017conymi ceramicznymi cz\u0105stkami ostrz\u0105cymi. Zapewnia to naprawd\u0119 r\u00f3wnomierne ostrzenie. Poniewa\u017c kamienie s\u0105 stosunkowo twarde, szybko usuwaj\u0105 stal i nie zu\u017cywaj\u0105 si\u0119 przez d\u0142ugi czas.<\/p>\n\n\n\n<figure class=\"wp-block-embed is-type-video is-provider-youtube wp-block-embed-youtube wp-embed-aspect-16-9 wp-has-aspect-ratio\"><div class=\"wp-block-embed__wrapper\">\n<div class=\"video-container\"><iframe title=\"30,000 Grit!\" width=\"1170\" height=\"658\" src=\"https:\/\/www.youtube.com\/embed\/Ut_PF5dlmlQ?feature=oembed\" frameborder=\"0\" allow=\"accelerometer; autoplay; clipboard-write; encrypted-media; gyroscope; picture-in-picture; web-share\" allowfullscreen><\/iframe><\/div>\n<\/div><\/figure>","protected":false},"excerpt":{"rendered":"<ul>\n<li>Najmniejszy kamie\u0144 ostrz\u0105cy na rynku<\/li>\n<li>Mo\u017ce pracowa\u0107 z wod\u0105 lub smarem<\/li>\n<li>Wymiary i waga:<\/li>\n<li>Wysoko\u015b\u0107 1,6 cm<\/li>\n<li>Wysoko\u015b\u0107 pude\u0142ka \/ walizki 3,7 cm<\/li>\n<li>U\u017cyteczna frakcja wysoko\u015bci 1,6 cm<\/li>\n<li>D\u0142ugo\u015b\u0107 21 cm<\/li>\n<li>D\u0142ugo\u015b\u0107 pude\u0142ka 22,3 cm<\/li>\n<li>Cz\u0119\u015b\u0107 u\u017cytkowa 21 cm<\/li>\n<li>Waga 510 g<\/li>\n<li>Szeroko\u015b\u0107 7 cm<\/li>\n<li>Szeroko\u015b\u0107 pude\u0142ka 8,6 cm<\/li>\n<li>Szeroko\u015b\u0107 u\u017cywanej cz\u0119\u015bci 7 cm<\/li>\n<li>Materia\u0142y:<\/li>\n<li>Ceramika \u015bcierna, bia\u0142y tlenek glinu<\/li>\n<li>Spoiwo ceramiczne<\/li>\n<\/ul>","protected":false},"featured_media":624,"comment_status":"open","ping_status":"closed","template":"","meta":[],"product_brand":[],"product_cat":[290],"product_tag":[145,144,143],"class_list":{"0":"post-621","1":"product","2":"type-product","3":"status-publish","4":"has-post-thumbnail","6":"product_cat-whetstones","7":"product_tag-k0711","8":"product_tag-murasaki","9":"product_tag-shapton","10":"product_shipping_class-iprastas","12":"first","13":"outofstock","14":"shipping-taxable","15":"purchasable","16":"product-type-simple"},"_links":{"self":[{"href":"https:\/\/jnats.eu\/pl\/wp-json\/wp\/v2\/product\/621","targetHints":{"allow":["GET"]}}],"collection":[{"href":"https:\/\/jnats.eu\/pl\/wp-json\/wp\/v2\/product"}],"about":[{"href":"https:\/\/jnats.eu\/pl\/wp-json\/wp\/v2\/types\/product"}],"replies":[{"embeddable":true,"href":"https:\/\/jnats.eu\/pl\/wp-json\/wp\/v2\/comments?post=621"}],"wp:featuredmedia":[{"embeddable":true,"href":"https:\/\/jnats.eu\/pl\/wp-json\/wp\/v2\/media\/624"}],"wp:attachment":[{"href":"https:\/\/jnats.eu\/pl\/wp-json\/wp\/v2\/media?parent=621"}],"wp:term":[{"taxonomy":"product_brand","embeddable":true,"href":"https:\/\/jnats.eu\/pl\/wp-json\/wp\/v2\/product_brand?post=621"},{"taxonomy":"product_cat","embeddable":true,"href":"https:\/\/jnats.eu\/pl\/wp-json\/wp\/v2\/product_cat?post=621"},{"taxonomy":"product_tag","embeddable":true,"href":"https:\/\/jnats.eu\/pl\/wp-json\/wp\/v2\/product_tag?post=621"}],"curies":[{"name":"wp","href":"https:\/\/api.w.org\/{rel}","templated":true}]}}