{"id":628,"date":"2024-03-11T10:24:53","date_gmt":"2024-03-11T08:24:53","guid":{"rendered":"http:\/\/jnats.eu\/?post_type=product&#038;p=628"},"modified":"2024-09-21T14:43:37","modified_gmt":"2024-09-21T11:43:37","slug":"kamisori-tamahagane-tradycyjna-japonska-maszynka-do-golenia","status":"publish","type":"product","link":"https:\/\/jnats.eu\/pl\/produkt-2\/kamisori-tamahagane-tradycyjna-japonska-maszynka-do-golenia\/","title":{"rendered":"Tradycyjna japo\u0144ska maszynka do golenia Kamisori Tamahagane Eisho"},"content":{"rendered":"<p>Zabytkowa japo\u0144ska brzytwa Kamisori Eisho z ostrzem ze stali Tamahagane<\/p>\n\n\n\n<p>Do\u015bwiadcz ponadczasowego kunsztu i niezr\u00f3wnanego rzemios\u0142a japo\u0144skiej produkcji brzytew dzi\u0119ki zabytkowej brzytwie Kamisori z ostrzem ze stali Tamahagane. Stworzona przez wykwalifikowanych rzemie\u015blnik\u00f3w, brzytwa ta uciele\u015bnia wielowiekow\u0105 japo\u0144sk\u0105 tradycj\u0119 miecznicz\u0105, oferuj\u0105c po\u0142\u0105czenie wykwintnego wzornictwa i doskona\u0142ej ostro\u015bci.<\/p>\n\n\n\n<p>Ostrze tej brzytwy Kamisori jest wykute z autentycznej stali Tamahagane, znanej z wyj\u0105tkowej ostro\u015bci, trwa\u0142o\u015bci i wyra\u017anych wzor\u00f3w. Ka\u017cde ostrze jest starannie wykonane, aby zapewni\u0107 doskona\u0142\u0105 wydajno\u015b\u0107 ci\u0119cia i trwa\u0142o\u015b\u0107.<\/p>\n\n\n\n<p>Twardy stalowy rdze\u0144 jest osadzany przez kowala w mi\u0119kkiej pochwie, tak jak w s\u0142ynnych japo\u0144skich katanach.<\/p>\n\n\n\n<p>Autentyczno\u015b\u0107 i dziedzictwo: Jako staro\u017cytne dzie\u0142o sztuki, brzytwa Kamisori ma bogate dziedzictwo i znaczenie kulturowe w japo\u0144skim rzemio\u015ble. Ka\u017cda brzytwa jest \u015bwiadectwem po\u015bwi\u0119cenia i kunsztu rzemie\u015blnik\u00f3w, kt\u00f3rzy od pokole\u0144 kultywuj\u0105 tradycj\u0119 Kamisori.<\/p>\n\n\n\n<p>Specyfikacja:<\/p>\n\n\n\n<ul class=\"wp-block-list\">\n<li>Materia\u0142 ostrza: stal Tamahagane jest hartowana do 70 HRC, dzi\u0119ki czemu zachowuje ostro\u015b\u0107 przez d\u0142ugi czas.<\/li>\n\n\n\n<li>D\u0142ugo\u015b\u0107 ostrza: 40 mm<\/li>\n\n\n\n<li>Materia\u0142 uchwytu: stal<\/li>\n\n\n\n<li>D\u0142ugo\u015b\u0107 ca\u0142kowita: 143 mm<\/li>\n\n\n\n<li>Mistrz: Eisho<\/li>\n\n\n\n<li>Pochodzenie: Japonia<\/li>\n<\/ul>\n\n\n\n<figure class=\"wp-block-embed is-type-video is-provider-youtube wp-block-embed-youtube wp-embed-aspect-16-9 wp-has-aspect-ratio\"><div class=\"wp-block-embed__wrapper\">\n<div class=\"video-container\"><iframe title=\"Tradycyjna japo\u0144ska maszynka do golenia Kamisori Tamahagane\" width=\"1170\" height=\"658\" src=\"https:\/\/www.youtube.com\/embed\/Xmzw6qqJJ6w?feature=oembed\" frameborder=\"0\" allow=\"accelerometer; autoplay; clipboard-write; encrypted-media; gyroscope; picture-in-picture; web-share\" allowfullscreen><\/iframe><\/div>\n<\/div><\/figure>","protected":false},"excerpt":{"rendered":"<ul>\n<li>Materia\u0142 ostrza: stal Tamahagane jest hartowana do 70 HRC, dzi\u0119ki czemu zachowuje ostro\u015b\u0107 przez d\u0142ugi czas.<\/li>\n<li>D\u0142ugo\u015b\u0107 ostrza: 40 mm<\/li>\n<li>Materia\u0142 uchwytu: stal<\/li>\n<li>D\u0142ugo\u015b\u0107 ca\u0142kowita: 143 mm<\/li>\n<li>Mistrz: Eisho<\/li>\n<li>Pochodzenie: Japonia<\/li>\n<\/ul>","protected":false},"featured_media":1095,"comment_status":"open","ping_status":"closed","template":"","meta":[],"product_brand":[],"product_cat":[23],"product_tag":[25,147,26],"class_list":{"0":"post-628","1":"product","2":"type-product","3":"status-publish","4":"has-post-thumbnail","6":"product_cat-razors","7":"product_tag-kamisori","8":"product_tag-kamisori-tamahagane","9":"product_tag-tamahagane","10":"product_shipping_class-light","12":"first","13":"outofstock","14":"sold-individually","15":"shipping-taxable","16":"purchasable","17":"product-type-variable"},"_links":{"self":[{"href":"https:\/\/jnats.eu\/pl\/wp-json\/wp\/v2\/product\/628","targetHints":{"allow":["GET"]}}],"collection":[{"href":"https:\/\/jnats.eu\/pl\/wp-json\/wp\/v2\/product"}],"about":[{"href":"https:\/\/jnats.eu\/pl\/wp-json\/wp\/v2\/types\/product"}],"replies":[{"embeddable":true,"href":"https:\/\/jnats.eu\/pl\/wp-json\/wp\/v2\/comments?post=628"}],"wp:featuredmedia":[{"embeddable":true,"href":"https:\/\/jnats.eu\/pl\/wp-json\/wp\/v2\/media\/1095"}],"wp:attachment":[{"href":"https:\/\/jnats.eu\/pl\/wp-json\/wp\/v2\/media?parent=628"}],"wp:term":[{"taxonomy":"product_brand","embeddable":true,"href":"https:\/\/jnats.eu\/pl\/wp-json\/wp\/v2\/product_brand?post=628"},{"taxonomy":"product_cat","embeddable":true,"href":"https:\/\/jnats.eu\/pl\/wp-json\/wp\/v2\/product_cat?post=628"},{"taxonomy":"product_tag","embeddable":true,"href":"https:\/\/jnats.eu\/pl\/wp-json\/wp\/v2\/product_tag?post=628"}],"curies":[{"name":"wp","href":"https:\/\/api.w.org\/{rel}","templated":true}]}}