{"id":638,"date":"2025-01-22T14:32:21","date_gmt":"2025-01-22T12:32:21","guid":{"rendered":"http:\/\/jnats.eu\/?post_type=product&#038;p=638"},"modified":"2026-01-17T11:36:53","modified_gmt":"2026-01-17T09:36:53","slug":"tradycyjne-japonskie-maszynki-do-golenia-kamisori","status":"publish","type":"product","link":"https:\/\/jnats.eu\/pl\/produkt-2\/tradycyjne-japonskie-maszynki-do-golenia-kamisori\/","title":{"rendered":"Tradycyjne japo\u0144skie maszynki do golenia Kamisori"},"content":{"rendered":"<p>Podobnie jak tradycyjny miecz samurajski, te Kamisori zosta\u0142y r\u0119cznie wykute z dw\u00f3ch warstw, cz\u0119\u015bci tn\u0105cej wykonanej ze stali wysokow\u0119glowej i warstwy no\u015bnej z prostszej stali. Warstwa stali jest krucha i twarda, podczas gdy pochwa zapewnia niezb\u0119dn\u0105 elastyczno\u015b\u0107.<\/p>\n\n\n\n<figure class=\"wp-block-embed is-type-video is-provider-youtube wp-block-embed-youtube wp-embed-aspect-16-9 wp-has-aspect-ratio\"><div class=\"wp-block-embed__wrapper\">\n<div class=\"video-container\"><iframe title=\"Tradycyjne japo\u0144skie maszynki do golenia Kamisori\" width=\"1170\" height=\"658\" src=\"https:\/\/www.youtube.com\/embed\/mX8JwuToyuw?feature=oembed\" frameborder=\"0\" allow=\"accelerometer; autoplay; clipboard-write; encrypted-media; gyroscope; picture-in-picture; web-share\" referrerpolicy=\"strict-origin-when-cross-origin\" allowfullscreen><\/iframe><\/div>\n<\/div><\/figure>\n\n\n\n<p>Obie warstwy nie s\u0105 odporne na rdz\u0119, dlatego po goleniu maszynk\u0119 nale\u017cy zawsze utrzymywa\u0107 w stanie suchym i zabezpieczy\u0107 cienk\u0105 warstw\u0105 oleju. Dlaczego ostrze rdzewieje? Ostrza bez rdzy s\u0105 wykonane ze stopu, kt\u00f3ry zapobiega powstawaniu plam korozyjnych, ale jest te\u017c mniej twardy. Stal wysokow\u0119glowa, taka jak warstwa tn\u0105ca tej maszynki Kamisori, zapewnia znacznie wy\u017csz\u0105 twardo\u015b\u0107 i umo\u017cliwia p\u0142ynne golenie przez znacznie d\u0142u\u017cszy czas, zanim konieczne b\u0119dzie ponowne ostrzenie!<\/p>","protected":false},"excerpt":{"rendered":"<p>Podobnie jak tradycyjny miecz samurajski, te Kamisori zosta\u0142y r\u0119cznie wykute z dw\u00f3ch warstw, cz\u0119\u015bci tn\u0105cej wykonanej ze stali wysokow\u0119glowej i warstwy no\u015bnej z prostszej stali. Warstwa stali jest krucha i twarda, podczas gdy pochwa zapewnia niezb\u0119dn\u0105 elastyczno\u015b\u0107.<\/p>\n<p><strong>U\u017cyj go i nie zastanawiaj si\u0119 dwa razy.<\/strong><\/p>\n<p>Je\u017celi na li\u015bcie nie ma pozycji Nr, oznacza to, \u017ce przedmiot zosta\u0142 sprzedany.<\/p>\n<p>&nbsp;<\/p>","protected":false},"featured_media":3833,"comment_status":"open","ping_status":"closed","template":"","meta":[],"product_brand":[],"product_cat":[23],"product_tag":[25],"class_list":{"0":"post-638","1":"product","2":"type-product","3":"status-publish","4":"has-post-thumbnail","6":"product_cat-razors","7":"product_tag-kamisori","8":"product_shipping_class-light","10":"first","11":"instock","12":"sale","13":"sold-individually","14":"shipping-taxable","15":"purchasable","16":"product-type-variable"},"_links":{"self":[{"href":"https:\/\/jnats.eu\/pl\/wp-json\/wp\/v2\/product\/638","targetHints":{"allow":["GET"]}}],"collection":[{"href":"https:\/\/jnats.eu\/pl\/wp-json\/wp\/v2\/product"}],"about":[{"href":"https:\/\/jnats.eu\/pl\/wp-json\/wp\/v2\/types\/product"}],"replies":[{"embeddable":true,"href":"https:\/\/jnats.eu\/pl\/wp-json\/wp\/v2\/comments?post=638"}],"wp:featuredmedia":[{"embeddable":true,"href":"https:\/\/jnats.eu\/pl\/wp-json\/wp\/v2\/media\/3833"}],"wp:attachment":[{"href":"https:\/\/jnats.eu\/pl\/wp-json\/wp\/v2\/media?parent=638"}],"wp:term":[{"taxonomy":"product_brand","embeddable":true,"href":"https:\/\/jnats.eu\/pl\/wp-json\/wp\/v2\/product_brand?post=638"},{"taxonomy":"product_cat","embeddable":true,"href":"https:\/\/jnats.eu\/pl\/wp-json\/wp\/v2\/product_cat?post=638"},{"taxonomy":"product_tag","embeddable":true,"href":"https:\/\/jnats.eu\/pl\/wp-json\/wp\/v2\/product_tag?post=638"}],"curies":[{"name":"wp","href":"https:\/\/api.w.org\/{rel}","templated":true}]}}