{"id":688,"date":"2025-03-20T09:13:48","date_gmt":"2025-03-20T07:13:48","guid":{"rendered":"http:\/\/jnats.eu\/?post_type=product&#038;p=688"},"modified":"2026-03-10T23:08:44","modified_gmt":"2026-03-10T21:08:44","slug":"japonska-naturalna-oselka-shobudani-ikumurasaki","status":"publish","type":"product","link":"https:\/\/jnats.eu\/pl\/produkt-2\/japonska-naturalna-oselka-shobudani-ikumurasaki\/","title":{"rendered":"Shobudani Ikumurasaki Lv 4 Japo\u0144ski naturalny kamie\u0144 do ostrzenia"},"content":{"rendered":"<p>Shobudani to jedna z najs\u0142ynniejszych i najbardziej cenionych (po Nakayama) kopalni w Japonii, s\u0142yn\u0105ca z wysokiej jako\u015bci naturalnych kamieni do ostrzenia. Kamienie te s\u0105 cenione za swoje wyj\u0105tkowe w\u0142a\u015bciwo\u015bci, kt\u00f3re pozwalaj\u0105 na osi\u0105gni\u0119cie doskona\u0142ych efekt\u00f3w ostrzenia.<\/p>\n\n\n\n<figure class=\"wp-block-embed is-type-video is-provider-youtube wp-block-embed-youtube wp-embed-aspect-16-9 wp-has-aspect-ratio\"><div class=\"wp-block-embed__wrapper\">\n<div class=\"video-container\"><iframe title=\"Jnaty: Nakayama Tomae, Aiwatani Kiita, Shobudani Ikimurasaki\" width=\"1170\" height=\"658\" src=\"https:\/\/www.youtube.com\/embed\/MiOfq4JKRL4?start=125&#038;feature=oembed\" frameborder=\"0\" allow=\"accelerometer; autoplay; clipboard-write; encrypted-media; gyroscope; picture-in-picture; web-share\" referrerpolicy=\"strict-origin-when-cross-origin\" allowfullscreen><\/iframe><\/div>\n<\/div><\/figure>\n\n\n\n<p>Naturalne japo\u0144skie kamienie do ostrzenia, takie jak te wydobywane w kopalni Shobudani, s\u0142yn\u0105 ze swoich w\u0142a\u015bciwo\u015bci zapewniania ostrzom d\u0142ugotrwa\u0142ej ostro\u015bci i wysokiej jako\u015bci wyko\u0144czenia. Cz\u0119sto u\u017cywa si\u0119 ich do ostrzenia brzytew, no\u017cy i narz\u0119dzi stolarskich. Ze wzgl\u0119du na swoj\u0105 rzadko\u015b\u0107 i walory estetyczne, wysokiej jako\u015bci kamienie z Shobudani s\u0105 wysoko cenione przez kolekcjoner\u00f3w i profesjonalnych ostrza\u0142ek.<\/p>","protected":false},"excerpt":{"rendered":"<ul>\n<li>Nadaje si\u0119 do wyka\u0144czania brzytew, no\u017cy i narz\u0119dzi.<\/li>\n<li>Wymiary: 205x74x22 mm<\/li>\n<li>Waga ze stojakiem 810 g<\/li>\n<li>Twardo\u015b\u0107: Poziom 4<\/li>\n<li>Bezpieczne linie<\/li>\n<\/ul>","protected":false},"featured_media":4174,"comment_status":"open","ping_status":"closed","template":"","meta":[],"product_brand":[],"product_cat":[22],"product_tag":[44],"class_list":{"0":"post-688","1":"product","2":"type-product","3":"status-publish","4":"has-post-thumbnail","6":"product_cat-jnats","7":"product_tag-shobudani","8":"product_shipping_class-iprastas","10":"first","11":"outofstock","12":"shipping-taxable","13":"purchasable","14":"product-type-simple"},"_links":{"self":[{"href":"https:\/\/jnats.eu\/pl\/wp-json\/wp\/v2\/product\/688","targetHints":{"allow":["GET"]}}],"collection":[{"href":"https:\/\/jnats.eu\/pl\/wp-json\/wp\/v2\/product"}],"about":[{"href":"https:\/\/jnats.eu\/pl\/wp-json\/wp\/v2\/types\/product"}],"replies":[{"embeddable":true,"href":"https:\/\/jnats.eu\/pl\/wp-json\/wp\/v2\/comments?post=688"}],"wp:featuredmedia":[{"embeddable":true,"href":"https:\/\/jnats.eu\/pl\/wp-json\/wp\/v2\/media\/4174"}],"wp:attachment":[{"href":"https:\/\/jnats.eu\/pl\/wp-json\/wp\/v2\/media?parent=688"}],"wp:term":[{"taxonomy":"product_brand","embeddable":true,"href":"https:\/\/jnats.eu\/pl\/wp-json\/wp\/v2\/product_brand?post=688"},{"taxonomy":"product_cat","embeddable":true,"href":"https:\/\/jnats.eu\/pl\/wp-json\/wp\/v2\/product_cat?post=688"},{"taxonomy":"product_tag","embeddable":true,"href":"https:\/\/jnats.eu\/pl\/wp-json\/wp\/v2\/product_tag?post=688"}],"curies":[{"name":"wp","href":"https:\/\/api.w.org\/{rel}","templated":true}]}}