{"id":698,"date":"2024-03-11T18:21:19","date_gmt":"2024-03-11T16:21:19","guid":{"rendered":"http:\/\/jnats.eu\/?post_type=product&#038;p=698"},"modified":"2025-01-25T14:00:21","modified_gmt":"2025-01-25T12:00:21","slug":"japonski-naturalny-kamien-do-ostrzenia-narutaki-2","status":"publish","type":"product","link":"https:\/\/jnats.eu\/pl\/produkt-2\/japonski-naturalny-kamien-do-ostrzenia-narutaki-2\/","title":{"rendered":"Japo\u0144ski naturalny kamie\u0144 do ostrzenia Narutaki"},"content":{"rendered":"<p>Nr 1&nbsp;<\/p>\n\n\n\n<ul class=\"wp-block-list\">\n<li>Nadaje si\u0119 do wyka\u0144czania brzytew, no\u017cy i innych narz\u0119dzi.<\/li>\n\n\n\n<li>Wymiary: 208x78x33 mm<\/li>\n\n\n\n<li>Waga 1320 g<\/li>\n\n\n\n<li>Twardo\u015b\u0107: Poziom 4<\/li>\n<\/ul>\n\n\n\n<figure class=\"wp-block-embed is-type-video is-provider-youtube wp-block-embed-youtube wp-embed-aspect-16-9 wp-has-aspect-ratio\"><div class=\"wp-block-embed__wrapper\">\n<div class=\"video-container\"><iframe title=\"Japo\u0144ska naturalna ose\u0142ka do ostrzenia Narutaki Peace vintage razor\" width=\"1170\" height=\"658\" src=\"https:\/\/www.youtube.com\/embed\/cjV-H4y3MSs?feature=oembed\" frameborder=\"0\" allow=\"accelerometer; autoplay; clipboard-write; encrypted-media; gyroscope; picture-in-picture; web-share\" referrerpolicy=\"strict-origin-when-cross-origin\" allowfullscreen><\/iframe><\/div>\n<\/div><\/figure>\n\n\n\n<p>Nr 2<\/p>\n\n\n\n<ul class=\"wp-block-list\">\n<li>Nadaje si\u0119 do wyka\u0144czania brzytew, no\u017cy i narz\u0119dzi.<\/li>\n\n\n\n<li>Wymiary: 207x76x32 mm<\/li>\n\n\n\n<li>Waga 1270 g<\/li>\n\n\n\n<li>Twardo\u015b\u0107: Poz. 4,5<\/li>\n<\/ul>\n\n\n\n<figure class=\"wp-block-embed is-type-video is-provider-youtube wp-block-embed-youtube wp-embed-aspect-16-9 wp-has-aspect-ratio\"><div class=\"wp-block-embed__wrapper\">\n<div class=\"video-container\"><iframe title=\"Japo\u0144ski naturalny kamie\u0144 do ostrzenia Narutaki\" width=\"1170\" height=\"658\" src=\"https:\/\/www.youtube.com\/embed\/0nEhbGQTV3Y?feature=oembed\" frameborder=\"0\" allow=\"accelerometer; autoplay; clipboard-write; encrypted-media; gyroscope; picture-in-picture; web-share\" referrerpolicy=\"strict-origin-when-cross-origin\" allowfullscreen><\/iframe><\/div>\n<\/div><\/figure>\n\n\n\n<p>Nr 3<\/p>\n\n\n\n<ul class=\"wp-block-list\">\n<li>Nadaje si\u0119 do wyka\u0144czania no\u017cy i narz\u0119dzi.<\/li>\n\n\n\n<li>Wymiary: 204x73x36 mm<\/li>\n\n\n\n<li>Waga 1500 g<\/li>\n\n\n\n<li>Twardo\u015b\u0107: Poziom 4<\/li>\n<\/ul>\n\n\n\n<figure class=\"wp-block-embed is-type-video is-provider-youtube wp-block-embed-youtube wp-embed-aspect-16-9 wp-has-aspect-ratio\"><div class=\"wp-block-embed__wrapper\">\n<div class=\"video-container\"><iframe title=\"Japo\u0144ski naturalny kamie\u0144 do ostrzenia Narutaki\" width=\"1170\" height=\"658\" src=\"https:\/\/www.youtube.com\/embed\/0Y3N0kWd9cM?feature=oembed\" frameborder=\"0\" allow=\"accelerometer; autoplay; clipboard-write; encrypted-media; gyroscope; picture-in-picture; web-share\" allowfullscreen><\/iframe><\/div>\n<\/div><\/figure>\n\n\n\n<p>G\u0142\u00f3wne zalety naturalnych japo\u0144skich kamieni ostrz\u0105cych:<\/p>\n\n\n\n<ul class=\"wp-block-list\">\n<li>Narz\u0119dzia d\u0142u\u017cej pozostaj\u0105 ostre<\/li>\n\n\n\n<li>Kamienie nie ulegaj\u0105 zanieczyszczeniu odpadami metalowymi<\/li>\n\n\n\n<li>\u0141atwy demonta\u017c zasuwy<\/li>\n\n\n\n<li>Niesamowita reakcja, kt\u00f3ra pozwala dok\u0142adnie poczu\u0107, co dzieje si\u0119 na metalowej powierzchni.<\/li>\n<\/ul>","protected":false},"excerpt":{"rendered":"<p>Nr 1<\/p>\n<ul>\n<li>Nadaje si\u0119 do wyka\u0144czania no\u017cy i narz\u0119dzi.<\/li>\n<li>Wymiary: 208x78x33 mm<\/li>\n<li>Waga 1320 g<\/li>\n<li>Twardo\u015b\u0107: Poziom 4<\/li>\n<\/ul>\n<p>Nr 2<\/p>\n<ul>\n<li>Nadaje si\u0119 do wyka\u0144czania brzytew, no\u017cy i narz\u0119dzi.<\/li>\n<li>Wymiary: 207x76x32 mm<\/li>\n<li>Waga 1270 g<\/li>\n<li>Twardo\u015b\u0107: Poz. 4,5<\/li>\n<\/ul>\n<p>Nr 3<\/p>\n<ul>\n<li>Nadaje si\u0119 do wyka\u0144czania no\u017cy i narz\u0119dzi.<\/li>\n<li>Wymiary: 204x73x36 mm<\/li>\n<li>Waga 1500 g<\/li>\n<li>Twardo\u015b\u0107: Poziom 4<\/li>\n<\/ul>","protected":false},"featured_media":1320,"comment_status":"open","ping_status":"closed","template":"","meta":[],"product_brand":[],"product_cat":[22],"product_tag":[146],"class_list":{"0":"post-698","1":"product","2":"type-product","3":"status-publish","4":"has-post-thumbnail","6":"product_cat-jnats","7":"product_tag-narutaki","8":"product_shipping_class-iprastas","10":"first","11":"instock","12":"sold-individually","13":"shipping-taxable","14":"purchasable","15":"product-type-variable"},"_links":{"self":[{"href":"https:\/\/jnats.eu\/pl\/wp-json\/wp\/v2\/product\/698","targetHints":{"allow":["GET"]}}],"collection":[{"href":"https:\/\/jnats.eu\/pl\/wp-json\/wp\/v2\/product"}],"about":[{"href":"https:\/\/jnats.eu\/pl\/wp-json\/wp\/v2\/types\/product"}],"replies":[{"embeddable":true,"href":"https:\/\/jnats.eu\/pl\/wp-json\/wp\/v2\/comments?post=698"}],"wp:featuredmedia":[{"embeddable":true,"href":"https:\/\/jnats.eu\/pl\/wp-json\/wp\/v2\/media\/1320"}],"wp:attachment":[{"href":"https:\/\/jnats.eu\/pl\/wp-json\/wp\/v2\/media?parent=698"}],"wp:term":[{"taxonomy":"product_brand","embeddable":true,"href":"https:\/\/jnats.eu\/pl\/wp-json\/wp\/v2\/product_brand?post=698"},{"taxonomy":"product_cat","embeddable":true,"href":"https:\/\/jnats.eu\/pl\/wp-json\/wp\/v2\/product_cat?post=698"},{"taxonomy":"product_tag","embeddable":true,"href":"https:\/\/jnats.eu\/pl\/wp-json\/wp\/v2\/product_tag?post=698"}],"curies":[{"name":"wp","href":"https:\/\/api.w.org\/{rel}","templated":true}]}}