{"id":714,"date":"2024-03-11T18:36:21","date_gmt":"2024-03-11T16:36:21","guid":{"rendered":"http:\/\/jnats.eu\/?post_type=product&#038;p=714"},"modified":"2025-01-02T11:05:58","modified_gmt":"2025-01-02T09:05:58","slug":"mikawa-button-nagura","status":"publish","type":"product","link":"https:\/\/jnats.eu\/pl\/produkt-2\/mikawa-button-nagura\/","title":{"rendered":"Mikawa Botan Nagura Japo\u0144ski naturalny kamie\u0144 do ostrzenia"},"content":{"rendered":"<p>Te naturalne kamienie szlifierskie, wydobywane w prefekturze Aichi w Japonii, by\u0142y u\u017cywane przez wieki jako cz\u0119\u015b\u0107 procesu polerowania tradycyjnych japo\u0144skich mieczy samurajskich. W ostatnich latach sta\u0142y si\u0119 popularne i s\u0105 u\u017cywane do polerowania i ostrzenia wielu innych ostrych narz\u0119dzi. Ich szybko\u015b\u0107 i jednolity rozmiar cz\u0105stek sprawiaj\u0105, \u017ce s\u0105 bardzo skuteczne w przypadku no\u017cy kuchennych. Zdolno\u015b\u0107 do tworzenia ostrej kraw\u0119dzi z doskona\u0142\u0105 r\u00f3wnowag\u0105 ostro\u015bci i doskona\u0142o\u015bci, a tak\u017ce do polerowania powierzchni w szczeg\u00f3\u0142owy i r\u00f3wnomierny spos\u00f3b. Idealnie nadaj\u0105 si\u0119 do ostrzenia po zarysowaniu syntetycznych kamieni szlifierskich o \u015bredniej ziarnisto\u015bci. Mo\u017ce by\u0107 przydatna jako wst\u0119pna polerka przed bardzo drobnymi kamieniami naturalnymi i mo\u017ce dobrze sprawdza\u0107 si\u0119 zar\u00f3wno w przypadku laminowanych, jak i monochromatycznych wyko\u0144cze\u0144 no\u017cy stalowych.<\/p>\n\n\n\n<p>Kamie\u0144 Mikawa Botan Nagura z \u0142atwo\u015bci\u0105 usuwa rysy z grubszych ziaren. P\u0142ynne ostrzenie, kt\u00f3re nie \"zabiera\" ostrza, a tak\u017ce szczeg\u00f3\u0142owa linia szamonu i jasny szron na stali z p\u0142ytkimi drobnymi zadrapaniami. Idealnie z\u0105bkowane ostrze nadaje si\u0119 do ka\u017cdego no\u017ca kuchennego.<\/p>\n\n\n\n<ul class=\"wp-block-list\">\n<li>Nadaje si\u0119 do wyka\u0144czania i polerowania no\u017cy i narz\u0119dzi<\/li>\n\n\n\n<li>Wymiary: 210x79x41 mm<\/li>\n\n\n\n<li>Waga 1470 g<\/li>\n\n\n\n<li>Twardo\u015b\u0107: Lv 3.5<\/li>\n\n\n\n<li>Bardzo szybki kamie\u0144 o regularnym kszta\u0142cie.<\/li>\n\n\n\n<li>Obie strony nadaj\u0105 si\u0119 do pracy.<\/li>\n<\/ul>\n\n\n\n<figure class=\"wp-block-embed is-type-video is-provider-youtube wp-block-embed-youtube wp-embed-aspect-16-9 wp-has-aspect-ratio\"><div class=\"wp-block-embed__wrapper\">\n<div class=\"video-container\"><iframe title=\"Mikawa Button Nagura Japo\u0144ski kamie\u0144 naturalny\" width=\"1170\" height=\"658\" src=\"https:\/\/www.youtube.com\/embed\/J3MLGWThONE?feature=oembed\" frameborder=\"0\" allow=\"accelerometer; autoplay; clipboard-write; encrypted-media; gyroscope; picture-in-picture; web-share\" allowfullscreen><\/iframe><\/div>\n<\/div><\/figure>\n\n\n\n<p>G\u0142\u00f3wne zalety naturalnych japo\u0144skich kamieni ostrz\u0105cych:<\/p>\n\n\n\n<ul class=\"wp-block-list\">\n<li>Narz\u0119dzia d\u0142u\u017cej pozostaj\u0105 ostre<\/li>\n\n\n\n<li>Kamienie nie ulegaj\u0105 zanieczyszczeniu odpadami metalowymi<\/li>\n\n\n\n<li>\u0141atwy demonta\u017c zasuwy<\/li>\n\n\n\n<li>Niesamowita reakcja, kt\u00f3ra pozwala dok\u0142adnie poczu\u0107, co dzieje si\u0119 na metalowej powierzchni.<\/li>\n<\/ul>","protected":false},"excerpt":{"rendered":"<p><!-- wp:list --><\/p>\n<ul><!-- wp:list-item --><\/p>\n<li>Nadaje si\u0119 do wyka\u0144czania i polerowania no\u017cy i narz\u0119dzi<\/li>\n<p><!-- \/wp:list-item --><\/p>\n<p><!-- wp:list-item --><\/p>\n<li>Wymiary: 210\u00d741 mm<\/li>\n<p><!-- \/wp:list-item --><\/p>\n<p><!-- wp:list-item --><\/p>\n<li>Waga 1470 g<\/li>\n<p><!-- \/wp:list-item --><\/p>\n<p><!-- wp:list-item --><\/p>\n<li>Twardo\u015b\u0107: Lv 3.5<\/li>\n<p><!-- \/wp:list-item --><\/p>\n<p><!-- wp:list-item --><\/p>\n<li>Bardzo szybki kamie\u0144 o regularnym kszta\u0142cie.<\/li>\n<p><!-- \/wp:list-item --><\/p>\n<p><!-- wp:list-item --><\/p>\n<li>Obie strony nadaj\u0105 si\u0119 do pracy.<\/li>\n<p><!-- \/wp:list-item --><\/ul>\n<p><!-- \/wp:list --><\/p>","protected":false},"featured_media":1308,"comment_status":"open","ping_status":"closed","template":"","meta":[],"product_brand":[],"product_cat":[22],"product_tag":[152,151,153],"class_list":{"0":"post-714","1":"product","2":"type-product","3":"status-publish","4":"has-post-thumbnail","6":"product_cat-jnats","7":"product_tag-button","8":"product_tag-mikawa","9":"product_tag-nagura","10":"product_shipping_class-iprastas","12":"first","13":"outofstock","14":"sale","15":"shipping-taxable","16":"purchasable","17":"product-type-simple"},"_links":{"self":[{"href":"https:\/\/jnats.eu\/pl\/wp-json\/wp\/v2\/product\/714","targetHints":{"allow":["GET"]}}],"collection":[{"href":"https:\/\/jnats.eu\/pl\/wp-json\/wp\/v2\/product"}],"about":[{"href":"https:\/\/jnats.eu\/pl\/wp-json\/wp\/v2\/types\/product"}],"replies":[{"embeddable":true,"href":"https:\/\/jnats.eu\/pl\/wp-json\/wp\/v2\/comments?post=714"}],"wp:featuredmedia":[{"embeddable":true,"href":"https:\/\/jnats.eu\/pl\/wp-json\/wp\/v2\/media\/1308"}],"wp:attachment":[{"href":"https:\/\/jnats.eu\/pl\/wp-json\/wp\/v2\/media?parent=714"}],"wp:term":[{"taxonomy":"product_brand","embeddable":true,"href":"https:\/\/jnats.eu\/pl\/wp-json\/wp\/v2\/product_brand?post=714"},{"taxonomy":"product_cat","embeddable":true,"href":"https:\/\/jnats.eu\/pl\/wp-json\/wp\/v2\/product_cat?post=714"},{"taxonomy":"product_tag","embeddable":true,"href":"https:\/\/jnats.eu\/pl\/wp-json\/wp\/v2\/product_tag?post=714"}],"curies":[{"name":"wp","href":"https:\/\/api.w.org\/{rel}","templated":true}]}}