{"id":726,"date":"2024-03-11T18:46:54","date_gmt":"2024-03-11T16:46:54","guid":{"rendered":"http:\/\/jnats.eu\/?post_type=product&#038;p=726"},"modified":"2024-10-21T14:33:04","modified_gmt":"2024-10-21T11:33:04","slug":"japonski-kamien-naturalny-ho-nagura","status":"publish","type":"product","link":"https:\/\/jnats.eu\/pl\/produkt-2\/japonski-kamien-naturalny-ho-nagura\/","title":{"rendered":"Japo\u0144ski kamie\u0144 naturalny Ho Nagura"},"content":{"rendered":"<p>Te naturalne kamienie szlifierskie, wydobywane w prefekturze Aichi w Japonii, by\u0142y u\u017cywane przez wieki jako cz\u0119\u015b\u0107 procesu polerowania tradycyjnych japo\u0144skich mieczy samurajskich. W ostatnich latach sta\u0142y si\u0119 popularne i s\u0105 u\u017cywane do polerowania i ostrzenia wielu innych ostrych narz\u0119dzi. Ich szybko\u015b\u0107 i jednolity rozmiar cz\u0105stek sprawiaj\u0105, \u017ce s\u0105 bardzo skuteczne w przypadku no\u017cy kuchennych. Zdolno\u015b\u0107 do tworzenia ostrej kraw\u0119dzi z doskona\u0142\u0105 r\u00f3wnowag\u0105 ostro\u015bci i doskona\u0142o\u015bci, a tak\u017ce do polerowania powierzchni w szczeg\u00f3\u0142owy i r\u00f3wnomierny spos\u00f3b. Idealnie nadaj\u0105 si\u0119 do ostrzenia po zarysowaniu syntetycznych kamieni szlifierskich o \u015bredniej ziarnisto\u015bci. Mo\u017ce by\u0107 przydatna jako wst\u0119pna polerka przed bardzo drobnymi kamieniami naturalnymi i mo\u017ce dobrze sprawdza\u0107 si\u0119 zar\u00f3wno w przypadku laminowanych, jak i monochromatycznych wyko\u0144cze\u0144 no\u017cy stalowych.<\/p>\n\n\n\n<p>Kamie\u0144 Mikawa Button Nagura z \u0142atwo\u015bci\u0105 usuwa rysy z grubszych ziaren. G\u0142adkie ostrzenie, kt\u00f3re nie \"zabiera\" ostrza, a tak\u017ce szczeg\u00f3\u0142owa linia szamonu i jasny szron na stali z p\u0142ytkimi drobnymi zadrapaniami. Idealnie z\u0105bkowane ostrze nadaje si\u0119 do ka\u017cdego no\u017ca kuchennego.<\/p>","protected":false},"excerpt":{"rendered":"<ul>\n<li>Nadaje si\u0119 do wyka\u0144czania i polerowania no\u017cy i narz\u0119dzi<\/li>\n<p><!-- \/wp:list-item --><\/p>\n<p><!-- wp:list-item --><\/p>\n<li>Wymiary: 197x59x27 mm<\/li>\n<p><!-- \/wp:list-item --><\/p>\n<p><!-- wp:list-item --><\/p>\n<li>Waga z podstawk\u0105 840 g<\/li>\n<p><!-- \/wp:list-item --><\/p>\n<p><!-- wp:list-item --><\/p>\n<li>Twardo\u015b\u0107: Lv 3.5<\/li>\n<p><!-- \/wp:list-item --><\/p>\n<p><!-- wp:list-item --><\/p>\n<li>Bardzo szybki kamie\u0144 o regularnym kszta\u0142cie.<\/li>\n<\/ul>","protected":false},"featured_media":1295,"comment_status":"open","ping_status":"closed","template":"","meta":[],"product_brand":[],"product_cat":[22],"product_tag":[153],"class_list":{"0":"post-726","1":"product","2":"type-product","3":"status-publish","4":"has-post-thumbnail","6":"product_cat-jnats","7":"product_tag-nagura","8":"product_shipping_class-iprastas","10":"first","11":"outofstock","12":"shipping-taxable","13":"purchasable","14":"product-type-simple"},"_links":{"self":[{"href":"https:\/\/jnats.eu\/pl\/wp-json\/wp\/v2\/product\/726","targetHints":{"allow":["GET"]}}],"collection":[{"href":"https:\/\/jnats.eu\/pl\/wp-json\/wp\/v2\/product"}],"about":[{"href":"https:\/\/jnats.eu\/pl\/wp-json\/wp\/v2\/types\/product"}],"replies":[{"embeddable":true,"href":"https:\/\/jnats.eu\/pl\/wp-json\/wp\/v2\/comments?post=726"}],"wp:featuredmedia":[{"embeddable":true,"href":"https:\/\/jnats.eu\/pl\/wp-json\/wp\/v2\/media\/1295"}],"wp:attachment":[{"href":"https:\/\/jnats.eu\/pl\/wp-json\/wp\/v2\/media?parent=726"}],"wp:term":[{"taxonomy":"product_brand","embeddable":true,"href":"https:\/\/jnats.eu\/pl\/wp-json\/wp\/v2\/product_brand?post=726"},{"taxonomy":"product_cat","embeddable":true,"href":"https:\/\/jnats.eu\/pl\/wp-json\/wp\/v2\/product_cat?post=726"},{"taxonomy":"product_tag","embeddable":true,"href":"https:\/\/jnats.eu\/pl\/wp-json\/wp\/v2\/product_tag?post=726"}],"curies":[{"name":"wp","href":"https:\/\/api.w.org\/{rel}","templated":true}]}}