{"id":741,"date":"2024-03-12T09:46:27","date_gmt":"2024-03-12T07:46:27","guid":{"rendered":"http:\/\/jnats.eu\/?post_type=product&#038;p=741"},"modified":"2025-03-02T02:24:54","modified_gmt":"2025-03-02T00:24:54","slug":"japonski-naturalny-kamien-do-ostrzenia-ozuku-mizu-asagi","status":"publish","type":"product","link":"https:\/\/jnats.eu\/pl\/produkt-2\/japonski-naturalny-kamien-do-ostrzenia-ozuku-mizu-asagi\/","title":{"rendered":"Japo\u0144ski naturalny kamie\u0144 do ostrzenia Ozuku Mizu Asagi"},"content":{"rendered":"<ul class=\"wp-block-list\">\n<li>Nadaje si\u0119 do wyka\u0144czania brzytew, no\u017cy i narz\u0119dzi.<\/li>\n\n\n\n<li>Wymiary: 208x72x12 mm<\/li>\n\n\n\n<li>Waga z podstawk\u0105 830 g<\/li>\n\n\n\n<li>Wytrzyma\u0142o\u015b\u0107: Poz. 5+<\/li>\n\n\n\n<li>Bezpieczne linie<\/li>\n\n\n\n<li>Bardzo twardy kamie\u0144 Ozuku Mizu Asagi jest faworytem w\u015br\u00f3d ostrzycieli brzytew, poniewa\u017c pozwala uzyska\u0107 maksymaln\u0105 ostro\u015b\u0107. Mo\u017cliwe jest przyspieszenie pracy za pomoc\u0105 zawieszenia Nagura lub poprzez pocieranie szorstk\u0105 p\u0142ytk\u0105 diamentow\u0105, ale nie jest to konieczne.<\/li>\n\n\n\n<li>Nestor jest jednak bardzo fajny. Dlatego b\u0119dzie si\u0119 zu\u017cywa\u0142 bardzo powoli i pos\u0142u\u017cy przez wiele lat.<\/li>\n<\/ul>\n\n\n\n<figure class=\"wp-block-embed is-type-video is-provider-youtube wp-block-embed-youtube wp-embed-aspect-16-9 wp-has-aspect-ratio\"><div class=\"wp-block-embed__wrapper\">\n<div class=\"video-container\"><iframe title=\"Okudo Nashiji, Ozuku Mizu Asagi, Aiwatani Japo\u0144skie naturalne kamienie ostrz\u0105ce\" width=\"1170\" height=\"658\" src=\"https:\/\/www.youtube.com\/embed\/VB9YnumSvYY?start=315&#038;feature=oembed\" frameborder=\"0\" allow=\"accelerometer; autoplay; clipboard-write; encrypted-media; gyroscope; picture-in-picture; web-share\" allowfullscreen><\/iframe><\/div>\n<\/div><\/figure>\n\n\n\n<p>G\u0142\u00f3wne zalety naturalnych japo\u0144skich kamieni ostrz\u0105cych:<\/p>\n\n\n\n<ul class=\"wp-block-list\">\n<li>Narz\u0119dzia d\u0142u\u017cej pozostaj\u0105 ostre<\/li>\n\n\n\n<li>Kamienie nie ulegaj\u0105 zanieczyszczeniu odpadami metalowymi<\/li>\n\n\n\n<li>\u0141atwy demonta\u017c zasuwy<\/li>\n\n\n\n<li>Niesamowita reakcja, kt\u00f3ra pozwala dok\u0142adnie poczu\u0107, co dzieje si\u0119 na metalowej powierzchni.<\/li>\n<\/ul>","protected":false},"excerpt":{"rendered":"<ul>\n<li>Nadaje si\u0119 do wyka\u0144czania brzytew, no\u017cy i narz\u0119dzi.<\/li>\n<li>Wymiary: 208x72x12 mm<\/li>\n<li>Waga z podstawk\u0105 830 g<\/li>\n<li>Wytrzyma\u0142o\u015b\u0107: Poz. 5+<\/li>\n<li>Bezpieczne linie<\/li>\n<li>Bardzo twardy kamie\u0144 Ozuku Mizu Asagi jest faworytem w\u015br\u00f3d ostrzycieli brzytew, poniewa\u017c pozwala uzyska\u0107 maksymaln\u0105 ostro\u015b\u0107. Mo\u017cliwe jest przyspieszenie pracy za pomoc\u0105 zawieszenia Nagura lub poprzez pocieranie szorstk\u0105 p\u0142ytk\u0105 diamentow\u0105, ale nie jest to konieczne.<\/li>\n<li>Nestor jest jednak bardzo fajny. Dlatego b\u0119dzie si\u0119 zu\u017cywa\u0142 bardzo powoli i pos\u0142u\u017cy przez wiele lat.<\/li>\n<\/ul>","protected":false},"featured_media":1339,"comment_status":"open","ping_status":"closed","template":"","meta":[],"product_brand":[],"product_cat":[22],"product_tag":[45,154,66],"class_list":{"0":"post-741","1":"product","2":"type-product","3":"status-publish","4":"has-post-thumbnail","6":"product_cat-jnats","7":"product_tag-asagi","8":"product_tag-mizu","9":"product_tag-ozuku","10":"product_shipping_class-iprastas","12":"first","13":"outofstock","14":"sale","15":"shipping-taxable","16":"purchasable","17":"product-type-simple"},"_links":{"self":[{"href":"https:\/\/jnats.eu\/pl\/wp-json\/wp\/v2\/product\/741","targetHints":{"allow":["GET"]}}],"collection":[{"href":"https:\/\/jnats.eu\/pl\/wp-json\/wp\/v2\/product"}],"about":[{"href":"https:\/\/jnats.eu\/pl\/wp-json\/wp\/v2\/types\/product"}],"replies":[{"embeddable":true,"href":"https:\/\/jnats.eu\/pl\/wp-json\/wp\/v2\/comments?post=741"}],"wp:featuredmedia":[{"embeddable":true,"href":"https:\/\/jnats.eu\/pl\/wp-json\/wp\/v2\/media\/1339"}],"wp:attachment":[{"href":"https:\/\/jnats.eu\/pl\/wp-json\/wp\/v2\/media?parent=741"}],"wp:term":[{"taxonomy":"product_brand","embeddable":true,"href":"https:\/\/jnats.eu\/pl\/wp-json\/wp\/v2\/product_brand?post=741"},{"taxonomy":"product_cat","embeddable":true,"href":"https:\/\/jnats.eu\/pl\/wp-json\/wp\/v2\/product_cat?post=741"},{"taxonomy":"product_tag","embeddable":true,"href":"https:\/\/jnats.eu\/pl\/wp-json\/wp\/v2\/product_tag?post=741"}],"curies":[{"name":"wp","href":"https:\/\/api.w.org\/{rel}","templated":true}]}}