{"id":754,"date":"2024-03-14T10:10:53","date_gmt":"2024-03-14T08:10:53","guid":{"rendered":"http:\/\/jnats.eu\/?post_type=product&#038;p=754"},"modified":"2025-08-11T19:28:19","modified_gmt":"2025-08-11T16:28:19","slug":"zabytkowa-brzytwa-prosta-wade-butcher-frameback","status":"publish","type":"product","link":"https:\/\/jnats.eu\/pl\/produkt-2\/zabytkowa-brzytwa-prosta-wade-butcher-frameback\/","title":{"rendered":"Vintage brzytwa prosta Wade &amp; Butcher Frameback"},"content":{"rendered":"<iframe width=\"560\" height=\"315\" src=\"https:\/\/www.youtube.com\/embed\/bfKa5VEhH0Q?si=WDpyiQD5cFJIpWQv\" title=\"Odtwarzacz wideo YouTube\" frameborder=\"0\" allow=\"accelerometer; autoplay; clipboard-write; encrypted-media; gyroscope; picture-in-picture; web-share\" allowfullscreen><\/iframe>\n\n\n\n<p>Prosta maszynka do golenia Vintage Wade &amp; Butcher Frameback to klasyczne narz\u0119dzie do golenia, kt\u00f3re uosabia ponadczasowy kunszt marki Wade &amp; Butcher. Wykonana z precyzj\u0105 i dba\u0142o\u015bci\u0105 o szczeg\u00f3\u0142y, maszynka ta oferuje tradycyjne golenie przypominaj\u0105ce minione epoki.<\/p>\n\n\n\n<p>Kluczowe cechy:<\/p>\n\n\n\n<ol class=\"wp-block-list\">\n<li><strong>Wysokiej jako\u015bci stal:<\/strong> Wykonana z najwy\u017cszej jako\u015bci stali brzytwa Wade &amp; Butcher Frameback charakteryzuje si\u0119 wyj\u0105tkow\u0105 trwa\u0142o\u015bci\u0105 i zachowaniem kraw\u0119dzi, zapewniaj\u0105c d\u0142ugotrwa\u0142\u0105 wydajno\u015b\u0107.<\/li>\n\n\n\n<li><strong>Vintage Design:<\/strong> Ta maszynka do golenia o klasycznym designie emanuje elegancj\u0105 i wyrafinowaniem. Jej estetyka vintage spodoba si\u0119 mi\u0142o\u015bnikom tradycyjnych narz\u0119dzi do golenia.<\/li>\n\n\n\n<li><strong>R\u0119cznie wykonany uchwyt:<\/strong> R\u0119koje\u015b\u0107 maszynki zosta\u0142a fachowo wykonana, aby zapewni\u0107 ergonomiczny komfort i pewny chwyt podczas sesji golenia. Ponadczasowe wzornictwo dodaje maszynce dodatkowego uroku.<\/li>\n\n\n\n<li><strong>Precyzyjne ostrze:<\/strong> Prosta maszynka do golenia jest wyposa\u017cona w precyzyjnie ostrzone ostrze, zapewniaj\u0105ce g\u0142adkie i dok\u0142adne golenie przy ka\u017cdym przej\u015bciu. Ostra kraw\u0119d\u017a ostrza bez wysi\u0142ku przesuwa si\u0119 po sk\u00f3rze, zmniejszaj\u0105c podra\u017cnienia i zapewniaj\u0105c dok\u0142adne golenie.<\/li>\n\n\n\n<li><strong>Przedmiot kolekcjonerski:<\/strong> Jako zabytkowy produkt Wade &amp; Butcher, maszynka ta jest nie tylko funkcjonalnym narz\u0119dziem do piel\u0119gnacji, ale tak\u017ce przedmiotem kolekcjonerskim cenionym zar\u00f3wno przez entuzjast\u00f3w, jak i kolekcjoner\u00f3w.<\/li>\n\n\n\n<li><strong>Autentyczno\u015b\u0107:<\/strong> Do ka\u017cdej brzytwy Wade &amp; Butcher Frameback do\u0142\u0105czony jest certyfikat autentyczno\u015bci, gwarantuj\u0105cy jej autentyczny kunszt i dziedzictwo.<\/li>\n<\/ol>\n\n\n\n<p>Niezale\u017cnie od tego, czy jeste\u015b do\u015bwiadczonym u\u017cytkownikiem maszynki do golenia, czy nowicjuszem w tradycyjnym goleniu, maszynka do golenia Vintage Wade &amp; Butcher Frameback zapewnia niezr\u00f3wnane wra\u017cenia z golenia przesi\u0105kni\u0119te histori\u0105 i kunsztem.<\/p>","protected":false},"excerpt":{"rendered":"<p>Vintage brzytwa prosta Wade &amp; Butcher Frameback<\/p>\n<ul>\n<li>D\u0142ugo\u015b\u0107 ca\u0142kowita po zamkni\u0119ciu 162 mm<\/li>\n<li>D\u0142ugo\u015b\u0107 ostrza 81 mm<\/li>\n<li>Wysoko\u015b\u0107 ostrza 21 mm<\/li>\n<li>Grubo\u015b\u0107 ostrza 4 mm<\/li>\n<li>Grubo\u015b\u0107 r\u0119koje\u015bci wynosi 9 mm<\/li>\n<li>D\u0142ugo\u015b\u0107 r\u0105czki wynosi 150 mm<\/li>\n<li>Waga 50 g<\/li>\n<\/ul>","protected":false},"featured_media":1160,"comment_status":"open","ping_status":"closed","template":"","meta":[],"product_brand":[],"product_cat":[23],"product_tag":[155],"class_list":{"0":"post-754","1":"product","2":"type-product","3":"status-publish","4":"has-post-thumbnail","6":"product_cat-razors","7":"product_tag-wade-butcher","8":"product_shipping_class-light","10":"first","11":"outofstock","12":"sale","13":"shipping-taxable","14":"purchasable","15":"product-type-simple"},"_links":{"self":[{"href":"https:\/\/jnats.eu\/pl\/wp-json\/wp\/v2\/product\/754","targetHints":{"allow":["GET"]}}],"collection":[{"href":"https:\/\/jnats.eu\/pl\/wp-json\/wp\/v2\/product"}],"about":[{"href":"https:\/\/jnats.eu\/pl\/wp-json\/wp\/v2\/types\/product"}],"replies":[{"embeddable":true,"href":"https:\/\/jnats.eu\/pl\/wp-json\/wp\/v2\/comments?post=754"}],"wp:featuredmedia":[{"embeddable":true,"href":"https:\/\/jnats.eu\/pl\/wp-json\/wp\/v2\/media\/1160"}],"wp:attachment":[{"href":"https:\/\/jnats.eu\/pl\/wp-json\/wp\/v2\/media?parent=754"}],"wp:term":[{"taxonomy":"product_brand","embeddable":true,"href":"https:\/\/jnats.eu\/pl\/wp-json\/wp\/v2\/product_brand?post=754"},{"taxonomy":"product_cat","embeddable":true,"href":"https:\/\/jnats.eu\/pl\/wp-json\/wp\/v2\/product_cat?post=754"},{"taxonomy":"product_tag","embeddable":true,"href":"https:\/\/jnats.eu\/pl\/wp-json\/wp\/v2\/product_tag?post=754"}],"curies":[{"name":"wp","href":"https:\/\/api.w.org\/{rel}","templated":true}]}}