{"id":756,"date":"2026-04-01T10:52:28","date_gmt":"2026-04-01T07:52:28","guid":{"rendered":"http:\/\/jnats.eu\/?post_type=product&#038;p=756"},"modified":"2026-04-05T13:14:49","modified_gmt":"2026-04-05T10:14:49","slug":"j-a-henckels-solingen-zwilligswerk-friodur-inox-no-stain-germany-prosta-maszynka-do-golenia","status":"publish","type":"product","link":"https:\/\/jnats.eu\/pl\/produkt-2\/j-a-henckels-solingen-zwilligswerk-friodur-inox-no-stain-germany-prosta-maszynka-do-golenia\/","title":{"rendered":"Brzytwa prosta NOS J.A. Henckels Solingen Zwilligswerk Friodur Inox Germany"},"content":{"rendered":"<figure class=\"wp-block-embed is-type-video is-provider-youtube wp-block-embed-youtube wp-embed-aspect-9-16 wp-has-aspect-ratio\"><div class=\"wp-block-embed__wrapper\">\n<div class=\"video-container\"><iframe title=\"Brzytwy proste NOS J.A. Henckels Solingen Zwilligswerk Friodur Inox Germany\" width=\"563\" height=\"1000\" src=\"https:\/\/www.youtube.com\/embed\/gGjV-mblg78?feature=oembed\" frameborder=\"0\" allow=\"accelerometer; autoplay; clipboard-write; encrypted-media; gyroscope; picture-in-picture; web-share\" referrerpolicy=\"strict-origin-when-cross-origin\" allowfullscreen><\/iframe><\/div>\n<\/div><\/figure>\n\n\n\n<p>Henckels Friodur to szczyt niemieckiej in\u017cynierii i kunsztu w \u015bwiecie tradycyjnego golenia. Znana ze swojej precyzji, jako\u015bci i trwa\u0142o\u015bci, ta prosta maszynka do golenia oferuje luksusowe doznania podczas golenia poszukiwane przez mi\u0142o\u015bnik\u00f3w klasycznych produkt\u00f3w do piel\u0119gnacji.<\/p>\n\n\n\n<p>Stal nierdzewna Friodur: wykonana ze stali Inox i hartowana na zimno przy u\u017cyciu opatentowanej przez firm\u0119 Henckels technologii Friodur, brzytwa ta charakteryzuje si\u0119 wyj\u0105tkow\u0105 twardo\u015bci\u0105, odporno\u015bci\u0105 na korozj\u0119 i zachowaniem ostro\u015bci. Proces Friodur polega na hartowaniu stali w ciek\u0142ym azocie w celu zwi\u0119kszenia jej wytrzyma\u0142o\u015bci i odporno\u015bci na korozj\u0119 oraz wydobycia drobniejszej struktury, zapewniaj\u0105c w ten spos\u00f3b d\u0142ugotrwa\u0142\u0105 wydajno\u015b\u0107, kt\u00f3ra utrzymuje ostro\u015b\u0107 przez d\u0142ugi czas.<\/p>\n\n\n\n<p>Klasyczny design: brzytwa Friodur Inox Straight Razor charakteryzuje si\u0119 ponadczasowym wzornictwem, kt\u00f3re odzwierciedla przywi\u0105zanie firmy Henckels do elegancji i funkcjonalno\u015bci. Jej elegancki profil, wywa\u017cona waga i ergonomiczny uchwyt sprawiaj\u0105, \u017ce jest wygodna w trzymaniu i \u0142atwa w manewrowaniu podczas golenia.<\/p>\n\n\n\n<p>Wszechstronne zastosowanie: niezale\u017cnie od tego, czy jeste\u015b do\u015bwiadczonym entuzjast\u0105 brzytwy, czy nowicjuszem w tradycyjnym goleniu, brzytwa Henckels Friodur Inox Straight Razor jest odpowiednia dla wszystkich poziom\u00f3w umiej\u0119tno\u015bci. Jej wszechstronna konstrukcja pasuje do szerokiej gamy styl\u00f3w i preferencji golenia.<\/p>\n\n\n\n<p>Marka dziedzictwa: z bogat\u0105 histori\u0105 si\u0119gaj\u0105c\u0105 1731 roku, Henckels jest synonimem jako\u015bci, niezawodno\u015bci i innowacji w \u015bwiecie sztu\u0107c\u00f3w i higieny. Brzytwa Friodur Inox vintage jest uciele\u015bnieniem kunsztu Henckels od pokole\u0144.<\/p>\n\n\n\n<p>Niezale\u017cnie od tego, czy szukasz wysokiej jako\u015bci narz\u0119dzia do golenia do codziennej piel\u0119gnacji w\u0142os\u00f3w, czy te\u017c chcesz doda\u0107 je do swojej kolekcji doskona\u0142ych produkt\u00f3w do piel\u0119gnacji, brzytwa Henckels Friodur Inox Straight Razor zapewnia wyj\u0105tkowe wra\u017cenia z golenia, kt\u00f3re \u0142\u0105cz\u0105 w sobie tradycj\u0119, precyzj\u0119 i luksus.<\/p>","protected":false},"excerpt":{"rendered":"<ul>\n<li>Stal nierdzewna Inox, Friodur - hartowana na zimno.<\/li>\n<li>Polimerowy uchwyt<\/li>\n<li>Plastikowe pude\u0142ko<\/li>\n<li>Waga - 50 g<\/li>\n<li>Wymiary ostrza 75x20x6 mm<\/li>\n<li>Maszynki s\u0105 nieu\u017cywane (z wyj\u0105tkiem nr 6), ale mog\u0105 mie\u0107 niewielkie zadrapania spowodowane d\u0142ugim przechowywaniem.<\/li>\n<li><strong>Je\u015bli nie widzisz pozycji nr na li\u015bcie wi\u0119c jest sprzedane<\/strong><\/li>\n<\/ul>","protected":false},"featured_media":5949,"comment_status":"open","ping_status":"closed","template":"","meta":[],"product_brand":[],"product_cat":[23],"product_tag":[158,156,157,159],"class_list":{"0":"post-756","1":"product","2":"type-product","3":"status-publish","4":"has-post-thumbnail","6":"product_cat-razors","7":"product_tag-friodur","8":"product_tag-henckels","9":"product_tag-inox","10":"product_tag-straight-razor","11":"product_shipping_class-light","13":"first","14":"instock","15":"shipping-taxable","16":"purchasable","17":"product-type-variable"},"_links":{"self":[{"href":"https:\/\/jnats.eu\/pl\/wp-json\/wp\/v2\/product\/756","targetHints":{"allow":["GET"]}}],"collection":[{"href":"https:\/\/jnats.eu\/pl\/wp-json\/wp\/v2\/product"}],"about":[{"href":"https:\/\/jnats.eu\/pl\/wp-json\/wp\/v2\/types\/product"}],"replies":[{"embeddable":true,"href":"https:\/\/jnats.eu\/pl\/wp-json\/wp\/v2\/comments?post=756"}],"wp:featuredmedia":[{"embeddable":true,"href":"https:\/\/jnats.eu\/pl\/wp-json\/wp\/v2\/media\/5949"}],"wp:attachment":[{"href":"https:\/\/jnats.eu\/pl\/wp-json\/wp\/v2\/media?parent=756"}],"wp:term":[{"taxonomy":"product_brand","embeddable":true,"href":"https:\/\/jnats.eu\/pl\/wp-json\/wp\/v2\/product_brand?post=756"},{"taxonomy":"product_cat","embeddable":true,"href":"https:\/\/jnats.eu\/pl\/wp-json\/wp\/v2\/product_cat?post=756"},{"taxonomy":"product_tag","embeddable":true,"href":"https:\/\/jnats.eu\/pl\/wp-json\/wp\/v2\/product_tag?post=756"}],"curies":[{"name":"wp","href":"https:\/\/api.w.org\/{rel}","templated":true}]}}