{"id":796,"date":"2024-03-14T12:38:15","date_gmt":"2024-03-14T10:38:15","guid":{"rendered":"http:\/\/jnats.eu\/?post_type=product&#038;p=796"},"modified":"2025-09-30T11:22:55","modified_gmt":"2025-09-30T08:22:55","slug":"zabytkowe-uzywane-japonskie-maszynki-do-golenia","status":"publish","type":"product","link":"https:\/\/jnats.eu\/pl\/produkt-2\/zabytkowe-uzywane-japonskie-maszynki-do-golenia\/","title":{"rendered":"U\u017cywane japo\u0144skie maszynki do golenia Towa, Union, Daishi, R. Saito, Kikuboshi, Triumph"},"content":{"rendered":"<ol class=\"wp-block-list\">\n<li>G Towa T Best Hollow Ground Extra Tungsten Steel Real Japanese Hollow Ground Gen Takahashi H.Diamond &amp; Co<\/li>\n\n\n\n<li>Union 72 Japan Ostrze w kszta\u0142cie d\u0142uta<\/li>\n\n\n\n<li>Daishi 350 Yasuki Stalowy wykonany z \u017celaza Tamahagane R.K. CO. Ostrze w kszta\u0142cie d\u0142uta. Stal Tamahagane wykonana z \"\u017celaznego piasku\" jest u\u017cywana do produkcji mieczy samurajskich i katan.<\/li>\n\n\n\n<li>Daishi 55 Yasuki Stal wykonana z \u017celaznego piasku Tamahagane R.K. CO.  Stal Tamahagane wykonana z \"\u017celaznego piasku\" jest u\u017cywana do produkcji mieczy samurajskich. Mo\u017ce by\u0107 hartowana do bardzo wysokiej twardo\u015bci 70 HRC.<\/li>\n\n\n\n<li>R. Saito Kikuboshi 135 Extra Hollow Gruond<\/li>\n\n\n\n<li>Triumph Y.S.S 65825 konstrukcja stalowa Yasuki R. Saito<\/li>\n<\/ol>\n\n\n\n<p>R. Saito by\u0142 znanym fryzjerem w Japonii w latach 50. i 60. XX wieku. Za\u0142o\u017cy\u0142 szko\u0142\u0119 fryzjersk\u0105 z wieloma profesjonalistami w wielu miastach. Poniewa\u017c jego nazwisko by\u0142o synonimem japo\u0144skiego \u015bwiata mody, jego projekty cieszy\u0142y si\u0119 du\u017cym uznaniem, podobnie jak jego imi\u0119. Stworzy\u0142 maszynki do golenia produkowane przez du\u017ce firmy nosz\u0105ce jego imi\u0119: Kikuboshi, Diamond Hayashi i innych producent\u00f3w. Produkt zosta\u0142 zaprojektowany tak, aby by\u0142 najprostsz\u0105 w u\u017cyciu maszynk\u0105 do golenia.<\/p>\n\n\n\n<p>\u015alady korozji. Zobacz wideo.<\/p>\n\n\n\n<figure class=\"wp-block-embed is-type-video is-provider-youtube wp-block-embed-youtube wp-embed-aspect-16-9 wp-has-aspect-ratio\"><div class=\"wp-block-embed__wrapper\">\n<div class=\"video-container\"><iframe title=\"Vintage u\u017cywane japo\u0144skie maszynki do golenia R. Saito, Tamahagane, Towa, Daishi\" width=\"1170\" height=\"658\" src=\"https:\/\/www.youtube.com\/embed\/CheeI2Xk0pE?feature=oembed\" frameborder=\"0\" allow=\"accelerometer; autoplay; clipboard-write; encrypted-media; gyroscope; picture-in-picture; web-share\" allowfullscreen><\/iframe><\/div>\n<\/div><\/figure>","protected":false},"excerpt":{"rendered":"<ol>\n<li><del>G Towa T Best Hollow Ground Extra Tungsten Steel Real Japanese Hollow Ground Gen Takahashi H.Diamond &amp; Co\u00a0<\/del> Sprzedany<\/li>\n<li><del>Union 72 Japan Ostrze w kszta\u0142cie d\u0142uta<\/del><\/li>\n<li><del>Daishi 350 Yasuki Stalowy wykonany z \u017celaza Tamahagane R.K. CO. Ostrze w kszta\u0142cie d\u0142uta. Stal Tamahagane wykonana z \"\u017celaznego piasku\" jest u\u017cywana do produkcji mieczy samurajskich i katan.<\/del><\/li>\n<li>Daishi 55 Yasuki Stal wykonana z \u017celaznego piasku Tamahagane R.K. CO.  Stal Tamahagane wykonana z \"\u017celaznego piasku\" jest u\u017cywana do produkcji mieczy samurajskich. Mo\u017ce by\u0107 hartowana do bardzo wysokiej twardo\u015bci 70 HRC.<\/li>\n<li><del>R. Saito Kikuboshi 135 Extra Hollow Gruond\u00a0<\/del> Sprzedany<\/li>\n<li><del>Triumph Y.S.S 65825 konstrukcja stalowa Yasuki R. Saito<\/del><\/li>\n<\/ol>","protected":false},"featured_media":1151,"comment_status":"open","ping_status":"closed","template":"","meta":[],"product_brand":[],"product_cat":[23],"product_tag":[164,161,162,160,129,163],"class_list":{"0":"post-796","1":"product","2":"type-product","3":"status-publish","4":"has-post-thumbnail","6":"product_cat-razors","7":"product_tag-daishi","8":"product_tag-kikuboshi","9":"product_tag-r-saito","10":"product_tag-skustuvai","11":"product_tag-towa","12":"product_tag-union","13":"product_shipping_class-light","15":"first","16":"outofstock","17":"sold-individually","18":"shipping-taxable","19":"product-type-variable"},"_links":{"self":[{"href":"https:\/\/jnats.eu\/pl\/wp-json\/wp\/v2\/product\/796","targetHints":{"allow":["GET"]}}],"collection":[{"href":"https:\/\/jnats.eu\/pl\/wp-json\/wp\/v2\/product"}],"about":[{"href":"https:\/\/jnats.eu\/pl\/wp-json\/wp\/v2\/types\/product"}],"replies":[{"embeddable":true,"href":"https:\/\/jnats.eu\/pl\/wp-json\/wp\/v2\/comments?post=796"}],"wp:featuredmedia":[{"embeddable":true,"href":"https:\/\/jnats.eu\/pl\/wp-json\/wp\/v2\/media\/1151"}],"wp:attachment":[{"href":"https:\/\/jnats.eu\/pl\/wp-json\/wp\/v2\/media?parent=796"}],"wp:term":[{"taxonomy":"product_brand","embeddable":true,"href":"https:\/\/jnats.eu\/pl\/wp-json\/wp\/v2\/product_brand?post=796"},{"taxonomy":"product_cat","embeddable":true,"href":"https:\/\/jnats.eu\/pl\/wp-json\/wp\/v2\/product_cat?post=796"},{"taxonomy":"product_tag","embeddable":true,"href":"https:\/\/jnats.eu\/pl\/wp-json\/wp\/v2\/product_tag?post=796"}],"curies":[{"name":"wp","href":"https:\/\/api.w.org\/{rel}","templated":true}]}}