{"id":808,"date":"2024-03-15T14:03:54","date_gmt":"2024-03-15T12:03:54","guid":{"rendered":"http:\/\/jnats.eu\/?post_type=product&#038;p=808"},"modified":"2024-09-14T20:35:42","modified_gmt":"2024-09-14T17:35:42","slug":"japonska-naturalna-oselka-awasedo","status":"publish","type":"product","link":"https:\/\/jnats.eu\/pl\/produkt-2\/japonska-naturalna-oselka-awasedo\/","title":{"rendered":"Japo\u0144ski naturalny kamie\u0144 do ostrzenia Awasedo"},"content":{"rendered":"<ul class=\"wp-block-list\">\n<li>Nadaje si\u0119 do wyka\u0144czania brzytew, no\u017cy i narz\u0119dzi.<\/li>\n\n\n\n<li>Wymiary: 198x68x29 mm<\/li>\n\n\n\n<li>Waga z podstawk\u0105 980 g<\/li>\n\n\n\n<li>Wytrzyma\u0142o\u015b\u0107: Poz. 5<\/li>\n\n\n\n<li>Bardzo twardy kamie\u0144 zapewnia maksymaln\u0105 ostro\u015b\u0107. Aby przyspieszy\u0107 prac\u0119, mo\u017cna u\u017cy\u0107 zawieszenia Nagura lub pociera\u0107 go szorstk\u0105 p\u0142ytk\u0105 diamentow\u0105.<\/li>\n<\/ul>\n\n\n\n<figure class=\"wp-block-embed is-type-video is-provider-youtube wp-block-embed-youtube wp-embed-aspect-16-9 wp-has-aspect-ratio\"><div class=\"wp-block-embed__wrapper\">\n<div class=\"video-container\"><iframe title=\"Awasedo Jnats Ozuku Asagi Okudo Shobudani Kyoto Shinzen\" width=\"1170\" height=\"658\" src=\"https:\/\/www.youtube.com\/embed\/WR-t0Lxs7XY?start=712&#038;feature=oembed\" frameborder=\"0\" allow=\"accelerometer; autoplay; clipboard-write; encrypted-media; gyroscope; picture-in-picture; web-share\" allowfullscreen><\/iframe><\/div>\n<\/div><\/figure>","protected":false},"excerpt":{"rendered":"<ul>\n<li>Nadaje si\u0119 do wyka\u0144czania brzytew, no\u017cy i narz\u0119dzi.<\/li>\n<li>Wymiary: 198x68x29 mm<\/li>\n<li>Waga z podstawk\u0105 980 g<\/li>\n<li>Wytrzyma\u0142o\u015b\u0107: Poz. 5<\/li>\n<li>Bardzo twardy kamie\u0144 zapewnia maksymaln\u0105 ostro\u015b\u0107. Aby przyspieszy\u0107 prac\u0119, mo\u017cna u\u017cy\u0107 zawieszenia Nagura lub pociera\u0107 go szorstk\u0105 p\u0142ytk\u0105 diamentow\u0105.<\/li>\n<\/ul>","protected":false},"featured_media":1343,"comment_status":"open","ping_status":"closed","template":"","meta":[],"product_brand":[],"product_cat":[22],"product_tag":[40],"class_list":{"0":"post-808","1":"product","2":"type-product","3":"status-publish","4":"has-post-thumbnail","6":"product_cat-jnats","7":"product_tag-awasedo","8":"product_shipping_class-iprastas","10":"first","11":"outofstock","12":"sale","13":"shipping-taxable","14":"purchasable","15":"product-type-simple"},"_links":{"self":[{"href":"https:\/\/jnats.eu\/pl\/wp-json\/wp\/v2\/product\/808","targetHints":{"allow":["GET"]}}],"collection":[{"href":"https:\/\/jnats.eu\/pl\/wp-json\/wp\/v2\/product"}],"about":[{"href":"https:\/\/jnats.eu\/pl\/wp-json\/wp\/v2\/types\/product"}],"replies":[{"embeddable":true,"href":"https:\/\/jnats.eu\/pl\/wp-json\/wp\/v2\/comments?post=808"}],"wp:featuredmedia":[{"embeddable":true,"href":"https:\/\/jnats.eu\/pl\/wp-json\/wp\/v2\/media\/1343"}],"wp:attachment":[{"href":"https:\/\/jnats.eu\/pl\/wp-json\/wp\/v2\/media?parent=808"}],"wp:term":[{"taxonomy":"product_brand","embeddable":true,"href":"https:\/\/jnats.eu\/pl\/wp-json\/wp\/v2\/product_brand?post=808"},{"taxonomy":"product_cat","embeddable":true,"href":"https:\/\/jnats.eu\/pl\/wp-json\/wp\/v2\/product_cat?post=808"},{"taxonomy":"product_tag","embeddable":true,"href":"https:\/\/jnats.eu\/pl\/wp-json\/wp\/v2\/product_tag?post=808"}],"curies":[{"name":"wp","href":"https:\/\/api.w.org\/{rel}","templated":true}]}}