{"id":814,"date":"2024-04-20T14:08:11","date_gmt":"2024-04-20T11:08:11","guid":{"rendered":"http:\/\/jnats.eu\/?post_type=product&#038;p=814"},"modified":"2024-07-11T11:51:08","modified_gmt":"2024-07-11T08:51:08","slug":"japonski-naturalny-kamien-do-ostrzenia-ozuku-asagi","status":"publish","type":"product","link":"https:\/\/jnats.eu\/pl\/produkt-2\/japonski-naturalny-kamien-do-ostrzenia-ozuku-asagi\/","title":{"rendered":"Nakayama Asagi Maruka Japo\u0144ski naturalny kamie\u0144 do ostrzenia"},"content":{"rendered":"<p>Kamie\u0144 ten jest twardy i niezwykle delikatny, dzi\u0119ki czemu z \u0142atwo\u015bci\u0105 radzi sobie z brzytw\u0105. Chocia\u017c jest do\u015b\u0107 mocny, ma lepsz\u0105 ni\u017c przeci\u0119tna reakcj\u0119 w por\u00f3wnaniu do innych kamieni tego ziarna. Mo\u017cna go r\u00f3wnie\u017c stosowa\u0107 do narz\u0119dzi stolarskich i no\u017cy. Pozostawi jasny srebrny i szczeg\u00f3\u0142owy po\u0142ysk san mai. S\u0105 to bardzo mocne kamienie wyko\u0144czeniowe pod ka\u017cdym wzgl\u0119dem.<\/p>\n\n\n\n<p>Kamie\u0144 Nakayama s\u0142ynie ze znaku Kato Mutsuyama Maruka z liter\u0105 \u201eka\u201d i piecz\u0119ci\u0105 Seihonzan \u32d5\u6b63\u672c\u5c71. Kato Mutsuyama by\u0142 pierwszym, kt\u00f3ry wyrze\u017abi\u0142 tak\u0105 piecz\u0119\u0107. Niestandardowe wymiary, du\u017ce rozmiary czy szorstkie kamienie nie mia\u0142y pierwotnie znaku Maruki. Istniej\u0105 jednak r\u00f3wnie\u017c produkty wysokiej jako\u015bci i niestandardowe ose\u0142ki, kt\u00f3re podczas ko\u0144cowej obr\u00f3bki w sprzeda\u017cy detalicznej zosta\u0142y nast\u0119pnie oznaczone piecz\u0119ci\u0105 Maruka, a tak\u017ce kamienie wyci\u0119te z surowc\u00f3w przez sprzedawc\u0119 bez stempla \u32d5\u6b63\u672c\u5c71. Ponadto kamienie szlifierskie Nakayama sprzedawane przed okresem stemplowania nie s\u0105 opatrzone piecz\u0119ci\u0105 Maruka. <\/p>\n\n\n\n<p>W ka\u017cdym razie, je\u015bli jest to kamie\u0144 Kato Mutsuyamy z tej kopalni, b\u0119dzie to ten sam kamie\u0144 Nakayama, niezale\u017cnie od tego, czy ma znak Maruka, czy nie. Sam znaczek \u32d5\u6b63\u672c\u5c71 mo\u017ce by\u0107 obecny lub nie, w zale\u017cno\u015bci od kana\u0142u dystrybucji i nie gwarantuje jako\u015bci. Nie tylko Nakayama, ale tak\u017ce inne naturalne kamienie szlifierskie, ka\u017cdy jest inny i nie ma dw\u00f3ch takich samych. Poza tym od zamkni\u0119cia kopalni min\u0119\u0142o wiele lat, dlatego z roku na rok na rynku pojawia si\u0119 coraz mniej dobrych okaz\u00f3w.<\/p>\n\n\n\n<p>Ze wzgl\u0119du na ich rzadko\u015b\u0107 i si\u0142\u0119 marki istnieje wiele podr\u00f3bek, dlatego zalecamy, aby nie ufa\u0107 zbytnio piecz\u0119ci Maruka i oceni\u0107 kamie\u0144 na w\u0142asne oczy.&nbsp;<\/p>\n\n\n\n<p>Kopalnia Kato znajduje si\u0119 w g\u00f3rach Nakayama, gdzie wydobywano kamienie do ose\u0142ek i zosta\u0142a tak nazwana, poniewa\u017c by\u0142a w\u0142asno\u015bci\u0105 pana Kato. Hatanaka Whetstone to sklep z kamieniami o d\u0142ugiej tradycji w Kioto. Po wojnie sprzeda\u017c\u0105 kamieni szlifierskich Nakayama wydobywanych w Kato Utsuyama zarz\u0105dza\u0142a pi\u0119cioosobowa grupa z wiod\u0105cego sklepu kamieniarskiego w Kioto. M\u00f3wi si\u0119, \u017ce w\u015br\u00f3d nich Hatanaka Toishi przez pewien czas cieszy\u0142 si\u0119 najwi\u0119kszym zaufaniem w\u0142a\u015bcicieli g\u00f3r. w 1952 r Hatanaka Toishi zarejestrowa\u0142 mark\u0119 Junshin Honzan (\u7d14\u7a7a\u6b63\u672c\u5c71), aby wyr\u00f3\u017cni\u0107 si\u0119 na tle innych sprzedawc\u00f3w detalicznych. Po roku 1980 prawa do kopalni Nakayama kupi\u0142a Hatanaka Whetstone i sta\u0142a si\u0119 w\u0142a\u015bcicielem marki Maruka. W tym samym czasie kamienie z tej kopalni by\u0142y dystrybuowane tak\u017ce za po\u015brednictwem innych sprzedawc\u00f3w detalicznych.<\/p>\n\n\n\n<p><strong>Nakayama (\u4e2d\u5c71)<\/strong><br>Ta wschodnia kopalnia s\u0142ynie z kamieni awasedo, kt\u00f3re uzupe\u0142niaj\u0105 proces ostrzenia. Wielowarstwowy kamie\u0144 (Hondomae Shikitomae) z jego \"odpowiednikiem\" w kolorze kiita jest szczeg\u00f3lnie ceniony przez stolarzy i ostrzarzy. W por\u00f3wnaniu do kamieni o podobnej twardo\u015bci i drobno\u015bci z innych kopalni, produkty Nakayama s\u0105 znane z przyjemniejszego ostrzenia. Autentyczne kamienie Nakayama cz\u0119sto nosz\u0105 s\u0142ynn\u0105 piecz\u0119\u0107 Maruka \u32d5\u6b63\u672c\u5c71.<\/p>\n\n\n\n<figure class=\"wp-block-embed is-type-video is-provider-youtube wp-block-embed-youtube wp-embed-aspect-16-9 wp-has-aspect-ratio\"><div class=\"wp-block-embed__wrapper\">\n<div class=\"video-container\"><iframe title=\"Awasedo Jnats Ozuku Asagi Okudo Shobudani Karasu Kyoto Shinzen\" width=\"1170\" height=\"658\" src=\"https:\/\/www.youtube.com\/embed\/WR-t0Lxs7XY?start=612&#038;feature=oembed\" frameborder=\"0\" allow=\"accelerometer; autoplay; clipboard-write; encrypted-media; gyroscope; picture-in-picture; web-share\" referrerpolicy=\"strict-origin-when-cross-origin\" allowfullscreen><\/iframe><\/div>\n<\/div><\/figure>","protected":false},"excerpt":{"rendered":"<ul>\n<li>Nadaje si\u0119 do wyka\u0144czania brzytew, no\u017cy i narz\u0119dzi.<\/li>\n<li>Wymiary: 210x52x30 mm<\/li>\n<li>Waga: 860 g<\/li>\n<li>Wytrzyma\u0142o\u015b\u0107: Poz. 5+<\/li>\n<li>Bezpieczne linie<\/li>\n<li>Bardzo twardy kamie\u0144 jest bardzo popularny w\u015br\u00f3d ostrza\u0142ek do golenia, poniewa\u017c pozwala uzyska\u0107 maksymaln\u0105 ostro\u015b\u0107. Prac\u0119 mo\u017cna przyspieszy\u0107 stosuj\u0105c zawieszenie Nagura lub pocieraj\u0105c szorstk\u0105 tarcz\u0105 diamentow\u0105. Znaczek Maruka \u32d5\u6b63\u672c\u5c71 jest ledwo widoczny, ale jest. Potwierdza to najwy\u017csza jako\u015b\u0107 prac kamieniarskich.\u00a0<\/li>\n<\/ul>","protected":false},"featured_media":1347,"comment_status":"open","ping_status":"closed","template":"","meta":[],"product_brand":[],"product_cat":[22],"product_tag":[45,58,49],"class_list":{"0":"post-814","1":"product","2":"type-product","3":"status-publish","4":"has-post-thumbnail","6":"product_cat-jnats","7":"product_tag-asagi","8":"product_tag-maruka","9":"product_tag-nakayama","10":"product_shipping_class-iprastas","12":"first","13":"outofstock","14":"sale","15":"shipping-taxable","16":"purchasable","17":"product-type-simple"},"_links":{"self":[{"href":"https:\/\/jnats.eu\/pl\/wp-json\/wp\/v2\/product\/814","targetHints":{"allow":["GET"]}}],"collection":[{"href":"https:\/\/jnats.eu\/pl\/wp-json\/wp\/v2\/product"}],"about":[{"href":"https:\/\/jnats.eu\/pl\/wp-json\/wp\/v2\/types\/product"}],"replies":[{"embeddable":true,"href":"https:\/\/jnats.eu\/pl\/wp-json\/wp\/v2\/comments?post=814"}],"wp:featuredmedia":[{"embeddable":true,"href":"https:\/\/jnats.eu\/pl\/wp-json\/wp\/v2\/media\/1347"}],"wp:attachment":[{"href":"https:\/\/jnats.eu\/pl\/wp-json\/wp\/v2\/media?parent=814"}],"wp:term":[{"taxonomy":"product_brand","embeddable":true,"href":"https:\/\/jnats.eu\/pl\/wp-json\/wp\/v2\/product_brand?post=814"},{"taxonomy":"product_cat","embeddable":true,"href":"https:\/\/jnats.eu\/pl\/wp-json\/wp\/v2\/product_cat?post=814"},{"taxonomy":"product_tag","embeddable":true,"href":"https:\/\/jnats.eu\/pl\/wp-json\/wp\/v2\/product_tag?post=814"}],"curies":[{"name":"wp","href":"https:\/\/api.w.org\/{rel}","templated":true}]}}