{"id":829,"date":"2024-03-15T14:24:24","date_gmt":"2024-03-15T12:24:24","guid":{"rendered":"http:\/\/jnats.eu\/?post_type=product&#038;p=829"},"modified":"2024-04-11T11:49:05","modified_gmt":"2024-04-11T08:49:05","slug":"japonski-naturalny-kamien-ostrzacy-kyoto-shinzen","status":"publish","type":"product","link":"https:\/\/jnats.eu\/pl\/produkt-2\/japonski-naturalny-kamien-ostrzacy-kyoto-shinzen\/","title":{"rendered":"Japo\u0144ski naturalny kamie\u0144 do ostrzenia Kyoto Shinzen Motoyama Tomita Nisshoyama"},"content":{"rendered":"<ul class=\"wp-block-list\">\n<li>Nadaje si\u0119 do wyka\u0144czania brzytew, no\u017cy, d\u0142ut, pilnik\u00f3w, no\u017cyczek i innych narz\u0119dzi.<\/li>\n\n\n\n<li>Wymiary: 210x80x46 mm<\/li>\n\n\n\n<li>Waga 1900 g<\/li>\n\n\n\n<li>Twardo\u015b\u0107: Poz. 4,7<\/li>\n\n\n\n<li>Twardy kamie\u0144<\/li>\n<\/ul>\n\n\n\n<figure class=\"wp-block-embed is-type-video is-provider-youtube wp-block-embed-youtube wp-embed-aspect-16-9 wp-has-aspect-ratio\"><div class=\"wp-block-embed__wrapper\">\n<div class=\"video-container\"><iframe title=\"Awasedo Jnats Ozuku Asagi Okudo Shobudani Karasu Kyoto Shinzen\" width=\"1170\" height=\"658\" src=\"https:\/\/www.youtube.com\/embed\/WR-t0Lxs7XY?start=152&#038;feature=oembed\" frameborder=\"0\" allow=\"accelerometer; autoplay; clipboard-write; encrypted-media; gyroscope; picture-in-picture; web-share\" referrerpolicy=\"strict-origin-when-cross-origin\" allowfullscreen><\/iframe><\/div>\n<\/div><\/figure>\n\n\n\n<p>Kamie\u0144 do ostrzenia Kyoto Shinzen Motoyama Natural Finish Whetstone Tomita Nisshoyama Japanese Natural Sharpening Stone<\/p>\n\n\n\n<p>G\u0142\u00f3wne zalety naturalnych japo\u0144skich kamieni ostrz\u0105cych:<\/p>\n\n\n\n<ul class=\"wp-block-list\">\n<li>Narz\u0119dzia d\u0142u\u017cej pozostaj\u0105 ostre<\/li>\n\n\n\n<li>Kamienie nie ulegaj\u0105 zanieczyszczeniu odpadami metalowymi<\/li>\n\n\n\n<li>\u0141atwy demonta\u017c zasuwy<\/li>\n\n\n\n<li>Niesamowita reakcja, kt\u00f3ra pozwala dok\u0142adnie poczu\u0107, co dzieje si\u0119 na metalowej powierzchni.<\/li>\n<\/ul>","protected":false},"excerpt":{"rendered":"<ul>\n<li>Nadaje si\u0119 do wyka\u0144czania brzytew, no\u017cy, d\u0142ut, pilnik\u00f3w, no\u017cyczek i innych narz\u0119dzi.<\/li>\n<li>Wymiary: 210x80x46 mm<\/li>\n<li>Waga 1900 g<\/li>\n<li>Twardo\u015b\u0107: Poz. 4,7<\/li>\n<li>Twardy kamie\u0144<\/li>\n<\/ul>","protected":false},"featured_media":1358,"comment_status":"open","ping_status":"closed","template":"","meta":[],"product_brand":[],"product_cat":[22],"product_tag":[186,185,179],"class_list":{"0":"post-829","1":"product","2":"type-product","3":"status-publish","4":"has-post-thumbnail","6":"product_cat-jnats","7":"product_tag-motoyama","8":"product_tag-nishoyama","9":"product_tag-nisshoyama","10":"product_shipping_class-iprastas","12":"first","13":"instock","14":"shipping-taxable","15":"purchasable","16":"product-type-simple"},"_links":{"self":[{"href":"https:\/\/jnats.eu\/pl\/wp-json\/wp\/v2\/product\/829","targetHints":{"allow":["GET"]}}],"collection":[{"href":"https:\/\/jnats.eu\/pl\/wp-json\/wp\/v2\/product"}],"about":[{"href":"https:\/\/jnats.eu\/pl\/wp-json\/wp\/v2\/types\/product"}],"replies":[{"embeddable":true,"href":"https:\/\/jnats.eu\/pl\/wp-json\/wp\/v2\/comments?post=829"}],"wp:featuredmedia":[{"embeddable":true,"href":"https:\/\/jnats.eu\/pl\/wp-json\/wp\/v2\/media\/1358"}],"wp:attachment":[{"href":"https:\/\/jnats.eu\/pl\/wp-json\/wp\/v2\/media?parent=829"}],"wp:term":[{"taxonomy":"product_brand","embeddable":true,"href":"https:\/\/jnats.eu\/pl\/wp-json\/wp\/v2\/product_brand?post=829"},{"taxonomy":"product_cat","embeddable":true,"href":"https:\/\/jnats.eu\/pl\/wp-json\/wp\/v2\/product_cat?post=829"},{"taxonomy":"product_tag","embeddable":true,"href":"https:\/\/jnats.eu\/pl\/wp-json\/wp\/v2\/product_tag?post=829"}],"curies":[{"name":"wp","href":"https:\/\/api.w.org\/{rel}","templated":true}]}}