{"id":833,"date":"2024-03-15T14:37:41","date_gmt":"2024-03-15T12:37:41","guid":{"rendered":"http:\/\/jnats.eu\/?post_type=product&#038;p=833"},"modified":"2024-06-07T19:25:02","modified_gmt":"2024-06-07T16:25:02","slug":"shobudani-kiita-japonska-naturalna-oselka","status":"publish","type":"product","link":"https:\/\/jnats.eu\/pl\/produkt-2\/shobudani-kiita-japonska-naturalna-oselka\/","title":{"rendered":"Japo\u0144ski naturalny kamie\u0144 do ostrzenia Shobudani Kiita"},"content":{"rendered":"<ul class=\"wp-block-list\">\n<li>Nadaje si\u0119 do wyka\u0144czania brzytew, no\u017cy i narz\u0119dzi.<\/li>\n\n\n\n<li>Wymiary: 195x71x21 mm<\/li>\n\n\n\n<li>Waga: 740 g<\/li>\n\n\n\n<li>Twardo\u015b\u0107: Poz. 4,5<\/li>\n\n\n\n<li>Twardy, szybki kamie\u0144, kt\u00f3ry \u0142atwo uwalnia swoje zawieszenie, wi\u0119c nie jest potrzebny gw\u00f3\u017ad\u017a.<\/li>\n\n\n\n<li>Shobudani zajmuje drugie miejsce po Nakayamie w hierarchii japo\u0144skich naturalnych kamieni ostrz\u0105cych i nie ust\u0119puje Nakayamie pod wzgl\u0119dem szybko\u015bci, g\u0142adko\u015bci, delikatno\u015bci i reakcji.<\/li>\n<\/ul>\n\n\n\n<figure class=\"wp-block-embed is-type-video is-provider-youtube wp-block-embed-youtube wp-embed-aspect-16-9 wp-has-aspect-ratio\"><div class=\"wp-block-embed__wrapper\">\n<div class=\"video-container\"><iframe title=\"Awasedo Jnats Ozuku Asagi Okudo Shobudani Kyoto Shinzen\" width=\"1170\" height=\"658\" src=\"https:\/\/www.youtube.com\/embed\/WR-t0Lxs7XY?start=289&#038;feature=oembed\" frameborder=\"0\" allow=\"accelerometer; autoplay; clipboard-write; encrypted-media; gyroscope; picture-in-picture; web-share\" allowfullscreen><\/iframe><\/div>\n<\/div><\/figure>\n\n\n\n<p>G\u0142\u00f3wne zalety naturalnych japo\u0144skich kamieni ostrz\u0105cych:<\/p>\n\n\n\n<ul class=\"wp-block-list\">\n<li>Narz\u0119dzia d\u0142u\u017cej pozostaj\u0105 ostre<\/li>\n\n\n\n<li>Kamienie nie ulegaj\u0105 zanieczyszczeniu odpadami metalowymi<\/li>\n\n\n\n<li>\u0141atwy demonta\u017c zasuwy<\/li>\n\n\n\n<li>Niesamowita reakcja, kt\u00f3ra pozwala dok\u0142adnie poczu\u0107, co dzieje si\u0119 na metalowej powierzchni.<\/li>\n<\/ul>","protected":false},"excerpt":{"rendered":"<ul>\n<li>Nadaje si\u0119 do wyka\u0144czania brzytew, no\u017cy i narz\u0119dzi.<\/li>\n<li>Wymiary: 195x71x21 mm<\/li>\n<li>Waga: 740 g<\/li>\n<li>Twardo\u015b\u0107: Poz. 4,5<\/li>\n<li>Twardy, szybki kamie\u0144, kt\u00f3ry \u0142atwo uwalnia swoje zawieszenie, wi\u0119c nie jest potrzebny gw\u00f3\u017ad\u017a.<\/li>\n<li>Shobudani zajmuje drugie miejsce po Nakayamie w hierarchii japo\u0144skich naturalnych kamieni ostrz\u0105cych i nie ust\u0119puje Nakayamie pod wzgl\u0119dem szybko\u015bci, g\u0142adko\u015bci, delikatno\u015bci i reakcji.<\/li>\n<\/ul>","protected":false},"featured_media":1362,"comment_status":"open","ping_status":"closed","template":"","meta":[],"product_brand":[],"product_cat":[22],"product_tag":[44],"class_list":{"0":"post-833","1":"product","2":"type-product","3":"status-publish","4":"has-post-thumbnail","6":"product_cat-jnats","7":"product_tag-shobudani","8":"product_shipping_class-iprastas","10":"first","11":"outofstock","12":"shipping-taxable","13":"purchasable","14":"product-type-simple"},"_links":{"self":[{"href":"https:\/\/jnats.eu\/pl\/wp-json\/wp\/v2\/product\/833","targetHints":{"allow":["GET"]}}],"collection":[{"href":"https:\/\/jnats.eu\/pl\/wp-json\/wp\/v2\/product"}],"about":[{"href":"https:\/\/jnats.eu\/pl\/wp-json\/wp\/v2\/types\/product"}],"replies":[{"embeddable":true,"href":"https:\/\/jnats.eu\/pl\/wp-json\/wp\/v2\/comments?post=833"}],"wp:featuredmedia":[{"embeddable":true,"href":"https:\/\/jnats.eu\/pl\/wp-json\/wp\/v2\/media\/1362"}],"wp:attachment":[{"href":"https:\/\/jnats.eu\/pl\/wp-json\/wp\/v2\/media?parent=833"}],"wp:term":[{"taxonomy":"product_brand","embeddable":true,"href":"https:\/\/jnats.eu\/pl\/wp-json\/wp\/v2\/product_brand?post=833"},{"taxonomy":"product_cat","embeddable":true,"href":"https:\/\/jnats.eu\/pl\/wp-json\/wp\/v2\/product_cat?post=833"},{"taxonomy":"product_tag","embeddable":true,"href":"https:\/\/jnats.eu\/pl\/wp-json\/wp\/v2\/product_tag?post=833"}],"curies":[{"name":"wp","href":"https:\/\/api.w.org\/{rel}","templated":true}]}}