{"id":850,"date":"2025-03-19T14:04:06","date_gmt":"2025-03-19T12:04:06","guid":{"rendered":"http:\/\/jnats.eu\/?post_type=product&#038;p=850"},"modified":"2025-03-21T09:07:20","modified_gmt":"2025-03-21T07:07:20","slug":"ohira-japoniskas-naturalus-galandimo-akmuo","status":"publish","type":"product","link":"https:\/\/jnats.eu\/pl\/produkt-2\/ohira-japoniskas-naturalus-galandimo-akmuo\/","title":{"rendered":"Ohira Lv 4 Japo\u0144ski naturalny kamie\u0144 do ostrzenia"},"content":{"rendered":"<p><strong>Ohira (\u5927\u5e73, Oohira, Ohirayama)<\/strong><br>Kopalnia zachodnia, s\u0142yn\u0105ca z jako\u015bci Uchigumori i Suita. Chocia\u017c kopalnia nadal jest czasami eksploatowana, coraz trudniej znale\u017a\u0107 nadaj\u0105ce si\u0119 na eksport uchigumori i Ohira suita. Ze wzgl\u0119du na najwy\u017csz\u0105 jako\u015b\u0107 Ohira suita i uchigumori nierzadko zdarza si\u0119, \u017ce kamienie z innych kopalni s\u0105 stemplowane i sprzedawane jako Ohira.<\/p>\n\n\n\n<figure class=\"wp-block-embed is-type-video is-provider-youtube wp-block-embed-youtube wp-embed-aspect-16-9 wp-has-aspect-ratio\"><div class=\"wp-block-embed__wrapper\">\n<div class=\"video-container\"><iframe title=\"Hapstone T2 kontra Jnats: Nisshoyama Suita, Ozuku, Ohira, Karasu, Tomae\" width=\"1170\" height=\"658\" src=\"https:\/\/www.youtube.com\/embed\/HXBtpEUmp3Q?start=827&#038;feature=oembed\" frameborder=\"0\" allow=\"accelerometer; autoplay; clipboard-write; encrypted-media; gyroscope; picture-in-picture; web-share\" referrerpolicy=\"strict-origin-when-cross-origin\" allowfullscreen><\/iframe><\/div>\n<\/div><\/figure>","protected":false},"excerpt":{"rendered":"<p><!-- wp:list --><\/p>\n<ul><!-- wp:list-item --><\/p>\n<li>Nadaje si\u0119 do wyka\u0144czania no\u017cy i innych narz\u0119dzi.<\/li>\n<p><!-- \/wp:list-item --><\/p>\n<p><!-- wp:list-item --><\/p>\n<li>Wymiary: 220x84x46 mm<\/li>\n<p><!-- \/wp:list-item --><\/p>\n<p><!-- wp:list-item --><\/p>\n<li>Waga ze stojakiem: 2260 g<\/li>\n<p><!-- \/wp:list-item --><\/p>\n<p><!-- wp:list-item --><\/p>\n<li>Twardo\u015b\u0107: Poziom 4<\/li>\n<p><!-- \/wp:list-item --><\/ul>\n<p><!-- \/wp:list --><\/p>\n<ul><!-- \/wp:list-item --><\/ul>\n<p><!-- \/wp:list --><\/p>","protected":false},"featured_media":4156,"comment_status":"open","ping_status":"closed","template":"","meta":[],"product_brand":[],"product_cat":[22],"product_tag":[47],"class_list":{"0":"post-850","1":"product","2":"type-product","3":"status-publish","4":"has-post-thumbnail","6":"product_cat-jnats","7":"product_tag-ohira","8":"product_shipping_class-iprastas","10":"first","11":"instock","12":"shipping-taxable","13":"purchasable","14":"product-type-simple"},"_links":{"self":[{"href":"https:\/\/jnats.eu\/pl\/wp-json\/wp\/v2\/product\/850","targetHints":{"allow":["GET"]}}],"collection":[{"href":"https:\/\/jnats.eu\/pl\/wp-json\/wp\/v2\/product"}],"about":[{"href":"https:\/\/jnats.eu\/pl\/wp-json\/wp\/v2\/types\/product"}],"replies":[{"embeddable":true,"href":"https:\/\/jnats.eu\/pl\/wp-json\/wp\/v2\/comments?post=850"}],"wp:featuredmedia":[{"embeddable":true,"href":"https:\/\/jnats.eu\/pl\/wp-json\/wp\/v2\/media\/4156"}],"wp:attachment":[{"href":"https:\/\/jnats.eu\/pl\/wp-json\/wp\/v2\/media?parent=850"}],"wp:term":[{"taxonomy":"product_brand","embeddable":true,"href":"https:\/\/jnats.eu\/pl\/wp-json\/wp\/v2\/product_brand?post=850"},{"taxonomy":"product_cat","embeddable":true,"href":"https:\/\/jnats.eu\/pl\/wp-json\/wp\/v2\/product_cat?post=850"},{"taxonomy":"product_tag","embeddable":true,"href":"https:\/\/jnats.eu\/pl\/wp-json\/wp\/v2\/product_tag?post=850"}],"curies":[{"name":"wp","href":"https:\/\/api.w.org\/{rel}","templated":true}]}}