{"id":855,"date":"2024-03-16T10:16:58","date_gmt":"2024-03-16T08:16:58","guid":{"rendered":"http:\/\/jnats.eu\/?post_type=product&#038;p=855"},"modified":"2025-04-09T14:33:27","modified_gmt":"2025-04-09T11:33:27","slug":"japonski-naturalny-kamien-do-ostrzenia-nakayama-awasedo","status":"publish","type":"product","link":"https:\/\/jnats.eu\/pl\/produkt-2\/japonski-naturalny-kamien-do-ostrzenia-nakayama-awasedo\/","title":{"rendered":"Japo\u0144ski naturalny kamie\u0144 do ostrzenia Nakayama Awasedo"},"content":{"rendered":"<ul class=\"wp-block-list\">\n<li>Nadaje si\u0119 do wyka\u0144czania brzytew, no\u017cy i narz\u0119dzi.<\/li>\n\n\n\n<li>Wymiary: 198x72x27 mm<\/li>\n\n\n\n<li>Waga z podstawk\u0105: 1090 g<\/li>\n\n\n\n<li>Wytrzyma\u0142o\u015b\u0107: Poz. 5+<\/li>\n\n\n\n<li>Bardzo twardy kamie\u0144. Prac\u0119 mo\u017cna przyspieszy\u0107 za pomoc\u0105 gwo\u017adzia lub diamentowej p\u0142ytki.<\/li>\n\n\n\n<li>Kamie\u0144 do ostrzenia wydobywany w g\u00f3rach Nakayama jest najbardziej ceniony w\u015br\u00f3d entuzjast\u00f3w i profesjonalist\u00f3w. W hierarchii japo\u0144skich naturalnych kamieni do ostrzenia, Nakayama plasuje si\u0119 na szczycie pod wzgl\u0119dem wszystkich cech: szybko\u015bci, g\u0142adko\u015bci, delikatno\u015bci i reakcji.<\/li>\n<\/ul>\n\n\n\n<p>G\u0142\u00f3wne zalety naturalnych japo\u0144skich kamieni ostrz\u0105cych:<\/p>\n\n\n\n<ul class=\"wp-block-list\">\n<li>Narz\u0119dzia d\u0142u\u017cej pozostaj\u0105 ostre<\/li>\n\n\n\n<li>Kamienie nie ulegaj\u0105 zanieczyszczeniu odpadami metalowymi<\/li>\n\n\n\n<li>\u0141atwy demonta\u017c zasuwy<\/li>\n\n\n\n<li>Niesamowita reakcja, kt\u00f3ra pozwala dok\u0142adnie poczu\u0107, co dzieje si\u0119 na metalowej powierzchni.<\/li>\n<\/ul>\n\n\n\n<figure class=\"wp-block-embed is-type-video is-provider-youtube wp-block-embed-youtube wp-embed-aspect-16-9 wp-has-aspect-ratio\"><div class=\"wp-block-embed__wrapper\">\n<div class=\"video-container\"><iframe title=\"Nowe Kinmoji Kamisori Nakayama Awasedo\" width=\"1170\" height=\"658\" src=\"https:\/\/www.youtube.com\/embed\/SQeigg5Fprs?feature=oembed\" frameborder=\"0\" allow=\"accelerometer; autoplay; clipboard-write; encrypted-media; gyroscope; picture-in-picture; web-share\" referrerpolicy=\"strict-origin-when-cross-origin\" allowfullscreen><\/iframe><\/div>\n<\/div><\/figure>","protected":false},"excerpt":{"rendered":"<ul>\n<li>Nadaje si\u0119 do wyka\u0144czania brzytew, no\u017cy i narz\u0119dzi.<\/li>\n<li>Wymiary: 198x72x27 mm<\/li>\n<li>Waga z podstawk\u0105: 1090 g<\/li>\n<li>Wytrzyma\u0142o\u015b\u0107: Poz. 5+<\/li>\n<li>Bardzo twardy kamie\u0144. Prac\u0119 mo\u017cna przyspieszy\u0107 za pomoc\u0105 gwo\u017adzia lub diamentowej p\u0142ytki.<\/li>\n<li>Kamie\u0144 do ostrzenia wydobywany w g\u00f3rach Nakayama jest najbardziej ceniony w\u015br\u00f3d entuzjast\u00f3w i profesjonalist\u00f3w. W hierarchii japo\u0144skich naturalnych kamieni do ostrzenia, Nakayama plasuje si\u0119 na szczycie pod wzgl\u0119dem wszystkich cech: szybko\u015bci, g\u0142adko\u015bci, delikatno\u015bci i reakcji.<\/li>\n<\/ul>","protected":false},"featured_media":1292,"comment_status":"open","ping_status":"closed","template":"","meta":[],"product_brand":[],"product_cat":[22],"product_tag":[40,49],"class_list":{"0":"post-855","1":"product","2":"type-product","3":"status-publish","4":"has-post-thumbnail","6":"product_cat-jnats","7":"product_tag-awasedo","8":"product_tag-nakayama","9":"product_shipping_class-iprastas","11":"first","12":"outofstock","13":"sale","14":"shipping-taxable","15":"purchasable","16":"product-type-simple"},"_links":{"self":[{"href":"https:\/\/jnats.eu\/pl\/wp-json\/wp\/v2\/product\/855","targetHints":{"allow":["GET"]}}],"collection":[{"href":"https:\/\/jnats.eu\/pl\/wp-json\/wp\/v2\/product"}],"about":[{"href":"https:\/\/jnats.eu\/pl\/wp-json\/wp\/v2\/types\/product"}],"replies":[{"embeddable":true,"href":"https:\/\/jnats.eu\/pl\/wp-json\/wp\/v2\/comments?post=855"}],"wp:featuredmedia":[{"embeddable":true,"href":"https:\/\/jnats.eu\/pl\/wp-json\/wp\/v2\/media\/1292"}],"wp:attachment":[{"href":"https:\/\/jnats.eu\/pl\/wp-json\/wp\/v2\/media?parent=855"}],"wp:term":[{"taxonomy":"product_brand","embeddable":true,"href":"https:\/\/jnats.eu\/pl\/wp-json\/wp\/v2\/product_brand?post=855"},{"taxonomy":"product_cat","embeddable":true,"href":"https:\/\/jnats.eu\/pl\/wp-json\/wp\/v2\/product_cat?post=855"},{"taxonomy":"product_tag","embeddable":true,"href":"https:\/\/jnats.eu\/pl\/wp-json\/wp\/v2\/product_tag?post=855"}],"curies":[{"name":"wp","href":"https:\/\/api.w.org\/{rel}","templated":true}]}}