{"id":870,"date":"2024-03-16T10:41:10","date_gmt":"2024-03-16T08:41:10","guid":{"rendered":"http:\/\/jnats.eu\/?post_type=product&#038;p=870"},"modified":"2024-11-28T23:41:07","modified_gmt":"2024-11-28T21:41:07","slug":"aiwatani-japonski-naturalny-kamien-ostrzacy-2","status":"publish","type":"product","link":"https:\/\/jnats.eu\/pl\/produkt-2\/aiwatani-japonski-naturalny-kamien-ostrzacy-2\/","title":{"rendered":"Japo\u0144ski naturalny kamie\u0144 do ostrzenia Aiwatani"},"content":{"rendered":"<ul class=\"wp-block-list\">\n<li>Nadaje si\u0119 do wyka\u0144czania no\u017cy i narz\u0119dzi. Prefinish do maszynek do golenia.<\/li>\n\n\n\n<li>Wymiary: 220x81x38 mm<\/li>\n\n\n\n<li>Waga z podstawk\u0105: 1890 g<\/li>\n\n\n\n<li>Twardo\u015b\u0107: Lv 3.7<\/li>\n\n\n\n<li>Lakierowane boki i podstawa<\/li>\n<\/ul>\n\n\n\n<p><strong>G\u0142\u00f3wne zalety naturalnych japo\u0144skich kamieni ostrz\u0105cych:<\/strong><\/p>\n\n\n\n<ul class=\"wp-block-list\">\n<li>Narz\u0119dzia d\u0142u\u017cej pozostaj\u0105 ostre<\/li>\n\n\n\n<li>Kamienie nie ulegaj\u0105 zanieczyszczeniu odpadami metalowymi<\/li>\n\n\n\n<li>\u0141atwy demonta\u017c zasuwy<\/li>\n\n\n\n<li>Niesamowita reakcja, kt\u00f3ra pozwala dok\u0142adnie poczu\u0107, co dzieje si\u0119 na metalowej powierzchni.<\/li>\n<\/ul>\n\n\n\n<figure class=\"wp-block-embed is-type-video is-provider-youtube wp-block-embed-youtube wp-embed-aspect-16-9 wp-has-aspect-ratio\"><div class=\"wp-block-embed__wrapper\">\n<div class=\"video-container\"><iframe title=\"Nakayama Awasedo, Ohira, Shobudani Jnats\" width=\"1170\" height=\"658\" src=\"https:\/\/www.youtube.com\/embed\/lP9TjJLP2BI?feature=oembed\" frameborder=\"0\" allow=\"accelerometer; autoplay; clipboard-write; encrypted-media; gyroscope; picture-in-picture; web-share\" referrerpolicy=\"strict-origin-when-cross-origin\" allowfullscreen><\/iframe><\/div>\n<\/div><\/figure>","protected":false},"excerpt":{"rendered":"<p><!-- wp:list --><\/p>\n<ul><!-- wp:list-item --><\/p>\n<li>Nadaje si\u0119 do wyka\u0144czania no\u017cy i narz\u0119dzi. Prefinish do maszynek do golenia.<\/li>\n<p><!-- \/wp:list-item --><\/p>\n<p><!-- wp:list-item --><\/p>\n<li>Wymiary: 220x81x38 mm<\/li>\n<p><!-- \/wp:list-item --><\/p>\n<p><!-- wp:list-item --><\/p>\n<li>Waga z podstawk\u0105: 1890 g<\/li>\n<p><!-- \/wp:list-item --><\/p>\n<p><!-- wp:list-item --><\/p>\n<li>Twardo\u015b\u0107: Lv 3.7<\/li>\n<li>\u0141atwo zwalnia zawieszenie.<\/li>\n<\/ul>","protected":false},"featured_media":1275,"comment_status":"open","ping_status":"closed","template":"","meta":[],"product_brand":[],"product_cat":[22],"product_tag":[65],"class_list":{"0":"post-870","1":"product","2":"type-product","3":"status-publish","4":"has-post-thumbnail","6":"product_cat-jnats","7":"product_tag-aiwatani","8":"product_shipping_class-iprastas","10":"first","11":"outofstock","12":"shipping-taxable","13":"purchasable","14":"product-type-simple"},"_links":{"self":[{"href":"https:\/\/jnats.eu\/pl\/wp-json\/wp\/v2\/product\/870","targetHints":{"allow":["GET"]}}],"collection":[{"href":"https:\/\/jnats.eu\/pl\/wp-json\/wp\/v2\/product"}],"about":[{"href":"https:\/\/jnats.eu\/pl\/wp-json\/wp\/v2\/types\/product"}],"replies":[{"embeddable":true,"href":"https:\/\/jnats.eu\/pl\/wp-json\/wp\/v2\/comments?post=870"}],"wp:featuredmedia":[{"embeddable":true,"href":"https:\/\/jnats.eu\/pl\/wp-json\/wp\/v2\/media\/1275"}],"wp:attachment":[{"href":"https:\/\/jnats.eu\/pl\/wp-json\/wp\/v2\/media?parent=870"}],"wp:term":[{"taxonomy":"product_brand","embeddable":true,"href":"https:\/\/jnats.eu\/pl\/wp-json\/wp\/v2\/product_brand?post=870"},{"taxonomy":"product_cat","embeddable":true,"href":"https:\/\/jnats.eu\/pl\/wp-json\/wp\/v2\/product_cat?post=870"},{"taxonomy":"product_tag","embeddable":true,"href":"https:\/\/jnats.eu\/pl\/wp-json\/wp\/v2\/product_tag?post=870"}],"curies":[{"name":"wp","href":"https:\/\/api.w.org\/{rel}","templated":true}]}}