{"id":890,"date":"2025-07-21T10:14:52","date_gmt":"2025-07-21T07:14:52","guid":{"rendered":"http:\/\/jnats.eu\/?post_type=product&#038;p=890"},"modified":"2026-04-11T15:57:19","modified_gmt":"2026-04-11T12:57:19","slug":"yamamoto-kinsei","status":"publish","type":"product","link":"https:\/\/jnats.eu\/pl\/produkt-2\/yamamoto-kinsei\/","title":{"rendered":"Kamisori NOS nieu\u017cywany z pude\u0142kiem"},"content":{"rendered":"<p>Jako\u015b\u0107 stali jest testowana fabrycznie, a \"smak\" golenia jest absolutnie gwarantowany.<\/p>\n\n\n\n<figure class=\"wp-block-embed is-type-video is-provider-youtube wp-block-embed-youtube wp-embed-aspect-16-9 wp-has-aspect-ratio\"><div class=\"wp-block-embed__wrapper\">\n<div class=\"video-container\"><iframe title=\"Kamisori NOS\" width=\"1170\" height=\"658\" src=\"https:\/\/www.youtube.com\/embed\/2Guriafp9sk?feature=oembed\" frameborder=\"0\" allow=\"accelerometer; autoplay; clipboard-write; encrypted-media; gyroscope; picture-in-picture; web-share\" referrerpolicy=\"strict-origin-when-cross-origin\" allowfullscreen><\/iframe><\/div>\n<\/div><\/figure>","protected":false},"excerpt":{"rendered":"<ul>\n<li>D\u0142ugo\u015b\u0107 ca\u0142kowita 144 mm<\/li>\n<li>Ostrze 45x16x5 mm<\/li>\n<li>Waga 29 g<\/li>\n<li>NOS (New old stock) nieu\u017cywany z kartonowym pude\u0142kiem<\/li>\n<li>Skrzynki nr 1 i 3 bez pokrywy<\/li>\n<\/ul>","protected":false},"featured_media":5005,"comment_status":"open","ping_status":"closed","template":"","meta":[],"product_brand":[],"product_cat":[23],"product_tag":[25,199],"class_list":{"0":"post-890","1":"product","2":"type-product","3":"status-publish","4":"has-post-thumbnail","6":"product_cat-razors","7":"product_tag-kamisori","8":"product_tag-yamamoto-kinsei","9":"product_shipping_class-light","11":"first","12":"instock","13":"shipping-taxable","14":"product-type-variable"},"_links":{"self":[{"href":"https:\/\/jnats.eu\/pl\/wp-json\/wp\/v2\/product\/890","targetHints":{"allow":["GET"]}}],"collection":[{"href":"https:\/\/jnats.eu\/pl\/wp-json\/wp\/v2\/product"}],"about":[{"href":"https:\/\/jnats.eu\/pl\/wp-json\/wp\/v2\/types\/product"}],"replies":[{"embeddable":true,"href":"https:\/\/jnats.eu\/pl\/wp-json\/wp\/v2\/comments?post=890"}],"wp:featuredmedia":[{"embeddable":true,"href":"https:\/\/jnats.eu\/pl\/wp-json\/wp\/v2\/media\/5005"}],"wp:attachment":[{"href":"https:\/\/jnats.eu\/pl\/wp-json\/wp\/v2\/media?parent=890"}],"wp:term":[{"taxonomy":"product_brand","embeddable":true,"href":"https:\/\/jnats.eu\/pl\/wp-json\/wp\/v2\/product_brand?post=890"},{"taxonomy":"product_cat","embeddable":true,"href":"https:\/\/jnats.eu\/pl\/wp-json\/wp\/v2\/product_cat?post=890"},{"taxonomy":"product_tag","embeddable":true,"href":"https:\/\/jnats.eu\/pl\/wp-json\/wp\/v2\/product_tag?post=890"}],"curies":[{"name":"wp","href":"https:\/\/api.w.org\/{rel}","templated":true}]}}