{"id":4393,"date":"2025-04-15T11:06:23","date_gmt":"2025-04-15T08:06:23","guid":{"rendered":"https:\/\/jnats.eu\/?page_id=4393"},"modified":"2025-04-15T11:14:24","modified_gmt":"2025-04-15T08:14:24","slug":"apie-mus","status":"publish","type":"page","link":"https:\/\/jnats.eu\/pt\/apie-mus\/","title":{"rendered":"Sobre n\u00f3s"},"content":{"rendered":"<p><strong>JNATS.eu<\/strong> - um lugar onde a paix\u00e3o pela afia\u00e7\u00e3o e o respeito pelo artesanato japon\u00eas se encontram. Somos entusiastas de pedras de afiar japonesas naturais que est\u00e3o cansados de comprar \"gato num saco\". Em muitas lojas online, as descri\u00e7\u00f5es das pedras s\u00e3o vagas, a informa\u00e7\u00e3o \u00e9 escassa e o resultado final \u00e9 frequentemente dececionante.<\/p>\n\n\n\n<p>Decidimos mudar isso. N\u00f3s pr\u00f3prios testamos todas as pedras que oferecemos na nossa loja - e n\u00e3o s\u00e3o apenas palavras. Juntamente com cada produto, encontrar\u00e1 v\u00eddeos reais que demonstram as propriedades da pedra, a sensa\u00e7\u00e3o de afia\u00e7\u00e3o, os resultados e a experi\u00eancia.<\/p>\n\n\n\n<p>O nosso objetivo \u00e9 criar um espa\u00e7o transparente, informativo e amigo dos entusiastas, onde todos possam comprar exatamente o que procuram - sem incertezas, apenas valor real. Se se preocupa com a qualidade, o trabalho artesanal e a clareza, est\u00e1 no s\u00edtio certo.<\/p>\n\n\n\n<figure class=\"wp-block-image size-large\"><img decoding=\"async\" width=\"1024\" height=\"768\" src=\"https:\/\/jnats.eu\/wp-content\/uploads\/2024\/04\/Nakayama-Kiita-Karasu-Maruka-2-1024x768.webp\" alt=\"\" class=\"wp-image-2253\" srcset=\"https:\/\/jnats.eu\/wp-content\/uploads\/2024\/04\/Nakayama-Kiita-Karasu-Maruka-2-1024x768.webp 1024w, https:\/\/jnats.eu\/wp-content\/uploads\/2024\/04\/Nakayama-Kiita-Karasu-Maruka-2-300x225.webp 300w, https:\/\/jnats.eu\/wp-content\/uploads\/2024\/04\/Nakayama-Kiita-Karasu-Maruka-2-768x576.webp 768w, https:\/\/jnats.eu\/wp-content\/uploads\/2024\/04\/Nakayama-Kiita-Karasu-Maruka-2-1536x1152.webp 1536w, https:\/\/jnats.eu\/wp-content\/uploads\/2024\/04\/Nakayama-Kiita-Karasu-Maruka-2-16x12.webp 16w, https:\/\/jnats.eu\/wp-content\/uploads\/2024\/04\/Nakayama-Kiita-Karasu-Maruka-2-990x743.webp 990w, https:\/\/jnats.eu\/wp-content\/uploads\/2024\/04\/Nakayama-Kiita-Karasu-Maruka-2-441x331.webp 441w, https:\/\/jnats.eu\/wp-content\/uploads\/2024\/04\/Nakayama-Kiita-Karasu-Maruka-2-600x450.webp 600w, https:\/\/jnats.eu\/wp-content\/uploads\/2024\/04\/Nakayama-Kiita-Karasu-Maruka-2-150x113.webp 150w, https:\/\/jnats.eu\/wp-content\/uploads\/2024\/04\/Nakayama-Kiita-Karasu-Maruka-2.webp 2000w\" sizes=\"(max-width: 1024px) 100vw, 1024px\" \/><\/figure>","protected":false},"excerpt":{"rendered":"<p>JNATS.eu \u00e9 o local onde a paix\u00e3o pela afia\u00e7\u00e3o e o respeito pelo artesanato japon\u00eas se encontram. Somos entusiastas de pedras de afiar japonesas naturais que est\u00e3o cansados de comprar \"gato num saco\". Em muitas lojas online, as descri\u00e7\u00f5es das pedras s\u00e3o vagas, a informa\u00e7\u00e3o \u00e9 escassa e o resultado final \u00e9 frequentemente dececionante. N\u00f3s decidimos mudar isso. N\u00f3s pr\u00f3prios testamos todas as pedras que oferecemos na nossa loja - e n\u00e3o se trata apenas de palavras. [...]<\/p>","protected":false},"author":1,"featured_media":2253,"parent":0,"menu_order":0,"comment_status":"closed","ping_status":"closed","template":"","meta":{"footnotes":""},"class_list":["post-4393","page","type-page","status-publish","has-post-thumbnail","hentry"],"_links":{"self":[{"href":"https:\/\/jnats.eu\/pt\/wp-json\/wp\/v2\/pages\/4393","targetHints":{"allow":["GET"]}}],"collection":[{"href":"https:\/\/jnats.eu\/pt\/wp-json\/wp\/v2\/pages"}],"about":[{"href":"https:\/\/jnats.eu\/pt\/wp-json\/wp\/v2\/types\/page"}],"author":[{"embeddable":true,"href":"https:\/\/jnats.eu\/pt\/wp-json\/wp\/v2\/users\/1"}],"replies":[{"embeddable":true,"href":"https:\/\/jnats.eu\/pt\/wp-json\/wp\/v2\/comments?post=4393"}],"version-history":[{"count":2,"href":"https:\/\/jnats.eu\/pt\/wp-json\/wp\/v2\/pages\/4393\/revisions"}],"predecessor-version":[{"id":4396,"href":"https:\/\/jnats.eu\/pt\/wp-json\/wp\/v2\/pages\/4393\/revisions\/4396"}],"wp:featuredmedia":[{"embeddable":true,"href":"https:\/\/jnats.eu\/pt\/wp-json\/wp\/v2\/media\/2253"}],"wp:attachment":[{"href":"https:\/\/jnats.eu\/pt\/wp-json\/wp\/v2\/media?parent=4393"}],"curies":[{"name":"wp","href":"https:\/\/api.w.org\/{rel}","templated":true}]}}